{"id":10529,"date":"2025-06-09T14:34:36","date_gmt":"2025-06-09T18:34:36","guid":{"rendered":"https:\/\/spa-quebec.ca\/ancien-site\/?page_id=10529"},"modified":"2025-06-12T10:54:24","modified_gmt":"2025-06-12T14:54:24","slug":"aga-2025","status":"publish","type":"page","link":"https:\/\/spa-quebec.ca\/ancien-site\/aga-2025\/","title":{"rendered":"ASSEMBL\u00c9E G\u00c9N\u00c9RALE 2025"},"content":{"rendered":"<style type=\"text\/css\"><\/style><p><img loading=\"lazy\" decoding=\"async\" class=\"alignnone wp-image-10533 size-full\" src=\"https:\/\/spa-quebec.ca\/ancien-site\/wp-content\/uploads\/2025\/06\/AGA-2.png\" alt=\"\" width=\"851\" height=\"315\" srcset=\"https:\/\/spa-quebec.ca\/ancien-site\/wp-content\/uploads\/2025\/06\/AGA-2.png 851w, https:\/\/spa-quebec.ca\/ancien-site\/wp-content\/uploads\/2025\/06\/AGA-2-300x111.png 300w, https:\/\/spa-quebec.ca\/ancien-site\/wp-content\/uploads\/2025\/06\/AGA-2-768x284.png 768w, https:\/\/spa-quebec.ca\/ancien-site\/wp-content\/uploads\/2025\/06\/AGA-2-580x215.png 580w, https:\/\/spa-quebec.ca\/ancien-site\/wp-content\/uploads\/2025\/06\/AGA-2-820x304.png 820w\" sizes=\"auto, (max-width: 851px) 100vw, 851px\" \/><\/p>\n<p><img loading=\"lazy\" decoding=\"async\" class=\"alignnone wp-image-10534 \" src=\"https:\/\/spa-quebec.ca\/ancien-site\/wp-content\/uploads\/2025\/06\/AGA-3-300x52.png\" alt=\"\" width=\"208\" height=\"36\" srcset=\"https:\/\/spa-quebec.ca\/ancien-site\/wp-content\/uploads\/2025\/06\/AGA-3-300x52.png 300w, https:\/\/spa-quebec.ca\/ancien-site\/wp-content\/uploads\/2025\/06\/AGA-3-1024x179.png 1024w, https:\/\/spa-quebec.ca\/ancien-site\/wp-content\/uploads\/2025\/06\/AGA-3-768x134.png 768w, https:\/\/spa-quebec.ca\/ancien-site\/wp-content\/uploads\/2025\/06\/AGA-3-580x101.png 580w, https:\/\/spa-quebec.ca\/ancien-site\/wp-content\/uploads\/2025\/06\/AGA-3-820x143.png 820w, https:\/\/spa-quebec.ca\/ancien-site\/wp-content\/uploads\/2025\/06\/AGA-3.png 1107w\" sizes=\"auto, (max-width: 208px) 100vw, 208px\" \/><\/p>\n<ul>\n<li>Jeudi 19 juin de 19 h \u00e0 19 h 45<\/li>\n<li>3075, boulevard Wilfrid-Hamel, bureau 229, Qu\u00e9bec (QC) G1P 4C6<\/li>\n<\/ul>\n<p><img loading=\"lazy\" decoding=\"async\" class=\"alignnone wp-image-10536 \" src=\"https:\/\/spa-quebec.ca\/ancien-site\/wp-content\/uploads\/2025\/06\/4-1-300x52.png\" alt=\"\" width=\"208\" height=\"36\" srcset=\"https:\/\/spa-quebec.ca\/ancien-site\/wp-content\/uploads\/2025\/06\/4-1-300x52.png 300w, https:\/\/spa-quebec.ca\/ancien-site\/wp-content\/uploads\/2025\/06\/4-1-1024x179.png 1024w, https:\/\/spa-quebec.ca\/ancien-site\/wp-content\/uploads\/2025\/06\/4-1-768x134.png 768w, https:\/\/spa-quebec.ca\/ancien-site\/wp-content\/uploads\/2025\/06\/4-1-580x101.png 580w, https:\/\/spa-quebec.ca\/ancien-site\/wp-content\/uploads\/2025\/06\/4-1-820x143.png 820w, https:\/\/spa-quebec.ca\/ancien-site\/wp-content\/uploads\/2025\/06\/4-1.png 1107w\" sizes=\"auto, (max-width: 208px) 100vw, 208px\" \/><\/p>\n<p><a href=\"https:\/\/spa-quebec.ca\/ancien-site\/wp-content\/uploads\/2025\/06\/2025-AGA_Rapport-election.pdf\">Rapport d&rsquo;\u00e9lections<\/a><\/p>\n<p><a href=\"https:\/\/spa-quebec.ca\/ancien-site\/wp-content\/uploads\/2025\/06\/2025-SPAdeQc_AGA_ODJ_19.06.2025-1.pdf\">Ordre du jour<\/a><\/p>\n<p>Rapport Annuel 2024 &#8211; \u00e0 venir<\/p>\n<p><img loading=\"lazy\" decoding=\"async\" class=\"alignnone wp-image-10537 \" src=\"https:\/\/spa-quebec.ca\/ancien-site\/wp-content\/uploads\/2025\/06\/5-300x52.png\" alt=\"\" width=\"196\" height=\"34\" srcset=\"https:\/\/spa-quebec.ca\/ancien-site\/wp-content\/uploads\/2025\/06\/5-300x52.png 300w, https:\/\/spa-quebec.ca\/ancien-site\/wp-content\/uploads\/2025\/06\/5-1024x179.png 1024w, https:\/\/spa-quebec.ca\/ancien-site\/wp-content\/uploads\/2025\/06\/5-768x134.png 768w, https:\/\/spa-quebec.ca\/ancien-site\/wp-content\/uploads\/2025\/06\/5-580x101.png 580w, https:\/\/spa-quebec.ca\/ancien-site\/wp-content\/uploads\/2025\/06\/5-820x143.png 820w, https:\/\/spa-quebec.ca\/ancien-site\/wp-content\/uploads\/2025\/06\/5.png 1107w\" sizes=\"auto, (max-width: 196px) 100vw, 196px\" \/><\/p>\n<p>N\u2019h\u00e9sitez pas \u00e0 nous contacter au <strong><a href=\"mailto:ca@spadequebec.ca\">ca@spadequebec.ca<\/a> <\/strong>pour toute question relative \u00e0 l\u2019AGA.<\/p>\n<section id=\"middle\">\n<div class=\"middle_inner\">\n<div class=\"cl\"><\/div>\n<\/div>\n<\/section>\n","protected":false},"excerpt":{"rendered":"<p>Jeudi 19 juin de 19 h \u00e0 19 h 45 3075, boulevard Wilfrid-Hamel, bureau 229, Qu\u00e9bec (QC) G1P 4C6 Rapport d&rsquo;\u00e9lections Ordre du jour Rapport Annuel 2024 &#8211; \u00e0 venir N\u2019h\u00e9sitez pas \u00e0 nous contacter au ca@spadequebec.ca pour toute question relative \u00e0 l\u2019AGA.<\/p>\n","protected":false},"author":21,"featured_media":0,"parent":0,"menu_order":0,"comment_status":"closed","ping_status":"closed","template":"","meta":{"_acf_changed":false,"footnotes":""},"class_list":["post-10529","page","type-page","status-publish","hentry"],"acf":[],"_links":{"self":[{"href":"https:\/\/spa-quebec.ca\/ancien-site\/wp-json\/wp\/v2\/pages\/10529","targetHints":{"allow":["GET"]}}],"collection":[{"href":"https:\/\/spa-quebec.ca\/ancien-site\/wp-json\/wp\/v2\/pages"}],"about":[{"href":"https:\/\/spa-quebec.ca\/ancien-site\/wp-json\/wp\/v2\/types\/page"}],"author":[{"embeddable":true,"href":"https:\/\/spa-quebec.ca\/ancien-site\/wp-json\/wp\/v2\/users\/21"}],"replies":[{"embeddable":true,"href":"https:\/\/spa-quebec.ca\/ancien-site\/wp-json\/wp\/v2\/comments?post=10529"}],"version-history":[{"count":12,"href":"https:\/\/spa-quebec.ca\/ancien-site\/wp-json\/wp\/v2\/pages\/10529\/revisions"}],"predecessor-version":[{"id":10552,"href":"https:\/\/spa-quebec.ca\/ancien-site\/wp-json\/wp\/v2\/pages\/10529\/revisions\/10552"}],"wp:attachment":[{"href":"https:\/\/spa-quebec.ca\/ancien-site\/wp-json\/wp\/v2\/media?parent=10529"}],"curies":[{"name":"wp","href":"https:\/\/api.w.org\/{rel}","templated":true}]}}