{"id":10665,"date":"2025-09-24T13:57:07","date_gmt":"2025-09-24T17:57:07","guid":{"rendered":"https:\/\/spa-quebec.ca\/ancien-site\/?page_id=10665"},"modified":"2025-09-24T14:07:08","modified_gmt":"2025-09-24T18:07:08","slug":"conseiller-ere-en-ressources-humaines","status":"publish","type":"page","link":"https:\/\/spa-quebec.ca\/ancien-site\/conseiller-ere-en-ressources-humaines\/","title":{"rendered":"Conseiller.\u00e8re en ressources humaines"},"content":{"rendered":"<style type=\"text\/css\"> \n#cmsms_row_69e1435204da5 .cmsms_row_outer_parent { \n\tpadding-top: 0px; \n} \n\n#cmsms_row_69e1435204da5 .cmsms_row_outer_parent { \n\tpadding-bottom: 50px; \n} \n\n \n#cmsms_divider_69e1435205073 { \n\tborder-bottom-width:1px; \n\tborder-bottom-style:solid; \n\tpadding-top:50px; \n\tmargin-bottom:50px; \n} \n\n\t\t\t\t#cmsms_gallery_69e1435205088 .cmsms_gallery {\n\t\t\t\t\tmargin:0 0 0 -10px;\n\t\t\t\t}\n\t\t\t\t\n\t\t\t\t#cmsms_gallery_69e1435205088 .cmsms_gallery .cmsms_gallery_item {\n\t\t\t\t\tpadding:0 0 10px 10px;\n\t\t\t\t}\n\t\t\t<\/style><div id=\"cmsms_row_69e14352042f6\" class=\"cmsms_row cmsms_color_scheme_default\">\n<div class=\"cmsms_row_outer_parent\">\n<div class=\"cmsms_row_outer\">\n<div class=\"cmsms_row_inner\">\n<div class=\"cmsms_row_margin\">\n<div class=\"cmsms_column one_half\">\n<div class=\"cmsms_text\">\n<h3><img loading=\"lazy\" decoding=\"async\" class=\"alignnone size-medium wp-image-10367\" src=\"https:\/\/spa-quebec.ca\/ancien-site\/wp-content\/uploads\/2025\/04\/image-300x170.png\" alt=\"\" width=\"300\" height=\"170\" srcset=\"https:\/\/spa-quebec.ca\/ancien-site\/wp-content\/uploads\/2025\/04\/image-300x170.png 300w, https:\/\/spa-quebec.ca\/ancien-site\/wp-content\/uploads\/2025\/04\/image.png 324w\" sizes=\"auto, (max-width: 300px) 100vw, 300px\" \/><\/h3>\n<p style=\"font-weight: 400;\">OFFRE D\u2019EMPLOI \u2013 CONSEILLIER.\u00c8RE EN RESSOURCES HUMAINES<strong>\u00a0<\/strong><\/p>\n<p style=\"font-weight: 400;\">Depuis 150\u00a0ans, <strong>la Soci\u00e9t\u00e9 protectrice des animaux de Qu\u00e9bec<\/strong>, situ\u00e9e au c\u0153ur de la Capitale-Nationale, am\u00e9liore la qualit\u00e9 de vie des animaux domestiques en contribuant \u00e0 leur sant\u00e9, leur bien-\u00eatre et leur s\u00e9curit\u00e9, et ce, en sensibilisant la population \u00e0 l\u2019importance de la vie animale.<\/p>\n<p style=\"font-weight: 400;\">Nous sommes pr\u00e9sentement \u00e0 la recherche de la personne id\u00e9ale pour occuper un poste cl\u00e9 au sein de notre organisation. Relevant de la directrice g\u00e9n\u00e9rale, <strong>le conseiller ou la conseill\u00e8re en ressources humaines jouera un r\u00f4le strat\u00e9gique<\/strong> dans la gestion et l\u2019\u00e9volution des ressources humaines en assurant des pratiques align\u00e9es sur les objectifs et les orientations de l\u2019organisation. Au-del\u00e0 de l\u2019application des politiques, cette personne accompagnera les gestionnaires et les employ\u00e9s.\u00e9es au quotidien tout en optimisant les processus RH pour cr\u00e9er un environnement de travail structur\u00e9, humain et propice \u00e0 l\u2019\u00e9panouissement.<\/p>\n<\/div>\n<\/div>\n<div class=\"cmsms_column one_half\">\n<div class=\"content_slider_wrap\" style=\"max-width:300px;\">\n<script type=\"text\/javascript\">jQuery(document).ready(function () { jQuery(\"#cmsms_slider_69e14352044fe.content_slider\").owlCarousel( { singleItem : true, transitionStyle: false, rewindSpeed : 1000, slideSpeed : 600, autoHeight : true, paginationSpeed : \t600, autoPlay : 3000,navigationText : \t[ \"<span class=\\\"cmsms_prev_arrow\\\"><span><\/span><\/span>\", \"<span class=\\\"cmsms_next_arrow\\\"><span><\/span><\/span>\" ] } );} );<\/script>\n<div id=\"cmsms_slider_69e14352044fe\" class=\"content_slider owl-carousel\">\n<div class=\"item\"><img loading=\"lazy\" decoding=\"async\" width=\"300\" height=\"300\" src=\"https:\/\/spa-quebec.ca\/ancien-site\/wp-content\/uploads\/2020\/09\/0215-copie-r\u00e9duite-300x300.jpg\" class=\"attachment-medium size-medium\" alt=\"\" srcset=\"https:\/\/spa-quebec.ca\/ancien-site\/wp-content\/uploads\/2020\/09\/0215-copie-r\u00e9duite-300x300.jpg 300w, https:\/\/spa-quebec.ca\/ancien-site\/wp-content\/uploads\/2020\/09\/0215-copie-r\u00e9duite-150x150.jpg 150w, https:\/\/spa-quebec.ca\/ancien-site\/wp-content\/uploads\/2020\/09\/0215-copie-r\u00e9duite-768x768.jpg 768w, https:\/\/spa-quebec.ca\/ancien-site\/wp-content\/uploads\/2020\/09\/0215-copie-r\u00e9duite-1024x1024.jpg 1024w, https:\/\/spa-quebec.ca\/ancien-site\/wp-content\/uploads\/2020\/09\/0215-copie-r\u00e9duite-55x55.jpg 55w, https:\/\/spa-quebec.ca\/ancien-site\/wp-content\/uploads\/2020\/09\/0215-copie-r\u00e9duite-250x250.jpg 250w, https:\/\/spa-quebec.ca\/ancien-site\/wp-content\/uploads\/2020\/09\/0215-copie-r\u00e9duite-580x580.jpg 580w, https:\/\/spa-quebec.ca\/ancien-site\/wp-content\/uploads\/2020\/09\/0215-copie-r\u00e9duite-820x820.jpg 820w, https:\/\/spa-quebec.ca\/ancien-site\/wp-content\/uploads\/2020\/09\/0215-copie-r\u00e9duite-1160x1160.jpg 1160w, https:\/\/spa-quebec.ca\/ancien-site\/wp-content\/uploads\/2020\/09\/0215-copie-r\u00e9duite.jpg 1708w\" sizes=\"auto, (max-width: 300px) 100vw, 300px\" \/><\/div><div class=\"item\"><img loading=\"lazy\" decoding=\"async\" width=\"300\" height=\"300\" src=\"https:\/\/spa-quebec.ca\/ancien-site\/wp-content\/uploads\/2020\/09\/MG_46454645-300x300.jpg\" class=\"attachment-medium size-medium\" alt=\"\" srcset=\"https:\/\/spa-quebec.ca\/ancien-site\/wp-content\/uploads\/2020\/09\/MG_46454645-300x300.jpg 300w, https:\/\/spa-quebec.ca\/ancien-site\/wp-content\/uploads\/2020\/09\/MG_46454645-150x150.jpg 150w, https:\/\/spa-quebec.ca\/ancien-site\/wp-content\/uploads\/2020\/09\/MG_46454645-768x768.jpg 768w, https:\/\/spa-quebec.ca\/ancien-site\/wp-content\/uploads\/2020\/09\/MG_46454645-1024x1024.jpg 1024w, https:\/\/spa-quebec.ca\/ancien-site\/wp-content\/uploads\/2020\/09\/MG_46454645-55x55.jpg 55w, https:\/\/spa-quebec.ca\/ancien-site\/wp-content\/uploads\/2020\/09\/MG_46454645-250x250.jpg 250w, https:\/\/spa-quebec.ca\/ancien-site\/wp-content\/uploads\/2020\/09\/MG_46454645-580x580.jpg 580w, https:\/\/spa-quebec.ca\/ancien-site\/wp-content\/uploads\/2020\/09\/MG_46454645-820x820.jpg 820w, https:\/\/spa-quebec.ca\/ancien-site\/wp-content\/uploads\/2020\/09\/MG_46454645-1160x1160.jpg 1160w, https:\/\/spa-quebec.ca\/ancien-site\/wp-content\/uploads\/2020\/09\/MG_46454645.jpg 1198w\" sizes=\"auto, (max-width: 300px) 100vw, 300px\" \/><\/div><div class=\"item\"><img loading=\"lazy\" decoding=\"async\" width=\"200\" height=\"300\" src=\"https:\/\/spa-quebec.ca\/ancien-site\/wp-content\/uploads\/2021\/01\/IMG_2661-200x300.jpg\" class=\"attachment-medium size-medium\" alt=\"\" srcset=\"https:\/\/spa-quebec.ca\/ancien-site\/wp-content\/uploads\/2021\/01\/IMG_2661-200x300.jpg 200w, https:\/\/spa-quebec.ca\/ancien-site\/wp-content\/uploads\/2021\/01\/IMG_2661-768x1152.jpg 768w, https:\/\/spa-quebec.ca\/ancien-site\/wp-content\/uploads\/2021\/01\/IMG_2661-683x1024.jpg 683w, https:\/\/spa-quebec.ca\/ancien-site\/wp-content\/uploads\/2021\/01\/IMG_2661-580x870.jpg 580w, https:\/\/spa-quebec.ca\/ancien-site\/wp-content\/uploads\/2021\/01\/IMG_2661-820x1230.jpg 820w, https:\/\/spa-quebec.ca\/ancien-site\/wp-content\/uploads\/2021\/01\/IMG_2661-1160x1740.jpg 1160w\" sizes=\"auto, (max-width: 200px) 100vw, 200px\" \/><\/div><div class=\"item\"><img loading=\"lazy\" decoding=\"async\" width=\"300\" height=\"259\" src=\"https:\/\/spa-quebec.ca\/ancien-site\/wp-content\/uploads\/2020\/12\/1058-copie-r\u00e9duite-300x259.jpg\" class=\"attachment-medium size-medium\" alt=\"\" srcset=\"https:\/\/spa-quebec.ca\/ancien-site\/wp-content\/uploads\/2020\/12\/1058-copie-r\u00e9duite-300x259.jpg 300w, https:\/\/spa-quebec.ca\/ancien-site\/wp-content\/uploads\/2020\/12\/1058-copie-r\u00e9duite-768x663.jpg 768w, https:\/\/spa-quebec.ca\/ancien-site\/wp-content\/uploads\/2020\/12\/1058-copie-r\u00e9duite-1024x885.jpg 1024w, https:\/\/spa-quebec.ca\/ancien-site\/wp-content\/uploads\/2020\/12\/1058-copie-r\u00e9duite-580x501.jpg 580w, https:\/\/spa-quebec.ca\/ancien-site\/wp-content\/uploads\/2020\/12\/1058-copie-r\u00e9duite-820x708.jpg 820w, https:\/\/spa-quebec.ca\/ancien-site\/wp-content\/uploads\/2020\/12\/1058-copie-r\u00e9duite-1160x1002.jpg 1160w, https:\/\/spa-quebec.ca\/ancien-site\/wp-content\/uploads\/2020\/12\/1058-copie-r\u00e9duite.jpg 1800w\" sizes=\"auto, (max-width: 300px) 100vw, 300px\" \/><\/div><\/div>\n<\/div>\n<\/div>\n<\/div>\n<\/div>\n<\/div>\n<\/div>\n<\/div>\n<div id=\"cmsms_row_69e1435204da5\" class=\"cmsms_row cmsms_color_scheme_default\">\n<div class=\"cmsms_row_outer_parent\">\n<div class=\"cmsms_row_outer\">\n<div class=\"cmsms_row_inner\">\n<div class=\"cmsms_row_margin\">\n<div class=\"cmsms_column one_first\">\n<div class=\"cmsms_toggles toggles_mode_accordion\">\n<div class=\"cmsms_toggle_wrap\" data-tags=\"all \">\n<div class=\"cmsms_toggle_title\">\n<span class=\"cmsms_toggle_plus\">\n<span class=\"cmsms_toggle_plus_hor\"><\/span>\n<span class=\"cmsms_toggle_plus_vert\"><\/span>\n<\/span>\n<a href=\"#\">PR\u00c9SENTATION DU POSTE<\/a>\n<\/div>\n<div class=\"cmsms_toggle\">\n<div class=\"cmsms_toggle_inner\">\n<p style=\"font-weight: 400;\"><strong>MANDAT<\/strong><\/p>\n<p style=\"font-weight: 400;\"><strong>PARTENAIRE STRAT\u00c9GIQUE<\/strong><\/p>\n<ul>\n<li>Accompagner les directions, les gestionnaires et les employ\u00e9s en offrant des conseils et des solutions adapt\u00e9es aux d\u00e9fis RH.<\/li>\n<\/ul>\n<p style=\"font-weight: 400;\"><strong>CONFORMIT\u00c9 ET BONNES PRATIQUES<\/strong><\/p>\n<ul>\n<li>Veiller au respect des normes en mati\u00e8re de gestion des ressources humaines ainsi que les politiques internes.<\/li>\n<\/ul>\n<p style=\"font-weight: 400;\"><strong>D\u00c9VELOPPEMENT ET OPTIMISATION<\/strong><\/p>\n<ul>\n<li>Concevoir, am\u00e9liorer et mettre en \u0153uvre des politiques, processus et outils RH pour r\u00e9pondre aux besoins de l\u2019organisation et favoriser un environnement de travail efficace et bienveillant.<\/li>\n<\/ul>\n<p style=\"font-weight: 400;\"><strong>GESTION DES TALENTS<\/strong><\/p>\n<ul>\n<li>Prendre en charge l\u2019ensemble du cycle de vie des employ\u00e9s, telle que le recrutement, l\u2019embauche, l\u2019int\u00e9gration, le d\u00e9veloppement des comp\u00e9tences, la gestion de la performance et le suivi avant d\u00e9part.<\/li>\n<\/ul>\n<p style=\"font-weight: 400;\"><strong>RELATIONS DE TRAVAIL\u00a0<\/strong><\/p>\n<ul>\n<li>Apporter un soutien aux gestionnaires dans l\u2019application des politiques RH et la gestion des enjeux li\u00e9s aux relations de travail.<\/li>\n<\/ul>\n<p style=\"font-weight: 400;\"><strong>R\u00c9MUN\u00c9RATION ET AVANTAGES SOCIAUX<\/strong><\/p>\n<ul>\n<li>Assurer la mise \u00e0 jour des \u00e9chelles salariales et la gestion des dossiers employ\u00e9s (assurances collectives, REER, banques de cong\u00e9s, CNESST, etc.).<\/li>\n<\/ul>\n<p style=\"font-weight: 400;\"><strong>PLANIFICATION ET ORGANISATION<\/strong><\/p>\n<ul>\n<li>Coordonner les horaires de travail, le calendrier des vacances et la gestion des \u00e9quipements et uniformes.<\/li>\n<\/ul>\n<p style=\"font-weight: 400;\"><strong>SANT\u00c9 ET BIEN-\u00caTRE AU TRAVAIL<\/strong><\/p>\n<ul>\n<li>Contribuer \u00e0 la pr\u00e9vention en sant\u00e9 et s\u00e9curit\u00e9 du travail, coordonner le comit\u00e9 SST et appuyer les initiatives favorisant un milieu de travail sain et dynamique.<\/li>\n<\/ul>\n<p><strong style=\"font-size: revert;\">ANALYSE ET AM\u00c9LIORATION CONTINUE<\/strong><\/p>\n<ul>\n<li>Effectuer des vigies, recherches et analyses pour optimiser les pratiques RH et proposer des am\u00e9liorations aux politiques et programmes en place.<\/li>\n<\/ul>\n<p style=\"font-weight: 400;\"><strong>COMP\u00c9TENCES ET EXP\u00c9RIENCES DEMAND\u00c9ES<\/strong><\/p>\n<ul>\n<li style=\"font-weight: 400;\"><strong>Baccalaur\u00e9at <\/strong>en gestion des ressources humaines ou domaine connexe<\/li>\n<li><strong>3 ans\u00a0<\/strong>d\u2019exp\u00e9rience pertinente en RH<\/li>\n<li>Membre actif de l\u2019<strong>Ordre des conseillers en ressources humaines agr\u00e9\u00e9s<\/strong>(CRHA)<\/li>\n<li>Exp\u00e9rience de travail en OBNL (atout)<\/li>\n<\/ul>\n<p style=\"font-weight: 400;\"><strong>PROFIL RECHERCH\u00c9<\/strong><\/p>\n<ul>\n<li>Fortes qualit\u00e9s relationnelles et de repr\u00e9sentation<\/li>\n<li>Excellent sens de l\u2019analyse<\/li>\n<li>Aptitude en r\u00e9daction<\/li>\n<li>Excellent sens de l\u2019organisation<\/li>\n<li>Excellentes capacit\u00e9s d\u2019adaptation et de flexibilit\u00e9<\/li>\n<li>Autonomie<\/li>\n<li>Adh\u00e9sion \u00e0 la mission et aux valeurs de la Soci\u00e9t\u00e9 protectrice des animaux de Qu\u00e9bec<\/li>\n<\/ul>\n<p style=\"font-weight: 400;\"><strong>D\u00c9TAILS ET CONDITIONS DE TRAVAIL<\/strong><\/p>\n<p style=\"font-weight: 400;\">Emploi permanent \u00e0 temps plein 35 h semaine<\/p>\n<p style=\"font-weight: 400;\">Salaire \u00e0 discuter selon l\u2019exp\u00e9rience<\/p>\n<ul>\n<li>3 semaines de vacances d\u00e8s votre premi\u00e8re ann\u00e9e<\/li>\n<li>Cong\u00e9s mobiles\/maladie remboursables apr\u00e8s 3 mois<\/li>\n<li>Assurances collectives pay\u00e9es \u00e0 50\u00a0% par la SPA de Qu\u00e9bec et contribution \u00e0 votre REER (jusqu\u2019\u00e0 10\u00a0$\/semaine) apr\u00e8s 6 mois<\/li>\n<li>Soins v\u00e9t\u00e9rinaires r\u00e9duit, m\u00e9dicaments pour animaux au prix co\u00fbtant apr\u00e8s 2 mois<\/li>\n<li>Rabais exclusifs chez notre partenaire d\u00e8s l\u2019embauche<\/li>\n<li>Stationnement sans frais<\/li>\n<li>Entr\u00e9e en fonction d\u00e8s que possible<\/li>\n<\/ul>\n<\/div>\n<\/div>\n<\/div><div class=\"cmsms_toggle_wrap\" data-tags=\"all \">\n<div class=\"cmsms_toggle_title\">\n<span class=\"cmsms_toggle_plus\">\n<span class=\"cmsms_toggle_plus_hor\"><\/span>\n<span class=\"cmsms_toggle_plus_vert\"><\/span>\n<\/span>\n<a href=\"#\">POSTULER<\/a>\n<\/div>\n<div class=\"cmsms_toggle\">\n<div class=\"cmsms_toggle_inner\">\n<h5>Pour postuler, veuillez nous faire parvenir votre C.V. ainsi qu\u2019une lettre de pr\u00e9sentation \u00e0 l\u2019adresse courriel <a href=\"mailto:rh@spadequebec.ca\">rh@spadequebec.ca<\/a> avant le 14 octobre 2025, 17h.<\/h5>\n<\/div>\n<\/div>\n<\/div><\/div>\n<div id=\"cmsms_divider_69e1435205073\" class=\"cmsms_divider cmsms_divider_width_long cmsms_divider_pos_center\"><\/div><div id=\"cmsms_gallery_69e1435205088\" class=\"cmsms_gallery_wrap\"><ul class=\"cmsms_gallery cmsms_4 cmsms_more_items_loader\"><li class=\"cmsms_gallery_item\"><figure><img loading=\"lazy\" decoding=\"async\" width=\"150\" height=\"150\" src=\"https:\/\/spa-quebec.ca\/ancien-site\/wp-content\/uploads\/2021\/01\/0777-copie-r\u00e9duite-150x150.jpg\" class=\"attachment-thumbnail size-thumbnail\" alt=\"\" srcset=\"https:\/\/spa-quebec.ca\/ancien-site\/wp-content\/uploads\/2021\/01\/0777-copie-r\u00e9duite-150x150.jpg 150w, https:\/\/spa-quebec.ca\/ancien-site\/wp-content\/uploads\/2021\/01\/0777-copie-r\u00e9duite-55x55.jpg 55w, https:\/\/spa-quebec.ca\/ancien-site\/wp-content\/uploads\/2021\/01\/0777-copie-r\u00e9duite-250x250.jpg 250w\" sizes=\"auto, (max-width: 150px) 100vw, 150px\" \/><\/figure><\/li><li class=\"cmsms_gallery_item\"><figure><img loading=\"lazy\" decoding=\"async\" width=\"150\" height=\"150\" src=\"https:\/\/spa-quebec.ca\/ancien-site\/wp-content\/uploads\/2021\/01\/IMG_2661-150x150.jpg\" class=\"attachment-thumbnail size-thumbnail\" alt=\"\" srcset=\"https:\/\/spa-quebec.ca\/ancien-site\/wp-content\/uploads\/2021\/01\/IMG_2661-150x150.jpg 150w, https:\/\/spa-quebec.ca\/ancien-site\/wp-content\/uploads\/2021\/01\/IMG_2661-55x55.jpg 55w, https:\/\/spa-quebec.ca\/ancien-site\/wp-content\/uploads\/2021\/01\/IMG_2661-250x250.jpg 250w\" sizes=\"auto, (max-width: 150px) 100vw, 150px\" \/><\/figure><\/li><li class=\"cmsms_gallery_item\"><figure><img loading=\"lazy\" decoding=\"async\" width=\"150\" height=\"150\" src=\"https:\/\/spa-quebec.ca\/ancien-site\/wp-content\/uploads\/2020\/12\/Chatons-non-sevr\u00e9-apres-F.A-150x150.jpg\" class=\"attachment-thumbnail size-thumbnail\" alt=\"\" srcset=\"https:\/\/spa-quebec.ca\/ancien-site\/wp-content\/uploads\/2020\/12\/Chatons-non-sevr\u00e9-apres-F.A-150x150.jpg 150w, https:\/\/spa-quebec.ca\/ancien-site\/wp-content\/uploads\/2020\/12\/Chatons-non-sevr\u00e9-apres-F.A-300x300.jpg 300w, https:\/\/spa-quebec.ca\/ancien-site\/wp-content\/uploads\/2020\/12\/Chatons-non-sevr\u00e9-apres-F.A-768x768.jpg 768w, https:\/\/spa-quebec.ca\/ancien-site\/wp-content\/uploads\/2020\/12\/Chatons-non-sevr\u00e9-apres-F.A-1024x1024.jpg 1024w, https:\/\/spa-quebec.ca\/ancien-site\/wp-content\/uploads\/2020\/12\/Chatons-non-sevr\u00e9-apres-F.A-55x55.jpg 55w, https:\/\/spa-quebec.ca\/ancien-site\/wp-content\/uploads\/2020\/12\/Chatons-non-sevr\u00e9-apres-F.A-250x250.jpg 250w, https:\/\/spa-quebec.ca\/ancien-site\/wp-content\/uploads\/2020\/12\/Chatons-non-sevr\u00e9-apres-F.A-580x580.jpg 580w, https:\/\/spa-quebec.ca\/ancien-site\/wp-content\/uploads\/2020\/12\/Chatons-non-sevr\u00e9-apres-F.A-820x820.jpg 820w, https:\/\/spa-quebec.ca\/ancien-site\/wp-content\/uploads\/2020\/12\/Chatons-non-sevr\u00e9-apres-F.A.jpg 1080w\" sizes=\"auto, (max-width: 150px) 100vw, 150px\" \/><\/figure><\/li><li class=\"cmsms_gallery_item\"><figure><img loading=\"lazy\" decoding=\"async\" width=\"150\" height=\"150\" src=\"https:\/\/spa-quebec.ca\/ancien-site\/wp-content\/uploads\/2020\/12\/1058-copie-r\u00e9duite-150x150.jpg\" class=\"attachment-thumbnail size-thumbnail\" alt=\"\" srcset=\"https:\/\/spa-quebec.ca\/ancien-site\/wp-content\/uploads\/2020\/12\/1058-copie-r\u00e9duite-150x150.jpg 150w, https:\/\/spa-quebec.ca\/ancien-site\/wp-content\/uploads\/2020\/12\/1058-copie-r\u00e9duite-55x55.jpg 55w, https:\/\/spa-quebec.ca\/ancien-site\/wp-content\/uploads\/2020\/12\/1058-copie-r\u00e9duite-250x250.jpg 250w\" sizes=\"auto, (max-width: 150px) 100vw, 150px\" \/><\/figure><\/li><\/ul><script type=\"text\/javascript\">\n\t\t\t\tjQuery(document).ready(function () {\n\t\t\t\t\t(function ($) {\n\t\t\t\t\t\tif ($('#cmsms_gallery_69e1435205088').find('.cmsms_gallery_item').length == '0') {\n\t\t\t\t\t\t\treturn false;\n\t\t\t\t\t\t}\n\t\t\t\t\t\t\n\t\t\t\t\t\t\n\t\t\t\t\t\tstartGallery( \n\t\t\t\t\t\t\t'69e1435205088', \n\t\t\t\t\t\t\t'masonry', \n\t\t\t\t\t\t\t'false', \n\t\t\t\t\t\t\t'false' \n\t\t\t\t\t\t);\n\t\t\t\t\t} )(jQuery);\n\t\t\t\t} );\n\t\t\t<\/script>\n\t\t\t<\/div>\n<\/div>\n<\/div>\n<\/div>\n<\/div>\n<\/div>\n<\/div>\n\n","protected":false},"excerpt":{"rendered":"","protected":false},"author":21,"featured_media":0,"parent":0,"menu_order":0,"comment_status":"closed","ping_status":"closed","template":"","meta":{"_acf_changed":false,"footnotes":""},"class_list":["post-10665","page","type-page","status-publish","hentry"],"acf":[],"_links":{"self":[{"href":"https:\/\/spa-quebec.ca\/ancien-site\/wp-json\/wp\/v2\/pages\/10665","targetHints":{"allow":["GET"]}}],"collection":[{"href":"https:\/\/spa-quebec.ca\/ancien-site\/wp-json\/wp\/v2\/pages"}],"about":[{"href":"https:\/\/spa-quebec.ca\/ancien-site\/wp-json\/wp\/v2\/types\/page"}],"author":[{"embeddable":true,"href":"https:\/\/spa-quebec.ca\/ancien-site\/wp-json\/wp\/v2\/users\/21"}],"replies":[{"embeddable":true,"href":"https:\/\/spa-quebec.ca\/ancien-site\/wp-json\/wp\/v2\/comments?post=10665"}],"version-history":[{"count":5,"href":"https:\/\/spa-quebec.ca\/ancien-site\/wp-json\/wp\/v2\/pages\/10665\/revisions"}],"predecessor-version":[{"id":10671,"href":"https:\/\/spa-quebec.ca\/ancien-site\/wp-json\/wp\/v2\/pages\/10665\/revisions\/10671"}],"wp:attachment":[{"href":"https:\/\/spa-quebec.ca\/ancien-site\/wp-json\/wp\/v2\/media?parent=10665"}],"curies":[{"name":"wp","href":"https:\/\/api.w.org\/{rel}","templated":true}]}}