{"id":4487,"date":"2017-09-07T11:30:04","date_gmt":"2017-09-07T15:30:04","guid":{"rendered":"https:\/\/spa-quebec.ca\/ancien-site\/?page_id=4487"},"modified":"2021-05-02T12:56:03","modified_gmt":"2021-05-02T16:56:03","slug":"historique","status":"publish","type":"page","link":"https:\/\/spa-quebec.ca\/ancien-site\/a-propos\/historique\/","title":{"rendered":"Historique"},"content":{"rendered":"<style type=\"text\/css\"> \n#cmsms_row_69e130795a9d4 .cmsms_row_outer_parent { \n\tpadding-top: 0px; \n} \n\n#cmsms_row_69e130795a9d4 .cmsms_row_outer_parent { \n\tpadding-bottom: 50px; \n} \n\n<\/style><div id=\"cmsms_row_69e130795a9d4\" class=\"cmsms_row cmsms_color_scheme_default\">\n<div class=\"cmsms_row_outer_parent\">\n<div class=\"cmsms_row_outer\">\n<div class=\"cmsms_row_inner\">\n<div class=\"cmsms_row_margin\">\n<div class=\"cmsms_column one_first\">\n<div class=\"cmsms_text\">\n<p>Des animaux domestiqu\u00e9s par l\u2019homme ont longtemps \u00e9t\u00e9 utilis\u00e9s comme aide au travail. L\u2019\u00e9volution a vu certains animaux devenir davantage des compagnons de vie.\u00a0 Leur popularit\u00e9 croissante dans les foyers a peu \u00e0 peu sensibilis\u00e9 la population \u00e0 l\u2019importance de les prot\u00e9ger. \u00c0 ce jour, la protection des animaux s\u2019est hiss\u00e9e au rang des priorit\u00e9s parmi les d\u00e9bats sociaux.<\/p>\n<p>Vers la fin du 19e si\u00e8cle, le Qu\u00e9bec a reconnu la n\u00e9cessit\u00e9 d\u2019accorder une attention au sort des diff\u00e9rents animaux.\u00a0 C\u2019est en 1875 qu\u2019un groupe de personnes de Qu\u00e9bec s\u2019est form\u00e9 afin de mettre sur pied la Soci\u00e9t\u00e9 de Qu\u00e9bec pour Pr\u00e9venir la Cruaut\u00e9 contre les Animaux, aujourd\u2019hui connue sous le nom de Soci\u00e9t\u00e9 Protectrice des Animaux de Qu\u00e9bec (la \u00abSPA\u00bb).<\/p>\n<p>La SPA a connu plusieurs p\u00e9riodes difficiles en raison soit de sa gestion ou du r\u00e9sultat de ses op\u00e9rations, \u00e0 un point tel que sa survie fut plusieurs fois menac\u00e9e. En 2002, elle a effectu\u00e9 une refonte de ses r\u00e8glements g\u00e9n\u00e9raux.\u00a0 Ceci a notamment :<\/p>\n<ul>\n<li>Fourni un nouveau cadre pour le conseil d\u2019administration.\u00a0 Les membres du conseil doivent dor\u00e9navant poss\u00e9der des comp\u00e9tences acad\u00e9miques pertinentes et\/ou des expertises diversifi\u00e9es et des exp\u00e9riences appropri\u00e9es. On retrouvera ainsi des membres ayant des formations telles v\u00e9t\u00e9rinaires, comptables, avocats, etc. et pouvant, de surcro\u00eet, avoir une bonne exp\u00e9rience en gestion financi\u00e8re.\u00a0 La SPA est un organisme sans but lucratif, dirig\u00e9 par un conseil d\u2019administration b\u00e9n\u00e9vole compos\u00e9 de membres \u00e9lus parmi les membres actifs, lors de l\u2019assembl\u00e9e annuelle de la Soci\u00e9t\u00e9.<\/li>\n<li>Contribu\u00e9, avec un conseil d\u2019administration orient\u00e9 \u00ab affaires \u00bb, \u00e0 changer l\u2019approche de gestion visant davantage l\u2019efficience des op\u00e9rations, tout en conservant n\u00e9anmoins sa vocation d\u2019organisme sans but lucratif, et assurer la p\u00e9rennit\u00e9 de l\u2019organisme en se rattachant \u00e0 sa mission.<\/li>\n<\/ul>\n<p>Cependant, ce qui repr\u00e9sentait d\u00e9j\u00e0 une difficult\u00e9 op\u00e9rationnelle notable depuis plusieurs ann\u00e9es, est devenu un besoin criant avec l\u2019augmentation des op\u00e9rations jumel\u00e9 aux objectifs de croissance, c\u2019est-\u00e0-dire l\u2019agrandissement et la modernisation des installations. En effet, la SPA est localis\u00e9e, depuis pr\u00e8s de 30 ans, dans un b\u00e2timent qui \u00e9tait \u00e0 l\u2019origine un garage o\u00f9 s\u2019effectuait de la m\u00e9canique de camions lourds. La conversion de ce b\u00e2timent en refuge animal qui r\u00e9pondra \u00e0 100% aux besoins des pensionnaires et des employ\u00e9s est n\u00e9cessaire, puisqu&rsquo;il devient, avec le temps, de moins en moins conforme aux normes en vigueur et l\u2019usure contribue par ailleurs \u00e0 le rendre d\u00e9suet.<\/p>\n<p>Le conseil d\u2019administration a \u00e9labor\u00e9 un plan strat\u00e9gique afin de dresser des moyens d\u2019actions pour palier aux besoins \u00e0 court terme, ainsi que pour fixer et rencontrer des objectifs de croissance.<\/p>\n<\/div>\n<\/div>\n<\/div>\n<\/div>\n<\/div>\n<\/div>\n<\/div>\n\n","protected":false},"excerpt":{"rendered":"","protected":false},"author":21,"featured_media":0,"parent":4473,"menu_order":0,"comment_status":"closed","ping_status":"closed","template":"","meta":{"_acf_changed":false,"footnotes":""},"class_list":["post-4487","page","type-page","status-publish","hentry"],"acf":[],"_links":{"self":[{"href":"https:\/\/spa-quebec.ca\/ancien-site\/wp-json\/wp\/v2\/pages\/4487","targetHints":{"allow":["GET"]}}],"collection":[{"href":"https:\/\/spa-quebec.ca\/ancien-site\/wp-json\/wp\/v2\/pages"}],"about":[{"href":"https:\/\/spa-quebec.ca\/ancien-site\/wp-json\/wp\/v2\/types\/page"}],"author":[{"embeddable":true,"href":"https:\/\/spa-quebec.ca\/ancien-site\/wp-json\/wp\/v2\/users\/21"}],"replies":[{"embeddable":true,"href":"https:\/\/spa-quebec.ca\/ancien-site\/wp-json\/wp\/v2\/comments?post=4487"}],"version-history":[{"count":0,"href":"https:\/\/spa-quebec.ca\/ancien-site\/wp-json\/wp\/v2\/pages\/4487\/revisions"}],"up":[{"embeddable":true,"href":"https:\/\/spa-quebec.ca\/ancien-site\/wp-json\/wp\/v2\/pages\/4473"}],"wp:attachment":[{"href":"https:\/\/spa-quebec.ca\/ancien-site\/wp-json\/wp\/v2\/media?parent=4487"}],"curies":[{"name":"wp","href":"https:\/\/api.w.org\/{rel}","templated":true}]}}