{"id":4489,"date":"2017-09-07T11:33:28","date_gmt":"2017-09-07T15:33:28","guid":{"rendered":"https:\/\/spa-quebec.ca\/ancien-site\/?page_id=4489"},"modified":"2025-05-02T08:56:33","modified_gmt":"2025-05-02T12:56:33","slug":"animal-perdu-trouve","status":"publish","type":"page","link":"https:\/\/spa-quebec.ca\/ancien-site\/services\/animal-perdu-trouve\/","title":{"rendered":"Animal perdu\/trouv\u00e9"},"content":{"rendered":"<style type=\"text\/css\"> \n#cmsms_row_69e1314be5e94 .cmsms_row_outer_parent { \n\tpadding-top: 0px; \n} \n\n#cmsms_row_69e1314be5e94 .cmsms_row_outer_parent { \n\tpadding-bottom: 50px; \n} \n\n \n#cmsms_row_69e1314be602a .cmsms_row_outer_parent { \n\tpadding-top: 0px; \n} \n\n#cmsms_row_69e1314be602a .cmsms_row_outer_parent { \n\tpadding-bottom: 50px; \n} \n\n<\/style><div id=\"cmsms_row_69e1314be5e94\" class=\"cmsms_row cmsms_color_scheme_default\">\n<div class=\"cmsms_row_outer_parent\">\n<div class=\"cmsms_row_outer\">\n<div class=\"cmsms_row_inner\">\n<div class=\"cmsms_row_margin\">\n<div class=\"cmsms_column one_first\">\n<div class=\"cmsms_text\">\n<h3>Si vous avez perdu ou trouv\u00e9 un animal,<\/h3>\n<p>v\u00e9rifiez tout d\u2019abord si votre municipalit\u00e9 est desservie par la SPA de Qu\u00e9bec.<\/p>\n<\/div>\n<\/div>\n<\/div>\n<\/div>\n<\/div>\n<\/div>\n<\/div>\n<div id=\"cmsms_row_69e1314be602a\" class=\"cmsms_row cmsms_color_scheme_default\">\n<div class=\"cmsms_row_outer_parent\">\n<div class=\"cmsms_row_outer\">\n<div class=\"cmsms_row_inner\">\n<div class=\"cmsms_row_margin\">\n<\/div>\n<\/div>\n<\/div>\n<\/div>\n<\/div>\n<div class=\"cmsms_column one_first\">\n<\/div>\n<div class=\"cmsms_toggles toggles_mode_accordion\" data-animation=\"fadeInUp\" data-delay=\"50\">\n<\/div><div class=\"cmsms_toggle_wrap\" data-tags=\"all \">\n<div class=\"cmsms_toggle_title\">\n<span class=\"cmsms_toggle_plus\">\n<span class=\"cmsms_toggle_plus_hor\"><\/span>\n<span class=\"cmsms_toggle_plus_vert\"><\/span>\n<\/span>\n<a href=\"#\">Vous avez trouv\u00e9 un animal<\/a>\n<\/div>\n<div class=\"cmsms_toggle\">\n<div class=\"cmsms_toggle_inner\">\n<p>Si vous avez trouv\u00e9 un animal domestique, ses ma\u00eetres sont sans doute \u00e0 sa recherche. Vous ne pouvez pas conserver l\u2019animal en croyant que la SPA garde trace des gens ayant trouv\u00e9 des animaux et peut communiquer avec eux si nous recevons un avis pour un animal perdu : seuls les animaux entrants au refuge font l\u2019objet d\u2019une correspondance entre un animal signal\u00e9 perdu et un animal trouv\u00e9 pr\u00e9sent au refuge.<\/p>\n<p><strong>Pour venir porter l\u2019animal errant au refuge<\/strong>\u00a0pendant les\u00a0<a href=\"https:\/\/spa-quebec.ca\/ancien-site\/nous-joindre\/\">heures d\u2019ouverture<\/a>\u00a0vous devez vous conformer au point suivant :<\/p>\n<ul>\n<li>L\u2019animal doit avoir\u00a0\u00e9t\u00e9 trouv\u00e9 errant dans l\u2019une des\u00a0<a href=\"https:\/\/spa-quebec.ca\/ancien-site\/a-propos\/municipalites-desservies\/\" target=\"_blank\" rel=\"noopener\">municipalit\u00e9s desservies<\/a> par la SPA.<\/li>\n<\/ul>\n<p><strong>Pour utiliser le service de cueillette d\u2019un animal errant <\/strong>(24\/7), communiquez avec nous au 418 527-9104, faites le 1 et vous serez redirig\u00e9 vers le centre d\u2019appel. Vous devez toutefois vous conformer aux points suivants\u00a0:<\/p>\n<ul>\n<li>L\u2019animal doit avoir\u00a0\u00e9t\u00e9 trouv\u00e9 errant dans l\u2019une des\u00a0<a href=\"https:\/\/spa-quebec.ca\/ancien-site\/a-propos\/municipalites-desservies\/\" target=\"_blank\" rel=\"noopener\">municipalit\u00e9s desservies<\/a> par la SPA.<\/li>\n<li>Vous devez\u00a0rester sur place (dans la municipalit\u00e9 o\u00f9 vous avez trouv\u00e9 l\u2019animal), le temps que notre service de cueillette le r\u00e9cup\u00e8re, le tout pour prouver que l\u2019animal provient bien d\u2019une municipalit\u00e9 desservie par la SPA.<\/li>\n<\/ul>\n<\/div>\n<\/div>\n<\/div><div class=\"cmsms_toggle_wrap\" data-tags=\"all \">\n<div class=\"cmsms_toggle_title\">\n<span class=\"cmsms_toggle_plus\">\n<span class=\"cmsms_toggle_plus_hor\"><\/span>\n<span class=\"cmsms_toggle_plus_vert\"><\/span>\n<\/span>\n<a href=\"#\">Vous avez perdu votre animal<\/a>\n<\/div>\n<div class=\"cmsms_toggle\">\n<div class=\"cmsms_toggle_inner\">\n<p>V\u00e9rifiez si votre\u00a0<strong><a href=\"https:\/\/spa-quebec.ca\/ancien-site\/a-propos\/municipalites-desservies\/\" target=\"_blank\" rel=\"noopener\">municipalit\u00e9 est desservie<\/a><\/strong>\u00a0par la SPA de Qu\u00e9bec.\u00a0Peu importe o\u00f9 vous avez perdu votre animal, il est possible de faire parvenir un avis de recherche, toutefois, il est primordial que vous fassiez aussi un avis de recherche \u00e0 la fourri\u00e8re qui dessert la ville ou municipalit\u00e9 o\u00f9 l\u2019animal s\u2019est \u00e9gar\u00e9. La SPA ne transf\u00e8rera pas votre avis \u00e0 d\u2019autres instances, cela rel\u00e8ve de votre responsabilit\u00e9.\u00a0 Agissez rapidement!<\/p>\n<p>Si ce n\u2019est pas d\u00e9j\u00e0 fait, pensez \u00e0 vous procurer une licence de votre ville ou personnelle. Aussi, l\u2019implantation d\u2019une micropuce est un moyen additionnel d\u2019identifier de mani\u00e8re permanente votre animal.<\/p>\n<p>Si un animal entr\u00e9 au refuge correspond \u00e0 votre animal (en tout ou en partie), un employ\u00e9 vous contactera. Notez qu\u2019il est toujours possible de venir directement \u00e0 la SPA pour voir les<strong>\u00a0<a href=\"https:\/\/spa-quebec.ca\/ancien-site\/animaux-trouves\/\">animaux trouv\u00e9s<\/a><\/strong>\u00a0et que vous devez avoir une pi\u00e8ce d\u2019identit\u00e9 avec photo et adresse pour r\u00e9clamer un animal.<\/p>\n<p>Un animal dit \u00ab\u00a0trouv\u00e9\u00a0\u00bb demeure \u00e0 la SPA entre 2 et 4 jours selon le temps de fourri\u00e8re pr\u00e9vu par la municipalit\u00e9 o\u00f9 il est trouv\u00e9. S\u2019il n\u2019est pas r\u00e9clam\u00e9, il peut \u00eatre plac\u00e9 en adoption.<\/p>\n<h3>SIGNALER UN ANIMAL PERDU<\/h3>\n<p>Voici trois (3) options s\u2019offrent \u00e0 vous :<\/p>\n<ul>\n<li><strong>Par t\u00e9l\u00e9phone<\/strong> : au 418 527-9104 ;<\/li>\n<li><strong>En personne<\/strong> \u00e0 nos bureaux pendant les\u00a0<strong><a href=\"https:\/\/spa-quebec.ca\/ancien-site\/nous-joindre\/\" target=\"_blank\" rel=\"noopener\">heures d\u2019ouverture<\/a>\u00a0<\/strong>;<\/li>\n<li><strong>Par Internet, <\/strong>d\u00e8s maintenant, via notre\u00a0<strong><a href=\"https:\/\/spa-quebec.ca\/ancien-site\/signalement\/\" target=\"_blank\" rel=\"noopener\">fiche de signalement<\/a>.<\/strong>\n<ul>\n<li><em>Notez que les avis de recherche soumis par Internet entre 16 h 30 et 9 h, seront trait\u00e9s dans la matin\u00e9e et ceux re\u00e7us entre 9 h et 16 h 30 seront trait\u00e9s le lendemain matin. Notez que les avis de recherche sont conserv\u00e9s deux (2) semaines et sont renouvelables sur demande.<\/em><\/li>\n<\/ul>\n<\/li>\n<\/ul>\n<\/div>\n<\/div>\n<\/div><div class=\"cmsms_toggle_wrap\" data-tags=\"all \">\n<div class=\"cmsms_toggle_title\">\n<span class=\"cmsms_toggle_plus\">\n<span class=\"cmsms_toggle_plus_hor\"><\/span>\n<span class=\"cmsms_toggle_plus_vert\"><\/span>\n<\/span>\n<a href=\"#\">Liste des animaux trouv\u00e9s<\/a>\n<\/div>\n<div class=\"cmsms_toggle\">\n<div class=\"cmsms_toggle_inner\">\n<p>Consultez r\u00e9guli\u00e8rement la <a href=\"https:\/\/spa-quebec.ca\/ancien-site\/animaux-trouves\/\" target=\"_blank\" rel=\"noopener\">liste des animaux trouv\u00e9s.<\/a><\/p>\n<\/div>\n<\/div>\n<\/div><div class=\"cmsms_toggle_wrap\" data-tags=\"all \">\n<div class=\"cmsms_toggle_title\">\n<span class=\"cmsms_toggle_plus\">\n<span class=\"cmsms_toggle_plus_hor\"><\/span>\n<span class=\"cmsms_toggle_plus_vert\"><\/span>\n<\/span>\n<a href=\"#\">Municipalit\u00e9 desservies par la SPA de Qu\u00e9bec<\/a>\n<\/div>\n<div class=\"cmsms_toggle\">\n<div class=\"cmsms_toggle_inner\">\n<\/div>\n<\/div>\n<\/div><\/p>\n<div class=\"content entry\" role=\"main\">\n<p>La SPA accueille des animaux errants\/trouv\u00e9s des villes de la liste suivante.<\/p>\n<ul>\n<li><a href=\"https:\/\/www.municipalitedeboischatel.ca\/default.asp?no=1\" target=\"_blank\" rel=\"noopener\">Boischatel<\/a><\/li>\n<li><a href=\"https:\/\/www.capsante.qc.ca\/\">Cap-Sant\u00e9<\/a><\/li>\n<li><a href=\"https:\/\/www.chateauricher.qc.ca\/\">Ch\u00e2teau-Richer<\/a><\/li>\n<li><a href=\"https:\/\/deschambault-grondines.com\/\">Deschambault-Grondines<\/a><\/li>\n<li><a href=\"https:\/\/villededonnacona.com\/\">Donnacona<\/a><\/li>\n<li><a class=\"LienExterne\" href=\"https:\/\/www.fossambault-sur-le-lac.com\/\" target=\"_blank\" rel=\"noopener\">Fossambault-sur-le-Lac<\/a><\/li>\n<li><a href=\"https:\/\/lancienne-lorette.org\/\">L&rsquo;Ancienne-Lorette<\/a><\/li>\n<li><a class=\"LienExterne\" href=\"https:\/\/www.langegardien.qc.ca\/\" target=\"_blank\" rel=\"noopener\">L\u2019Ange-Gardien<\/a><\/li>\n<li><a href=\"https:\/\/lac-beauport.quebec\/\" target=\"_blank\" rel=\"noopener\">Lac-Beauport<\/a><\/li>\n<li><a href=\"https:\/\/www.villelacsergent.com\/\">Lac Sergent<\/a><\/li>\n<li><a href=\"https:\/\/villelacstjoseph.com\/\">Lac St-Joseph<\/a><\/li>\n<li><a href=\"https:\/\/www.ville.neuville.qc.ca\/\" target=\"_blank\" rel=\"noopener\">Neuville<\/a><\/li>\n<li><a href=\"https:\/\/www.ville.pontrouge.qc.ca\/\">Pont-Rouge<\/a><\/li>\n<li><a href=\"https:\/\/villedeportneuf.com\/\">Portneuf<\/a><\/li>\n<li><a href=\"https:\/\/riviereapierre.com\/\">Rivi\u00e8re-\u00e0-Pierre<\/a><\/li>\n<li><a href=\"https:\/\/www.ste-famille.iledorleans.com\/\">Sainte-Famille-de-l&rsquo;\u00cele-d&rsquo;Orl\u00e9ans<\/a><\/li>\n<li><a href=\"https:\/\/msfio.ca\/\">Saint-Fran\u00e7ois-de-l&rsquo;\u00cele-d&rsquo;Orl\u00e9ans<\/a><\/li>\n<li><a href=\"https:\/\/www.ste-petronille.iledorleans.com\/\">Sainte-P\u00e9tronille<\/a><\/li>\n<li><a href=\"https:\/\/st-pierre.iledorleans.com\/\">Saint-Pierre-de-l&rsquo;\u00cele-d&rsquo;Orl\u00e9ans<\/a><\/li>\n<li><a class=\"LienExterne\" href=\"https:\/\/www.sainteannedebeaupre.com\/\" target=\"_blank\" rel=\"noopener\">Sainte-Anne-de-Beaupr\u00e9<\/a><\/li>\n<li><a class=\"LienExterne\" href=\"https:\/\/www.sbdl.net\/\" target=\"_blank\" rel=\"noopener\">Sainte-Brigitte-de-Laval<\/a><\/li>\n<li><a class=\"LienExterne\" href=\"https:\/\/www.villescjc.com\/scjc.asp?no=1\" target=\"_blank\" rel=\"noopener\">Sainte-Catherine-de-la-Jacques-Cartier<\/a><\/li>\n<li><a class=\"LienExterne\" href=\"https:\/\/www.saint-gabriel-de-valcartier.ca\/\" target=\"_blank\" rel=\"noopener\">Saint-Gabriel-de-Valcartier<\/a><\/li>\n<li><a href=\"https:\/\/www.shannon.ca\/site.asp\" target=\"_blank\" rel=\"noopener\">Shannon<\/a><\/li>\n<li><a href=\"https:\/\/www.ville.st-augustin.qc.ca\/\" target=\"_blank\" rel=\"noopener\">St-Augustin-de-Desmaures<\/a><\/li>\n<li><a href=\"https:\/\/st-alban.qc.ca\/\">St-Alban<\/a><\/li>\n<li><a href=\"https:\/\/saintbasile.qc.ca\/\">St-Basile<\/a><\/li>\n<li><a href=\"https:\/\/www.saint-casimir.com\/\">St-Casimir<\/a><\/li>\n<li><a href=\"https:\/\/sca.quebec\/\">St-Christine-d&rsquo;Auvergne<\/a><\/li>\n<li><a href=\"http:\/\/www.saint-gilbert.ca\/indexFr.asp?numero=6\">St-Gilbert<\/a><\/li>\n<li><a href=\"https:\/\/municipalites-du-quebec.ca\/saint-leonard-de-portneuf\/\">St-Leonard-de-Portneuf<\/a><\/li>\n<li><a href=\"https:\/\/st-marc-des-carrieres.qc.ca\/\">St-Marc-des-Carri\u00e8res<\/a><\/li>\n<li><a href=\"https:\/\/municipalites-du-quebec.ca\/st-thuribe\/index.php\">St-Thuribe<\/a><\/li>\n<li><a href=\"https:\/\/saintubalde.com\/\">St-Ubalde<\/a><\/li>\n<li><a class=\"LienExterne\" href=\"https:\/\/www.villestoneham.com\/accueil.aspx\" target=\"_blank\" rel=\"noopener\">Stoneham et Tewkesbury<\/a><\/li>\n<li><a class=\"LienExterne\" href=\"https:\/\/www.wendake.ca\/\" target=\"_blank\" rel=\"noopener\">Village Huron (Wendake)<\/a><\/li>\n<li><a class=\"LienExterne\" href=\"https:\/\/www.ville.quebec.qc.ca\/\" target=\"_blank\" rel=\"noopener\">Ville de Qu\u00e9bec\u00a0<\/a><\/li>\n<\/ul>\n<\/div>\n","protected":false},"excerpt":{"rendered":"<p>La SPA accueille des animaux errants\/trouv\u00e9s des villes de la liste suivante. Boischatel Cap-Sant\u00e9 Ch\u00e2teau-Richer Deschambault-Grondines Donnacona Fossambault-sur-le-Lac L&rsquo;Ancienne-Lorette L\u2019Ange-Gardien Lac-Beauport Lac Sergent Lac St-Joseph Neuville Pont-Rouge Portneuf Rivi\u00e8re-\u00e0-Pierre Sainte-Famille-de-l&rsquo;\u00cele-d&rsquo;Orl\u00e9ans Saint-Fran\u00e7ois-de-l&rsquo;\u00cele-d&rsquo;Orl\u00e9ans Sainte-P\u00e9tronille Saint-Pierre-de-l&rsquo;\u00cele-d&rsquo;Orl\u00e9ans Sainte-Anne-de-Beaupr\u00e9 Sainte-Brigitte-de-Laval Sainte-Catherine-de-la-Jacques-Cartier Saint-Gabriel-de-Valcartier Shannon St-Augustin-de-Desmaures St-Alban St-Basile St-Casimir St-Christine-d&rsquo;Auvergne St-Gilbert St-Leonard-de-Portneuf St-Marc-des-Carri\u00e8res St-Thuribe St-Ubalde Stoneham et Tewkesbury Village Huron (Wendake) Ville&#8230;<\/p>\n","protected":false},"author":21,"featured_media":0,"parent":5699,"menu_order":0,"comment_status":"closed","ping_status":"closed","template":"","meta":{"_acf_changed":false,"footnotes":""},"class_list":["post-4489","page","type-page","status-publish","hentry"],"acf":[],"_links":{"self":[{"href":"https:\/\/spa-quebec.ca\/ancien-site\/wp-json\/wp\/v2\/pages\/4489","targetHints":{"allow":["GET"]}}],"collection":[{"href":"https:\/\/spa-quebec.ca\/ancien-site\/wp-json\/wp\/v2\/pages"}],"about":[{"href":"https:\/\/spa-quebec.ca\/ancien-site\/wp-json\/wp\/v2\/types\/page"}],"author":[{"embeddable":true,"href":"https:\/\/spa-quebec.ca\/ancien-site\/wp-json\/wp\/v2\/users\/21"}],"replies":[{"embeddable":true,"href":"https:\/\/spa-quebec.ca\/ancien-site\/wp-json\/wp\/v2\/comments?post=4489"}],"version-history":[{"count":2,"href":"https:\/\/spa-quebec.ca\/ancien-site\/wp-json\/wp\/v2\/pages\/4489\/revisions"}],"predecessor-version":[{"id":10434,"href":"https:\/\/spa-quebec.ca\/ancien-site\/wp-json\/wp\/v2\/pages\/4489\/revisions\/10434"}],"up":[{"embeddable":true,"href":"https:\/\/spa-quebec.ca\/ancien-site\/wp-json\/wp\/v2\/pages\/5699"}],"wp:attachment":[{"href":"https:\/\/spa-quebec.ca\/ancien-site\/wp-json\/wp\/v2\/media?parent=4489"}],"curies":[{"name":"wp","href":"https:\/\/api.w.org\/{rel}","templated":true}]}}