{"id":4493,"date":"2017-09-07T11:33:48","date_gmt":"2017-09-07T15:33:48","guid":{"rendered":"https:\/\/spa-quebec.ca\/ancien-site\/?page_id=4493"},"modified":"2025-10-08T13:41:31","modified_gmt":"2025-10-08T17:41:31","slug":"licence","status":"publish","type":"page","link":"https:\/\/spa-quebec.ca\/ancien-site\/services\/licence\/","title":{"rendered":"Licence"},"content":{"rendered":"<style type=\"text\/css\"> \n#cmsms_row_69e1318a46868 .cmsms_row_outer_parent { \n\tpadding-top: 0px; \n} \n\n#cmsms_row_69e1318a46868 .cmsms_row_outer_parent { \n\tpadding-bottom: 50px; \n} \n\n<\/style>\n<p><strong><mark style=\"background-color:rgba(0, 0, 0, 0)\" class=\"has-inline-color has-vivid-red-color\">Modalit\u00e9s de renouvellement des licences en raison de la gr\u00e8ve<\/mark><\/strong><\/p>\n\n\n\n<p>En raison de la gr\u00e8ve en cours chez Postes Canada, nous demandons aux citoyens.nes concern\u00e9s.es de privil\u00e9gier le contact direct pour le renouvellement des licences. Afin de vous assurer que votre dossier soit trait\u00e9 dans les meilleurs d\u00e9lais, veuillez communiquer avec notre responsable au\u00a0<strong>418-527-9104, poste 239<\/strong>, ou vous pr\u00e9senter au refuge situ\u00e9 au\u00a0<strong>1130, avenue Galil\u00e9e<\/strong>. Cette fa\u00e7on de proc\u00e9der s\u2019applique particuli\u00e8rement aux secteurs en cours, soit\u00a0<strong>L\u2019\u00cele d\u2019Orl\u00e9ans, Boischatel et Donnacona<\/strong>.<\/p>\n\n\n<div id=\"cmsms_row_69e1318a467b9\" class=\"cmsms_row cmsms_color_scheme_default\">\n<div class=\"cmsms_row_outer_parent\">\n<div class=\"cmsms_row_outer\">\n<div class=\"cmsms_row_inner\">\n<div class=\"cmsms_row_margin\">\n<div class=\"cmsms_column one_first\">\n<div class=\"cmsms_text\">\n<h3>La licence municipale<\/h3>\n<p>La licence, obligatoire dans la plupart des municipalit\u00e9s desservies, sert principalement \u00e0 vous aider \u00e0 retrouver rapidement votre animal en cas de perte. En tant que propri\u00e9taire responsable, vous jetez r\u00e9guli\u00e8rement un \u0153il sur votre animal, mais il n\u2019est pas impossible que pitou ou minou prenne la poudre d\u2019escampette en poursuivant un petit animal ou que vous soyez victime d\u2019un vol et qu\u2019il prenne la fuite \u00e0 ce moment. La licence est donc un bon moyen pour retrouver rapidement votre compagnon \u00e0 quatre pattes.<\/p>\n<p>De plus, l\u2019achat de la licence profite aux animaux s\u00e9journant au refuge, puisqu&rsquo;une partie de son co\u00fbt sert directement aux services\/soins des animaux abandonn\u00e9s et errants. Donc, en plus de prot\u00e9ger votre animal, vous aidez tous les animaux du refuge!<\/p>\n<p>Avez-vous pens\u00e9 \u00e0 faire implanter une <a href=\"https:\/\/spa-quebec.ca\/ancien-site\/implantation-de-micropuces\/\" target=\"_blank\" rel=\"noopener\">micropuce<\/a> \u00e0 votre animal en plus de lui procurer la licence de votre ville?<\/p>\n<p><strong>* Prenez note qu&rsquo;un frais de 10$ s&rsquo;appliquera pour les ch\u00e8ques sans provision.<\/strong><\/p>\n<\/div>\n<\/div>\n<\/div>\n<\/div>\n<\/div>\n<\/div>\n<\/div>\n<div id=\"cmsms_row_69e1318a46868\" class=\"cmsms_row cmsms_color_scheme_default\">\n<div class=\"cmsms_row_outer_parent\">\n<div class=\"cmsms_row_outer\">\n<div class=\"cmsms_row_inner\">\n<div class=\"cmsms_row_margin\">\n<div class=\"cmsms_column one_first\">\n<div class=\"cmsms_toggles toggles_mode_accordion\" data-animation=\"fadeIn\" data-delay=\"50\">\n<div class=\"cmsms_toggle_wrap\" data-tags=\"all \">\n<div class=\"cmsms_toggle_title\">\n<span class=\"cmsms_toggle_plus\">\n<span class=\"cmsms_toggle_plus_hor\"><\/span>\n<span class=\"cmsms_toggle_plus_vert\"><\/span>\n<\/span>\n<a href=\"#\">Se procurer une licence \/ Renouveler une licence<\/a>\n<\/div>\n<div class=\"cmsms_toggle\">\n<div class=\"cmsms_toggle_inner\">\n<ul>\n<li><a href=\"https:\/\/www.jedonneenligne.org\/spadequebec\/LICBOISCHATEL\/\">Boischatel<\/a><\/li>\n<li><a href=\"https:\/\/www.jedonneenligne.org\/spadequebec\/LICDONNA\/\">Donnacona<\/a><\/li>\n<li><a href=\"https:\/\/www.jedonneenligne.org\/spadequebec\/LICFOSSAMBAULT\/\" target=\"_blank\" rel=\"noopener\">Fossambault-sur-le-lac<\/a><\/li>\n<li><a href=\"https:\/\/www.jedonneenligne.org\/spadequebec\/LICNEU\/\">Neuville<\/a><\/li>\n<li><a href=\"https:\/\/www.jedonneenligne.org\/spadequebec\/LICPONTROUGE\/\">Pont-Rouge<\/a><\/li>\n<li><a href=\"https:\/\/www.jedonneenligne.org\/spadequebec\/LICSTONEHAM\/\" target=\"_blank\" rel=\"noopener\">Stoneham et Tewkesbury<\/a><\/li>\n<li><a href=\"https:\/\/www.jedonneenligne.org\/spadequebec\/LICSTECATH\/\">Sainte-Catherine-de-la-Jacques-Cartier<\/a><\/li>\n<li><a href=\"https:\/\/www.jedonneenligne.org\/spadequebec\/LICIOSTEFAM\/\">Sainte-Famille-de-l&rsquo;\u00cele-d&rsquo;Orl\u00e9ans<\/a><\/li>\n<li><a href=\"https:\/\/www.jedonneenligne.org\/spadequebec\/LICIOSTFRA\/\">Saint-Fran\u00e7ois-de-l&rsquo;\u00cele-d&rsquo;Orl\u00e9ans<\/a><\/li>\n<li><a href=\"https:\/\/www.jedonneenligne.org\/spadequebec\/LICIOSTJEAN\/\">Saint-Jean-de-l&rsquo;\u00cele-d&rsquo;Orl\u00e9ans<\/a><\/li>\n<li><a href=\"https:\/\/www.jedonneenligne.org\/spadequebec\/LICSTMARC\/\">Saint-Marc-des-Carri\u00e8res<\/a><\/li>\n<li><a href=\"https:\/\/www.jedonneenligne.org\/spadequebec\/LICIOSTEPET\/\">Sainte-P\u00e9tronille<\/a><\/li>\n<li><a href=\"https:\/\/www.jedonneenligne.org\/spadequebec\/LICIOSTPI\/\">Saint-Pierre-de-l&rsquo;\u00cele-d&rsquo;Orl\u00e9ans<\/a><\/li>\n<\/ul>\n<p><strong>* Prenez note qu&rsquo;un frais de 10$ s&rsquo;appliquera pour les ch\u00e8ques sans provision.<\/strong><\/p>\n<p>Vous devez contacter votre municipalit\u00e9 pour conna\u00eetre les r\u00e8glements relatifs aux animaux et aux licences. Vous pouvez aussi consulter leur site Internet en consultant les <a href=\"https:\/\/spa-quebec.ca\/ancien-site\/a-propos\/municipalites-desservies\/\" target=\"_blank\" rel=\"noopener\">municipalit\u00e9s desservies<\/a>.\u00a0\u00a0Si vous r\u00e9sidez dans la ville de Qu\u00e9bec, c\u2019est la ville qui s\u2019occupe des licences canines, donc communiquez avec votre arrondissement pour vous inscrire. La Ville de L&rsquo;Ancienne-Lorette s&rsquo;occupe \u00e9galement de ses propres licences et vous invite \u00e0 communiquer avec son \u00e9quipe par courriel au <a href=\"mailto:licencechien@lancienne-lorette.org\">licencechien@lancienne-lorette.org<\/a><\/p>\n<\/div>\n<\/div>\n<\/div><div class=\"cmsms_toggle_wrap\" data-tags=\"all \">\n<div class=\"cmsms_toggle_title\">\n<span class=\"cmsms_toggle_plus\">\n<span class=\"cmsms_toggle_plus_hor\"><\/span>\n<span class=\"cmsms_toggle_plus_vert\"><\/span>\n<\/span>\n<a href=\"#\">Aviser d\u2032un changement d\u2032adresse<\/a>\n<\/div>\n<div class=\"cmsms_toggle\">\n<div class=\"cmsms_toggle_inner\">\n<p>Que vous d\u00e9m\u00e9nagiez dans une autre municipalit\u00e9 ou non, vous devez <a href=\"https:\/\/spa-quebec.ca\/ancien-site\/nous-joindre\/\">communiquer avec nous<\/a>\u00a0pour tout changement \u00e0 votre dossier.\u00a0 Si vous changez de municipalit\u00e9, vous devez enregistrer de nouveau votre animal aupr\u00e8s du responsable des licences canines de ce secteur.<\/p>\n<p>La SPA de Qu\u00e9bec offre le service de licence canine uniquement pour Fossambault-sur-le-Lac, Ste-Brigitte-de-Laval, Sainte-Catherine-de-la-Jacques-Cartier et Stoneham, villes o\u00f9 la licence canine est obligatoire.<\/p>\n<p>Si vous r\u00e9sidez dans la ville de Qu\u00e9bec, c\u2019est la ville qui s\u2019occupe des licences canines, donc communiquez avec votre arrondissement pour vous inscrire.<\/p>\n<p><strong>* Prenez note qu&rsquo;un frais de 10$ s&rsquo;appliquera pour les ch\u00e8ques sans provision.<\/strong><\/p>\n<\/div>\n<\/div>\n<\/div><\/div>\n<\/div>\n<\/div>\n<\/div>\n<\/div>\n<\/div>\n<\/div>\n","protected":false},"excerpt":{"rendered":"<p>Modalit\u00e9s de renouvellement des licences en raison de la gr\u00e8ve En raison de la gr\u00e8ve en cours chez Postes Canada, nous demandons aux citoyens.nes concern\u00e9s.es de privil\u00e9gier le contact direct pour le renouvellement des licences. Afin de vous assurer que votre dossier soit trait\u00e9 dans les meilleurs d\u00e9lais, veuillez communiquer avec notre responsable au\u00a0418-527-9104, poste&#8230;<\/p>\n","protected":false},"author":21,"featured_media":0,"parent":5699,"menu_order":0,"comment_status":"closed","ping_status":"closed","template":"","meta":{"_acf_changed":false,"footnotes":""},"class_list":["post-4493","page","type-page","status-publish","hentry"],"acf":[],"_links":{"self":[{"href":"https:\/\/spa-quebec.ca\/ancien-site\/wp-json\/wp\/v2\/pages\/4493","targetHints":{"allow":["GET"]}}],"collection":[{"href":"https:\/\/spa-quebec.ca\/ancien-site\/wp-json\/wp\/v2\/pages"}],"about":[{"href":"https:\/\/spa-quebec.ca\/ancien-site\/wp-json\/wp\/v2\/types\/page"}],"author":[{"embeddable":true,"href":"https:\/\/spa-quebec.ca\/ancien-site\/wp-json\/wp\/v2\/users\/21"}],"replies":[{"embeddable":true,"href":"https:\/\/spa-quebec.ca\/ancien-site\/wp-json\/wp\/v2\/comments?post=4493"}],"version-history":[{"count":12,"href":"https:\/\/spa-quebec.ca\/ancien-site\/wp-json\/wp\/v2\/pages\/4493\/revisions"}],"predecessor-version":[{"id":10699,"href":"https:\/\/spa-quebec.ca\/ancien-site\/wp-json\/wp\/v2\/pages\/4493\/revisions\/10699"}],"up":[{"embeddable":true,"href":"https:\/\/spa-quebec.ca\/ancien-site\/wp-json\/wp\/v2\/pages\/5699"}],"wp:attachment":[{"href":"https:\/\/spa-quebec.ca\/ancien-site\/wp-json\/wp\/v2\/media?parent=4493"}],"curies":[{"name":"wp","href":"https:\/\/api.w.org\/{rel}","templated":true}]}}