{"id":4873,"date":"2017-09-26T12:43:13","date_gmt":"2017-09-26T16:43:13","guid":{"rendered":"https:\/\/spa-quebec.ca\/ancien-site\/?page_id=4873"},"modified":"2021-05-02T12:56:04","modified_gmt":"2021-05-02T16:56:04","slug":"bien-se-choisir-un-compagnon","status":"publish","type":"page","link":"https:\/\/spa-quebec.ca\/ancien-site\/adoption-spa\/bien-se-choisir-un-compagnon\/","title":{"rendered":"Bien se choisir un compagnon"},"content":{"rendered":"<style type=\"text\/css\"><\/style><h2>Il faut se poser une question importante : pourquoi veut-on un animal de compagnie ?<\/h2>\n<p>Votre animal va faire partie de la famille pendant plusieurs ann\u00e9es. Ainsi durant toute sa vie, il vous sera fid\u00e8le en vous apportant de la joie, de l\u2019amour mais imposera aussi certaines contraintes. En tant que futur propri\u00e9taire d\u2019un animal, vous avez des devoirs et des obligations envers lui.<\/p>\n<p>Il est important de tenir compte de l\u2019aspect financier :<\/p>\n<ul>\n<li>Nourriture<\/li>\n<li>Accessoires et jouets<\/li>\n<li>V\u00e9t\u00e9rinaire : st\u00e9rilisation, vaccins annuels, maladies \u00e9ventuelles, impr\u00e9vus, etc.<\/li>\n<li>M\u00e9daille annuelle obligatoire (chiens)<\/li>\n<li><a href=\"https:\/\/spa-quebec.ca\/ancien-site\/implantation-de-micropuces\/\" target=\"_blank\" rel=\"noopener\">Implantation d&rsquo;une micropuce<\/a><\/li>\n<\/ul>\n<p>Vous devez aussi penser \u00e0 son bien-\u00eatre :<\/p>\n<ul>\n<li>Sortie ext\u00e9rieure (chiens) (malgr\u00e9 la pluie ou l\u2019hiver rigoureux)<\/li>\n<li>Cours d&rsquo;\u00e9ducation canine<\/li>\n<li>Liti\u00e8re r\u00e9guli\u00e8rement nettoy\u00e9e<\/li>\n<li>Nourriture de bonne qualit\u00e9<\/li>\n<li>Eau fra\u00eeche en tout temps<\/li>\n<li>Du temps de qualit\u00e9 \u00e0 passer avec lui (\u00e9ducation, jeu et entretien)<\/li>\n<li>Abri ext\u00e9rieur ad\u00e9quat (chiens vivant en permanence dehors)<\/li>\n<li>Beaucoup de patience !<\/li>\n<\/ul>\n<p>De plus, gardez \u00e0 l\u2019esprit que certaines races de chien ne sont pas forcement faites pour votre\u00a0 mode de vie. Imaginons un grand danois dans un petit appartement, certes ce sont des chiens calmes mais tout de m\u00eame \u2026<\/p>\n<p>Le caract\u00e8re du chien ou du chat est \u00e9videmment important. Lors d\u2019une \u00e9ventuelle adoption \u00e0 la SPA de Qu\u00e9bec, n\u2019h\u00e9sitez pas \u00e0 nous questionner sur l\u2019animal qui vous int\u00e9resse. N\u2019oubliez pas qu\u2019il est toujours possible et primordial de promener un chien\u00a0 sur le terrain de la SPA ou de manipuler un chat avant toute adoption.<\/p>\n<p>Si les contraintes de l\u2019adoption d\u2019un chien ou d\u2019un chat ne conviennent pas \u00e0 votre mode de vie, songez peut-\u00eatre \u00e0 vous tourner vers un autre type d\u2019animal tel que le furet, le lapin, la tortue, le cobaye, l\u2019oiseau, etc. Par contre, soyez conscient que ces animaux ont eux aussi leurs propres contraintes.<\/p>\n<p>Bonne et heureuse vie \u00e0 vous et vos compagnons !<\/p>\n","protected":false},"excerpt":{"rendered":"<p>Il faut se poser une question importante : pourquoi veut-on un animal de compagnie ? Votre animal va faire partie de la famille pendant plusieurs ann\u00e9es. Ainsi durant toute sa vie, il vous sera fid\u00e8le en vous apportant de la joie, de l\u2019amour mais imposera aussi certaines contraintes. En tant que futur propri\u00e9taire d\u2019un animal,&#8230;<\/p>\n","protected":false},"author":21,"featured_media":0,"parent":5719,"menu_order":0,"comment_status":"closed","ping_status":"closed","template":"","meta":{"_acf_changed":false,"footnotes":""},"class_list":["post-4873","page","type-page","status-publish","hentry"],"acf":[],"_links":{"self":[{"href":"https:\/\/spa-quebec.ca\/ancien-site\/wp-json\/wp\/v2\/pages\/4873","targetHints":{"allow":["GET"]}}],"collection":[{"href":"https:\/\/spa-quebec.ca\/ancien-site\/wp-json\/wp\/v2\/pages"}],"about":[{"href":"https:\/\/spa-quebec.ca\/ancien-site\/wp-json\/wp\/v2\/types\/page"}],"author":[{"embeddable":true,"href":"https:\/\/spa-quebec.ca\/ancien-site\/wp-json\/wp\/v2\/users\/21"}],"replies":[{"embeddable":true,"href":"https:\/\/spa-quebec.ca\/ancien-site\/wp-json\/wp\/v2\/comments?post=4873"}],"version-history":[{"count":0,"href":"https:\/\/spa-quebec.ca\/ancien-site\/wp-json\/wp\/v2\/pages\/4873\/revisions"}],"up":[{"embeddable":true,"href":"https:\/\/spa-quebec.ca\/ancien-site\/wp-json\/wp\/v2\/pages\/5719"}],"wp:attachment":[{"href":"https:\/\/spa-quebec.ca\/ancien-site\/wp-json\/wp\/v2\/media?parent=4873"}],"curies":[{"name":"wp","href":"https:\/\/api.w.org\/{rel}","templated":true}]}}