{"id":4879,"date":"2017-09-26T13:07:35","date_gmt":"2017-09-26T17:07:35","guid":{"rendered":"https:\/\/spa-quebec.ca\/ancien-site\/?page_id=4879"},"modified":"2021-05-02T12:56:05","modified_gmt":"2021-05-02T16:56:05","slug":"modalites-dadoption","status":"publish","type":"page","link":"https:\/\/spa-quebec.ca\/ancien-site\/modalites-dadoption\/","title":{"rendered":"Modalit\u00e9s d&rsquo;adoption"},"content":{"rendered":"<style type=\"text\/css\"><\/style><p>Lorsque vous voyez un animal \u00e0 l&rsquo;adoption \u00e0 la SPA de Qu\u00e9bec, il faut savoir qu&rsquo;il a eu un examen de sant\u00e9 effectu\u00e9 par un v\u00e9t\u00e9rinaire (la plupart du temps)\u00a0et un examen de comportement avant de pouvoir trouver une nouvelle famille. Des centaines de personnes visitent nos locaux toutes les semaines dont, entre autre, des enfants. Il est \u00e9vident que nous ne pouvons pas nous permettre d&rsquo;avoir un animal agressif, voire dangereux, \u00e0 l&rsquo;adoption. \u00c0 la suite de ces examens, tous les chiens et les chats re\u00e7oivent un vaccin et un traitement pr\u00e9ventif contre les vers ronds. L&rsquo;\u00e9quipe de soins en poste prend soin, tous les matins, de v\u00e9rifier que nos animaux mangent bien et qu&rsquo;ils soient toujours en sant\u00e9.<\/p>\n<h3><strong>La garantie de sant\u00e9 pour les chiens et les chats <\/strong><\/h3>\n<p>Lorsque vous adoptez un animal vous partez avec une garantie de sant\u00e9 de 14 jours. C&rsquo;est-\u00e0-dire que si l&rsquo;animal\u00a0a un probl\u00e8me de sant\u00e9 dans les 14 jours suivant la date d&rsquo;adoption, vous devez nous contacter et un technicien prendra rendez-vous avec notre v\u00e9t\u00e9rinaire, s&rsquo;il y a lieu, ou il vous fera les recommandations appropri\u00e9es. \u00c9videmment, la garantie de sant\u00e9 couvre les m\u00e9dicaments, qui sont \u00e0 nos frais selon le traitement. Certaines modalit\u00e9s s&rsquo;appliquent et elles vous seront expliqu\u00e9es lors d&rsquo;une adoption. Si vous ne pouvez garder l&rsquo;animal que vous venez d&rsquo;adopter, la garantie de sant\u00e9 vous donne 2 mois pour nous le ramener sans frais, mais par contre il n&rsquo;y a pas d&rsquo;\u00e9change, ni de remboursement possible.<\/p>\n<h3><strong>Avant de faire votre choix final &#8230;<\/strong><\/h3>\n<p>Il est conseill\u00e9 de prendre du temps avec l&rsquo;animal avant de l&rsquo;adopter. Pour cela, nous offrons la possibilit\u00e9 \u00e0 nos visiteurs de promener nos chiens sur le terrain sous certaines conditions.<\/p>\n<p>Pour nos minous, vous pouvez\u00a0ouvrir leur cage, avec l&rsquo;aide d&rsquo;un pr\u00e9pos\u00e9, si vous \u00eates int\u00e9ress\u00e9 \u00e0 les adopter mais contrairement aux chiens, ils sont plus timides et trop de manipulations peuvent les stresser. Nous imposons \u00e0 nos visiteurs de se laver les mains (des distributeurs sont plac\u00e9s sur tous les murs)\u00a0en arrivant et entre chaque animal caress\u00e9 et de ne pas prendre les chats dans vos bras sauf sur accord du pr\u00e9pos\u00e9. Vous pouvez transporter des virus ou bact\u00e9ries sans vous en rendre compte, et ainsi contaminer nos minous.<\/p>\n<p>Lors de votre visite, n&rsquo;h\u00e9sitez pas \u00e0 poser des questions aux pr\u00e9pos\u00e9s identifi\u00e9s et il nous fera plaisir de vous r\u00e9pondre.<\/p>\n<p>Notez que vous devez avoir une pi\u00e8ce d&rsquo;identit\u00e9 avec photo et adresse pour adopter un animal \u00e0 la SPA de Qu\u00e9bec. Cette d\u00e9marche a pour but premier de nous assurer de la responsabilit\u00e9 du futur propri\u00e9taire de l&rsquo;animal. Voulant de plus en plus instaurer la notion de \u00a0\u00bb gardien responsable \u00ab\u00a0, il est de notre devoir de veiller \u00e0 une certaine stabilit\u00e9 de l&rsquo;animal.\u00a0L&rsquo;incapacit\u00e9 de fournir une preuve d\u2019identit\u00e9 avec photo et adresse permet donc \u00e0 la SPA de douter des intentions de l&rsquo;adoptant \u00e0\u00a0poss\u00e9der un animal. De plus, cela permet \u00e0 la SPA d&rsquo;avoir acc\u00e8s \u00e0 une certaine tra\u00e7abilit\u00e9 de l&rsquo;animal adopt\u00e9 et de son nouveau propri\u00e9taire tel que pr\u00e9conis\u00e9 par\u00a0certaines instances.<\/p>\n","protected":false},"excerpt":{"rendered":"<p>Lorsque vous voyez un animal \u00e0 l&rsquo;adoption \u00e0 la SPA de Qu\u00e9bec, il faut savoir qu&rsquo;il a eu un examen de sant\u00e9 effectu\u00e9 par un v\u00e9t\u00e9rinaire (la plupart du temps)\u00a0et un examen de comportement avant de pouvoir trouver une nouvelle famille. Des centaines de personnes visitent nos locaux toutes les semaines dont, entre autre, des&#8230;<\/p>\n","protected":false},"author":21,"featured_media":0,"parent":0,"menu_order":0,"comment_status":"closed","ping_status":"closed","template":"","meta":{"_acf_changed":false,"footnotes":""},"class_list":["post-4879","page","type-page","status-publish","hentry"],"acf":[],"_links":{"self":[{"href":"https:\/\/spa-quebec.ca\/ancien-site\/wp-json\/wp\/v2\/pages\/4879","targetHints":{"allow":["GET"]}}],"collection":[{"href":"https:\/\/spa-quebec.ca\/ancien-site\/wp-json\/wp\/v2\/pages"}],"about":[{"href":"https:\/\/spa-quebec.ca\/ancien-site\/wp-json\/wp\/v2\/types\/page"}],"author":[{"embeddable":true,"href":"https:\/\/spa-quebec.ca\/ancien-site\/wp-json\/wp\/v2\/users\/21"}],"replies":[{"embeddable":true,"href":"https:\/\/spa-quebec.ca\/ancien-site\/wp-json\/wp\/v2\/comments?post=4879"}],"version-history":[{"count":0,"href":"https:\/\/spa-quebec.ca\/ancien-site\/wp-json\/wp\/v2\/pages\/4879\/revisions"}],"wp:attachment":[{"href":"https:\/\/spa-quebec.ca\/ancien-site\/wp-json\/wp\/v2\/media?parent=4879"}],"curies":[{"name":"wp","href":"https:\/\/api.w.org\/{rel}","templated":true}]}}