{"id":4892,"date":"2017-09-26T13:53:21","date_gmt":"2017-09-26T17:53:21","guid":{"rendered":"https:\/\/spa-quebec.ca\/ancien-site\/?page_id=4892"},"modified":"2021-05-02T12:56:05","modified_gmt":"2021-05-02T16:56:05","slug":"placement-sans-reprise","status":"publish","type":"page","link":"https:\/\/spa-quebec.ca\/ancien-site\/placement-sans-reprise\/","title":{"rendered":"Placement SANS reprise"},"content":{"rendered":"<style type=\"text\/css\"><\/style><h2>Placement SANS possibilit\u00e9 de reprendre votre animal s&rsquo;il ne peut \u00eatre plac\u00e9 \u00e0 l&rsquo;adoption<\/h2>\n<p>Un placement SANS possibilit\u00e9 de reprise de l&rsquo;animal signifie que vous ne serez pas contact\u00e9 si l&rsquo;animal ne peut \u00eatre plac\u00e9 \u00e0 l&rsquo;adoption.<\/p>\n<ul>\n<li>Vous devez \u00eatre le propri\u00e9taire ou avoir d\u00fbment \u00e9t\u00e9 mandat\u00e9 par le propri\u00e9taire de cet animal, afin d&rsquo;avoir l&rsquo;autorit\u00e9 pour c\u00e9der tous droits sur celui-ci \u00e0 la SPA de Qu\u00e9bec. Compl\u00e9tez <a href=\"https:\/\/spa-quebec.ca\/ancien-site\/wp-content\/uploads\/2017\/10\/2015-12-14-Procuration-pour-Site.pdf\">la procuration cr\u00e9\u00e9e par la SPA<\/a> si vous n&rsquo;\u00eates pas le propri\u00e9taire de l&rsquo;animal.<\/li>\n<li>Vous acceptez que la SPA de Qu\u00e9bec favorise en tout premier lieu la remise \u00e0 l\u2019adoption, mais l\u2019euthanasie peut malgr\u00e9 tout s\u2019av\u00e9rer le moyen de disposition appliqu\u00e9 selon des crit\u00e8res tels la sant\u00e9, le comportement, l\u2019\u00e2ge, voire la surpopulation et que vous ne serez pas avis\u00e9 du moyen de disposition.<\/li>\n<li>La renonciation de tout droit sur l&rsquo;animal confi\u00e9 \u00e0 la SPA de Qu\u00e9bec implique que si l\u2019animal a \u00e9t\u00e9 adopt\u00e9, les lois en vigueur ne permettent pas \u00e0 la SPA de divulguer le nom du nouveau propri\u00e9taire.<\/li>\n<li>Il n\u2019y a aucun remboursement des frais relatifs \u00e0 la demande de placement d&rsquo;un animal, m\u00eame si vous voulez reprendre l\u2019animal avant sa disposition. La SPA peut m\u00eame facturer des frais suppl\u00e9mentaires (vaccins re\u00e7us, traitements, str\u00e9rilisation, frais de pension, ect&#8230;).<\/li>\n<\/ul>\n","protected":false},"excerpt":{"rendered":"<p>Placement SANS possibilit\u00e9 de reprendre votre animal s&rsquo;il ne peut \u00eatre plac\u00e9 \u00e0 l&rsquo;adoption Un placement SANS possibilit\u00e9 de reprise de l&rsquo;animal signifie que vous ne serez pas contact\u00e9 si l&rsquo;animal ne peut \u00eatre plac\u00e9 \u00e0 l&rsquo;adoption. Vous devez \u00eatre le propri\u00e9taire ou avoir d\u00fbment \u00e9t\u00e9 mandat\u00e9 par le propri\u00e9taire de cet animal, afin d&rsquo;avoir&#8230;<\/p>\n","protected":false},"author":21,"featured_media":0,"parent":0,"menu_order":0,"comment_status":"closed","ping_status":"closed","template":"","meta":{"_acf_changed":false,"footnotes":""},"class_list":["post-4892","page","type-page","status-publish","hentry"],"acf":[],"_links":{"self":[{"href":"https:\/\/spa-quebec.ca\/ancien-site\/wp-json\/wp\/v2\/pages\/4892","targetHints":{"allow":["GET"]}}],"collection":[{"href":"https:\/\/spa-quebec.ca\/ancien-site\/wp-json\/wp\/v2\/pages"}],"about":[{"href":"https:\/\/spa-quebec.ca\/ancien-site\/wp-json\/wp\/v2\/types\/page"}],"author":[{"embeddable":true,"href":"https:\/\/spa-quebec.ca\/ancien-site\/wp-json\/wp\/v2\/users\/21"}],"replies":[{"embeddable":true,"href":"https:\/\/spa-quebec.ca\/ancien-site\/wp-json\/wp\/v2\/comments?post=4892"}],"version-history":[{"count":0,"href":"https:\/\/spa-quebec.ca\/ancien-site\/wp-json\/wp\/v2\/pages\/4892\/revisions"}],"wp:attachment":[{"href":"https:\/\/spa-quebec.ca\/ancien-site\/wp-json\/wp\/v2\/media?parent=4892"}],"curies":[{"name":"wp","href":"https:\/\/api.w.org\/{rel}","templated":true}]}}