{"id":4920,"date":"2024-03-18T13:25:23","date_gmt":"2024-03-18T17:25:23","guid":{"rendered":"https:\/\/spa-quebec.ca\/ancien-site\/?page_id=4920"},"modified":"2025-10-20T11:37:29","modified_gmt":"2025-10-20T15:37:29","slug":"sterilisation-ciblee","status":"publish","type":"page","link":"https:\/\/spa-quebec.ca\/ancien-site\/services\/sterilisation-ciblee\/","title":{"rendered":"St\u00e9rilisation cibl\u00e9e"},"content":{"rendered":"<style type=\"text\/css\"> \n#cmsms_row_69e12e88b2858 .cmsms_row_outer_parent { \n\tpadding-top: 0px; \n} \n\n#cmsms_row_69e12e88b2858 .cmsms_row_outer_parent { \n\tpadding-bottom: 50px; \n} \n\n \n#cmsms_row_69e12e88b2a52 .cmsms_row_outer_parent { \n\tpadding-top: 0px; \n} \n\n#cmsms_row_69e12e88b2a52 .cmsms_row_outer_parent { \n\tpadding-bottom: 50px; \n} \n\n<\/style><p><img loading=\"lazy\" decoding=\"async\" class=\"alignnone wp-image-10703 \" src=\"https:\/\/spa-quebec.ca\/ancien-site\/wp-content\/uploads\/2025\/10\/Bannieres-2-300x126.jpg\" alt=\"\" width=\"618\" height=\"259\" srcset=\"https:\/\/spa-quebec.ca\/ancien-site\/wp-content\/uploads\/2025\/10\/Bannieres-2-300x126.jpg 300w, https:\/\/spa-quebec.ca\/ancien-site\/wp-content\/uploads\/2025\/10\/Bannieres-2-1024x429.jpg 1024w, https:\/\/spa-quebec.ca\/ancien-site\/wp-content\/uploads\/2025\/10\/Bannieres-2-768x322.jpg 768w, https:\/\/spa-quebec.ca\/ancien-site\/wp-content\/uploads\/2025\/10\/Bannieres-2-1536x644.jpg 1536w, https:\/\/spa-quebec.ca\/ancien-site\/wp-content\/uploads\/2025\/10\/Bannieres-2-2048x858.jpg 2048w, https:\/\/spa-quebec.ca\/ancien-site\/wp-content\/uploads\/2025\/10\/Bannieres-2-580x243.jpg 580w, https:\/\/spa-quebec.ca\/ancien-site\/wp-content\/uploads\/2025\/10\/Bannieres-2-820x344.jpg 820w, https:\/\/spa-quebec.ca\/ancien-site\/wp-content\/uploads\/2025\/10\/Bannieres-2-1160x486.jpg 1160w\" sizes=\"auto, (max-width: 618px) 100vw, 618px\" \/><\/p>\n<div id=\"cmsms_row_69e12e88b2858\" class=\"cmsms_row cmsms_color_scheme_default\">\n<div class=\"cmsms_row_outer_parent\">\n<div class=\"cmsms_row_outer\">\n<div class=\"cmsms_row_inner\">\n<div class=\"cmsms_row_margin\">\n<div class=\"cmsms_column one_first\">\n<div class=\"cmsms_text\">\n<p style=\"font-weight: 400;\"><strong>En raison du nombre important d\u2019animaux pris en charge par le refuge, les st\u00e9rilisations dans le cadre de ce programme ne peuvent \u00eatre offertes au public pour le moment. Nous vous invitons \u00e0 consulter cette page r\u00e9guli\u00e8rement afin de prendre connaissance des mises \u00e0 jour \u00e9ventuelles. Nous vous remercions de votre compr\u00e9hension.<\/strong><\/p>\n<p style=\"font-weight: 400;\"><strong>L\u2019\u00e9quipe du refuge SPA de Qu\u00e9bec<\/strong><\/p>\n<p><strong style=\"font-size: revert;\">Pour vous inscrire:\u00a0<\/strong><\/p>\n<ul>\n<li>Vous devez \u00eatre en situation financi\u00e8re pr\u00e9caire.<\/li>\n<li>Vous devez habiter dans une des <a href=\"https:\/\/spa-quebec.ca\/ancien-site\/a-propos\/municipalites-desservies\/\">villes desservies par la SPA de Qu\u00e9bec.<\/a><\/li>\n<li>Vous devez communiquer avec la SPA de Qu\u00e9bec dans la p\u00e9riode d&rsquo;inscription cit\u00e9e plus haut et laissez un message indiquant votre nom et vos cordonn\u00e9es au 418 527 9104 poste 604.<\/li>\n<\/ul>\n<p><img loading=\"lazy\" decoding=\"async\" class=\" wp-image-8776\" src=\"https:\/\/spa-quebec.ca\/ancien-site\/wp-content\/uploads\/2022\/03\/SPA-SterilisationCiblee2022-232x300.jpg\" alt=\"St\u00e9\" width=\"596\" height=\"770\" srcset=\"https:\/\/spa-quebec.ca\/ancien-site\/wp-content\/uploads\/2022\/03\/SPA-SterilisationCiblee2022-232x300.jpg 232w, https:\/\/spa-quebec.ca\/ancien-site\/wp-content\/uploads\/2022\/03\/SPA-SterilisationCiblee2022-768x994.jpg 768w, https:\/\/spa-quebec.ca\/ancien-site\/wp-content\/uploads\/2022\/03\/SPA-SterilisationCiblee2022-1187x1536.jpg 1187w, https:\/\/spa-quebec.ca\/ancien-site\/wp-content\/uploads\/2022\/03\/SPA-SterilisationCiblee2022-1583x2048.jpg 1583w, https:\/\/spa-quebec.ca\/ancien-site\/wp-content\/uploads\/2022\/03\/SPA-SterilisationCiblee2022-820x1061.jpg 820w, https:\/\/spa-quebec.ca\/ancien-site\/wp-content\/uploads\/2022\/03\/SPA-SterilisationCiblee2022-1160x1501.jpg 1160w, https:\/\/spa-quebec.ca\/ancien-site\/wp-content\/uploads\/2022\/03\/SPA-SterilisationCiblee2022-scaled.jpg 1978w\" sizes=\"auto, (max-width: 596px) 100vw, 596px\" \/><\/p>\n<\/div>\n<\/div>\n<\/div>\n<\/div>\n<\/div>\n<\/div>\n<\/div>\n<div id=\"cmsms_row_69e12e88b2a52\" class=\"cmsms_row cmsms_color_scheme_default\">\n<div class=\"cmsms_row_outer_parent\">\n<div class=\"cmsms_row_outer\">\n<div class=\"cmsms_row_inner\">\n<div class=\"cmsms_row_margin\">\n<div class=\"cmsms_column one_first\">\n<div class=\"cmsms_toggles toggles_mode_accordion\">\n<div class=\"cmsms_toggle_wrap\" data-tags=\"all \">\n<div class=\"cmsms_toggle_title\">\n<span class=\"cmsms_toggle_plus\">\n<span class=\"cmsms_toggle_plus_hor\"><\/span>\n<span class=\"cmsms_toggle_plus_vert\"><\/span>\n<\/span>\n<a href=\"#\">Proc\u00e9dure <\/a>\n<\/div>\n<div class=\"cmsms_toggle\">\n<div class=\"cmsms_toggle_inner\">\n<ul>\n<li>Composer le 418-527-9104 #604<\/li>\n<li>Laissez un message avec votre nom et les num\u00e9ros de t\u00e9l\u00e9phone pour vous joindre<\/li>\n<li>Attendez un retour d&rsquo;appel pour faire l&rsquo;entrevue t\u00e9l\u00e9phonique afin de savoir si vous vous qualifiez officiellement<\/li>\n<\/ul>\n<p>*Une s\u00e9lection sera effectu\u00e9e selon plusieurs crit\u00e8res (sant\u00e9, \u00e2ge, etc.), car le nombre de place est limit\u00e9s. Il y aussi une limite par client.<\/p>\n<\/div>\n<\/div>\n<\/div><div class=\"cmsms_toggle_wrap\" data-tags=\"all \">\n<div class=\"cmsms_toggle_title\">\n<span class=\"cmsms_toggle_plus\">\n<span class=\"cmsms_toggle_plus_hor\"><\/span>\n<span class=\"cmsms_toggle_plus_vert\"><\/span>\n<\/span>\n<a href=\"#\">D\u00e9tails importants <\/a>\n<\/div>\n<div class=\"cmsms_toggle\">\n<div class=\"cmsms_toggle_inner\">\n<ul>\n<li>Nous fonctionnons avec un syst\u00e8me de liste d&rsquo;attente. Prenez note que durant la saison estivale, le d\u00e9lai peut \u00eatre plus long en raison du grand nombre d&rsquo;animaux que nous devons traiter au refuge.<\/li>\n<li>Vous devez \u00eatre majeur et propri\u00e9taire de l&rsquo;animal \u00e0 st\u00e9riliser pour pouvoir passer \u00e0 la qualification en vue d&rsquo;\u00eatre inscrit sur la liste d&rsquo;attente.<\/li>\n<li>Il est important de laisser un ou des num\u00e9ros de t\u00e9l\u00e9phone o\u00f9 il est possible de<strong> vous joindre rapidement<\/strong>, car les premiers joints seront les premiers servis.<\/li>\n<\/ul>\n<\/div>\n<\/div>\n<\/div><div class=\"cmsms_toggle_wrap\" data-tags=\"all \">\n<div class=\"cmsms_toggle_title\">\n<span class=\"cmsms_toggle_plus\">\n<span class=\"cmsms_toggle_plus_hor\"><\/span>\n<span class=\"cmsms_toggle_plus_vert\"><\/span>\n<\/span>\n<a href=\"#\">Tarifs chat <\/a>\n<\/div>\n<div class=\"cmsms_toggle\">\n<div class=\"cmsms_toggle_inner\">\n<ul>\n<li><span data-slate-object=\"text\" data-key=\"589\">Castration chat : 110$* <\/span><span data-slate-object=\"text\" data-key=\"593\"><br \/>\n<\/span><\/li>\n<li><span data-slate-object=\"text\" data-key=\"460\">St\u00e9rilisation chatte : 138$*\u00a0<\/span><\/li>\n<\/ul>\n<p><span data-slate-object=\"text\" data-key=\"26\">*Possibilit\u00e9 d&rsquo;i<span class=\"id_37a69d6d-9c91-49c4-a192-315df09f556a-50\" data-slate-object=\"mark\" data-info=\"noeud\">nclure<\/span> un vaccin de base, 2 doses de vermifuge \u00e0 faible co\u00fbt. Nous pouvons \u00e9galement implanter une micropuce au co\u00fbt de 41$ lors de la st\u00e9rilisation.<br \/>\n<\/span><span data-slate-object=\"text\" data-key=\"27\"><span class=\"empan_orange_plat\" data-slate-object=\"mark\" data-info=\"noeud\"><span class=\"empan_orange_plat_debut\" data-slate-object=\"mark\" data-info=\"noeud\"><span class=\"id_a288cfed-d114-45f0-984f-47369157f6b2-24\" data-slate-object=\"mark\" data-info=\"noeud\">N<\/span><\/span><\/span><\/span><span data-slate-object=\"text\" data-key=\"28\"><span class=\"empan_orange_plat\" data-slate-object=\"mark\" data-info=\"noeud\"><span class=\"id_a288cfed-d114-45f0-984f-47369157f6b2-24\" data-slate-object=\"mark\" data-info=\"noeud\">on taxable en raison d<\/span><\/span><\/span><span data-slate-object=\"text\" data-key=\"29\"><span class=\"empan_orange_plat\" data-slate-object=\"mark\" data-info=\"noeud\"><span class=\"empan_orange_plat_fin\" data-slate-object=\"mark\" data-info=\"noeud\"><span class=\"id_a288cfed-d114-45f0-984f-47369157f6b2-24\" data-slate-object=\"mark\" data-info=\"noeud\">e<\/span><\/span><\/span><\/span><span data-slate-object=\"text\" data-key=\"30\" data-slate-fragment=\"JTdCJTIyb2JqZWN0JTIyJTNBJTIyZG9jdW1lbnQlMjIlMkMlMjJkYXRhJTIyJTNBJTdCJTdEJTJDJTIybm9kZXMlMjIlM0ElNUIlN0IlMjJvYmplY3QlMjIlM0ElMjJibG9jayUyMiUyQyUyMnR5cGUlMjIlM0ElMjJ6b25lJTIyJTJDJTIyZGF0YSUyMiUzQSU3QiU3RCUyQyUyMm5vZGVzJTIyJTNBJTVCJTdCJTIyb2JqZWN0JTIyJTNBJTIyYmxvY2slMjIlMkMlMjJ0eXBlJTIyJTNBJTIybGlnbmUlMjIlMkMlMjJkYXRhJTIyJTNBJTdCJTdEJTJDJTIybm9kZXMlMjIlM0ElNUIlN0IlMjJvYmplY3QlMjIlM0ElMjJibG9jayUyMiUyQyUyMnR5cGUlMjIlM0ElMjJkZWZhdWx0LWVsZW1lbnQlMjIlMkMlMjJkYXRhJTIyJTNBJTdCJTdEJTJDJTIybm9kZXMlMjIlM0ElNUIlN0IlMjJvYmplY3QlMjIlM0ElMjJ0ZXh0JTIyJTJDJTIydGV4dCUyMiUzQSUyMkNhc3RyYXRpb24lMjBjaGF0JTIwJTNBJTIwODAlMjQqJTIwJTIyJTJDJTIybWFya3MlMjIlM0ElNUIlNUQlN0QlMkMlN0IlMjJvYmplY3QlMjIlM0ElMjJ0ZXh0JTIyJTJDJTIydGV4dCUyMiUzQSUyMmluY2x1dCUyMiUyQyUyMm1hcmtzJTIyJTNBJTVCJTdCJTIyb2JqZWN0JTIyJTNBJTIybWFyayUyMiUyQyUyMnR5cGUlMjIlM0ElMjJjbGFzc05hbWUlMjIlMkMlMjJkYXRhJTIyJTNBJTdCJTIyY2xhc3NOYW1lJTIyJTNBJTIyaWRfMzdhNjlkNmQtOWM5MS00OWM0LWExOTItMzE1ZGYwOWY1NTZhLTUwJTIyJTdEJTdEJTJDJTdCJTIyb2JqZWN0JTIyJTNBJTIybWFyayUyMiUyQyUyMnR5cGUlMjIlM0ElMjJUcmFpdEZpbk9yYW5nZSUyMiUyQyUyMmRhdGElMjIlM0ElN0IlN0QlN0QlNUQlN0QlMkMlN0IlMjJvYmplY3QlMjIlM0ElMjJ0ZXh0JTIyJTJDJTIydGV4dCUyMiUzQSUyMiUyMHVuJTIwdmFjY2luJTIwZGUlMjBiYXNlJTJDJTIwMiUyMGRvc2VzJTIwZGUlMjB2ZXJtaWZ1Z2UlMjBldCUyMGxlcyUyMCUyMiUyQyUyMm1hcmtzJTIyJTNBJTVCJTVEJTdEJTJDJTdCJTIyb2JqZWN0JTIyJTNBJTIydGV4dCUyMiUyQyUyMnRleHQlMjIlM0ElMjJhbnRpZG91bGV1cnMlMjIlMkMlMjJtYXJrcyUyMiUzQSU1QiU3QiUyMm9iamVjdCUyMiUzQSUyMm1hcmslMjIlMkMlMjJ0eXBlJTIyJTNBJTIyY2xhc3NOYW1lJTIyJTJDJTIyZGF0YSUyMiUzQSU3QiUyMmNsYXNzTmFtZSUyMiUzQSUyMmlkXzM3YTY5ZDZkLTljOTEtNDljNC1hMTkyLTMxNWRmMDlmNTU2YS01MiUyMiU3RCU3RCUyQyU3QiUyMm9iamVjdCUyMiUzQSUyMm1hcmslMjIlMkMlMjJ0eXBlJTIyJTNBJTIyVHJhaXRWZXJ0JTIyJTJDJTIyZGF0YSUyMiUzQSU3QiU3RCU3RCU1RCU3RCUyQyU3QiUyMm9iamVjdCUyMiUzQSUyMnRleHQlMjIlMkMlMjJ0ZXh0JTIyJTNBJTIyJTIwcG9zdG9wJUMzJUE5cmF0b2lyZXMuJTIyJTJDJTIybWFya3MlMjIlM0ElNUIlNUQlN0QlMkMlN0IlMjJvYmplY3QlMjIlM0ElMjJ0ZXh0JTIyJTJDJTIydGV4dCUyMiUzQSUyMiUyMCUyMiUyQyUyMm1hcmtzJTIyJTNBJTVCJTdCJTIyb2JqZWN0JTIyJTNBJTIybWFyayUyMiUyQyUyMnR5cGUlMjIlM0ElMjJGb250R3Jpc05vcm1hbGlzYXklMjIlMkMlMjJkYXRhJTIyJTNBJTdCJTdEJTdEJTVEJTdEJTJDJTdCJTIyb2JqZWN0JTIyJTNBJTIydGV4dCUyMiUyQyUyMnRleHQlMjIlM0ElMjIlNUNuJTIyJTJDJTIybWFya3MlMjIlM0ElNUIlN0IlMjJvYmplY3QlMjIlM0ElMjJtYXJrJTIyJTJDJTIydHlwZSUyMiUzQSUyMkNhclNlcGFyYXRldXIlMjIlMkMlMjJkYXRhJTIyJTNBJTdCJTdEJTdEJTVEJTdEJTJDJTdCJTIyb2JqZWN0JTIyJTNBJTIydGV4dCUyMiUyQyUyMnRleHQlMjIlM0ElMjIlNUNuJTIyJTJDJTIybWFya3MlMjIlM0ElNUIlN0IlMjJvYmplY3QlMjIlM0ElMjJtYXJrJTIyJTJDJTIydHlwZSUyMiUzQSUyMkZvbnRHcmlzTm9ybWFsaXNheSUyMiUyQyUyMmRhdGElMjIlM0ElN0IlN0QlN0QlNUQlN0QlMkMlN0IlMjJvYmplY3QlMjIlM0ElMjJ0ZXh0JTIyJTJDJTIydGV4dCUyMiUzQSUyMlN0JUMzJUE5cmlsaXNhdGlvbiUyMGNoYXR0ZSUyMCUzQSUyMDEwMCUyNColMjAlMjIlMkMlMjJtYXJrcyUyMiUzQSU1QiU1RCU3RCUyQyU3QiUyMm9iamVjdCUyMiUzQSUyMnRleHQlMjIlMkMlMjJ0ZXh0JTIyJTNBJTIyaW5jbHV0JTIyJTJDJTIybWFya3MlMjIlM0ElNUIlN0IlMjJvYmplY3QlMjIlM0ElMjJtYXJrJTIyJTJDJTIydHlwZSUyMiUzQSUyMmNsYXNzTmFtZSUyMiUyQyUyMmRhdGElMjIlM0ElN0IlMjJjbGFzc05hbWUlMjIlM0ElMjJpZF9hMWFjNmE3Zi02MmRkLTRlYjctOWE0OC1iNzRkZWZmOGE0ZjItNTYlMjIlN0QlN0QlMkMlN0IlMjJvYmplY3QlMjIlM0ElMjJtYXJrJTIyJTJDJTIydHlwZSUyMiUzQSUyMmNsYXNzTmFtZSUyMiUyQyUyMmRhdGElMjIlM0ElN0IlMjJjbGFzc05hbWUlMjIlM0ElMjJpZF9hMWFjNmE3Zi02MmRkLTRlYjctOWE0OC1iNzRkZWZmOGE0ZjItNTUlMjIlN0QlN0QlMkMlN0IlMjJvYmplY3QlMjIlM0ElMjJtYXJrJTIyJTJDJTIydHlwZSUyMiUzQSUyMlRyYWl0VmVydCUyMiUyQyUyMmRhdGElMjIlM0ElN0IlN0QlN0QlNUQlN0QlMkMlN0IlMjJvYmplY3QlMjIlM0ElMjJ0ZXh0JTIyJTJDJTIydGV4dCUyMiUzQSUyMiUyMHVuJTIwdmFjY2luJTIwZGUlMjBiYXNlJTJDJTIwMiUyMGRvc2VzJTIwZGUlMjB2ZXJtaWZ1Z2UlMjBldCUyMGxlcyUyMGFudGlkb3VsZXVycyUyMCUyMiUyQyUyMm1hcmtzJTIyJTNBJTVCJTVEJTdEJTJDJTdCJTIyb2JqZWN0JTIyJTNBJTIydGV4dCUyMiUyQyUyMnRleHQlMjIlM0ElMjJwb3N0b3AlQzMlQTlyYXRvaXJlcyUyMiUyQyUyMm1hcmtzJTIyJTNBJTVCJTdCJTIyb2JqZWN0JTIyJTNBJTIybWFyayUyMiUyQyUyMnR5cGUlMjIlM0ElMjJjbGFzc05hbWUlMjIlMkMlMjJkYXRhJTIyJTNBJTdCJTIyY2xhc3NOYW1lJTIyJTNBJTIyaWRfYTFhYzZhN2YtNjJkZC00ZWI3LTlhNDgtYjc0ZGVmZjhhNGYyLTU4JTIyJTdEJTdEJTJDJTdCJTIyb2JqZWN0JTIyJTNBJTIybWFyayUyMiUyQyUyMnR5cGUlMjIlM0ElMjJUcmFpdFZlcnQlMjIlMkMlMjJkYXRhJTIyJTNBJTdCJTdEJTdEJTVEJTdEJTJDJTdCJTIyb2JqZWN0JTIyJTNBJTIydGV4dCUyMiUyQyUyMnRleHQlMjIlM0ElMjIuJTIyJTJDJTIybWFya3MlMjIlM0ElNUIlNUQlN0QlMkMlN0IlMjJvYmplY3QlMjIlM0ElMjJ0ZXh0JTIyJTJDJTIydGV4dCUyMiUzQSUyMiUyMCUyMiUyQyUyMm1hcmtzJTIyJTNBJTVCJTdCJTIyb2JqZWN0JTIyJTNBJTIybWFyayUyMiUyQyUyMnR5cGUlMjIlM0ElMjJGb250R3Jpc05vcm1hbGlzYXklMjIlMkMlMjJkYXRhJTIyJTNBJTdCJTdEJTdEJTVEJTdEJTJDJTdCJTIyb2JqZWN0JTIyJTNBJTIydGV4dCUyMiUyQyUyMnRleHQlMjIlM0ElMjIlNUNuJTIyJTJDJTIybWFya3MlMjIlM0ElNUIlN0IlMjJvYmplY3QlMjIlM0ElMjJtYXJrJTIyJTJDJTIydHlwZSUyMiUzQSUyMkNhclNlcGFyYXRldXIlMjIlMkMlMjJkYXRhJTIyJTNBJTdCJTdEJTdEJTVEJTdEJTJDJTdCJTIyb2JqZWN0JTIyJTNBJTIydGV4dCUyMiUyQyUyMnRleHQlMjIlM0ElMjIlNUNuJTIyJTJDJTIybWFya3MlMjIlM0ElNUIlN0IlMjJvYmplY3QlMjIlM0ElMjJtYXJrJTIyJTJDJTIydHlwZSUyMiUzQSUyMkZvbnRHcmlzTm9ybWFsaXNheSUyMiUyQyUyMmRhdGElMjIlM0ElN0IlN0QlN0QlNUQlN0QlMkMlN0IlMjJvYmplY3QlMjIlM0ElMjJ0ZXh0JTIyJTJDJTIydGV4dCUyMiUzQSUyMiolMjIlMkMlMjJtYXJrcyUyMiUzQSU1QiU1RCU3RCUyQyU3QiUyMm9iamVjdCUyMiUzQSUyMnRleHQlMjIlMkMlMjJ0ZXh0JTIyJTNBJTIyTiUyMiUyQyUyMm1hcmtzJTIyJTNBJTVCJTdCJTIyb2JqZWN0JTIyJTNBJTIybWFyayUyMiUyQyUyMnR5cGUlMjIlM0ElMjJjbGFzc05hbWUlMjIlMkMlMjJkYXRhJTIyJTNBJTdCJTIyY2xhc3NOYW1lJTIyJTNBJTIyaWRfYTI4OGNmZWQtZDExNC00NWYwLTk4NGYtNDczNjkxNTdmNmIyLTI0JTIyJTdEJTdEJTJDJTdCJTIyb2JqZWN0JTIyJTNBJTIybWFyayUyMiUyQyUyMnR5cGUlMjIlM0ElMjJCbG9jRW1wYW5PcmFuZ2VHYXVjaGUlMjIlMkMlMjJkYXRhJTIyJTNBJTdCJTdEJTdEJTJDJTdCJTIyb2JqZWN0JTIyJTNBJTIybWFyayUyMiUyQyUyMnR5cGUlMjIlM0ElMjJCbG9jRW1wYW5PcmFuZ2UlMjIlMkMlMjJkYXRhJTIyJTNBJTdCJTdEJTdEJTVEJTdEJTJDJTdCJTIyb2JqZWN0JTIyJTNBJTIydGV4dCUyMiUyQyUyMnRleHQlMjIlM0ElMjJvbiUyMHRheGFibGUlMjBlbiUyMHJhaXNvbiUyMGQlMjIlMkMlMjJtYXJrcyUyMiUzQSU1QiU3QiUyMm9iamVjdCUyMiUzQSUyMm1hcmslMjIlMkMlMjJ0eXBlJTIyJTNBJTIyY2xhc3NOYW1lJTIyJTJDJTIyZGF0YSUyMiUzQSU3QiUyMmNsYXNzTmFtZSUyMiUzQSUyMmlkX2EyODhjZmVkLWQxMTQtNDVmMC05ODRmLTQ3MzY5MTU3ZjZiMi0yNCUyMiU3RCU3RCUyQyU3QiUyMm9iamVjdCUyMiUzQSUyMm1hcmslMjIlMkMlMjJ0eXBlJTIyJTNBJTIyQmxvY0VtcGFuT3JhbmdlJTIyJTJDJTIyZGF0YSUyMiUzQSU3QiU3RCU3RCU1RCU3RCUyQyU3QiUyMm9iamVjdCUyMiUzQSUyMnRleHQlMjIlMkMlMjJ0ZXh0JTIyJTNBJTIyZSUyMiUyQyUyMm1hcmtzJTIyJTNBJTVCJTdCJTIyb2JqZWN0JTIyJTNBJTIybWFyayUyMiUyQyUyMnR5cGUlMjIlM0ElMjJjbGFzc05hbWUlMjIlMkMlMjJkYXRhJTIyJTNBJTdCJTIyY2xhc3NOYW1lJTIyJTNBJTIyaWRfYTI4OGNmZWQtZDExNC00NWYwLTk4NGYtNDczNjkxNTdmNmIyLTI0JTIyJTdEJTdEJTJDJTdCJTIyb2JqZWN0JTIyJTNBJTIybWFyayUyMiUyQyUyMnR5cGUlMjIlM0ElMjJCbG9jRW1wYW5PcmFuZ2VEcm9pdCUyMiUyQyUyMmRhdGElMjIlM0ElN0IlN0QlN0QlMkMlN0IlMjJvYmplY3QlMjIlM0ElMjJtYXJrJTIyJTJDJTIydHlwZSUyMiUzQSUyMkJsb2NFbXBhbk9yYW5nZSUyMiUyQyUyMmRhdGElMjIlM0ElN0IlN0QlN0QlNUQlN0QlMkMlN0IlMjJvYmplY3QlMjIlM0ElMjJ0ZXh0JTIyJTJDJTIydGV4dCUyMiUzQSUyMiUyMG5vdHJlJTIwc3RhdHV0JTIwZCdvcmdhbmlzbWUlMjAlQzMlQTAlMjBidXQlMjBub24lMjBsdWNyYXRpZi4lMjIlMkMlMjJtYXJrcyUyMiUzQSU1QiU1RCU3RCUyQyU3QiUyMm9iamVjdCUyMiUzQSUyMnRleHQlMjIlMkMlMjJ0ZXh0JTIyJTNBJTIyJTIwJTIyJTJDJTIybWFya3MlMjIlM0ElNUIlN0IlMjJvYmplY3QlMjIlM0ElMjJtYXJrJTIyJTJDJTIydHlwZSUyMiUzQSUyMkNhclNlcGFyYXRldXIlMjIlMkMlMjJkYXRhJTIyJTNBJTdCJTdEJTdEJTVEJTdEJTVEJTdEJTVEJTdEJTVEJTdEJTVEJTdE\"> notre statut d&rsquo;organisme \u00e0 but non lucratif. Prix sujet aux changements.<\/span><\/p>\n<\/div>\n<\/div>\n<\/div><\/div>\n<\/div>\n<\/div>\n<\/div>\n<\/div>\n<\/div>\n<\/div>\n\n","protected":false},"excerpt":{"rendered":"","protected":false},"author":21,"featured_media":0,"parent":5699,"menu_order":0,"comment_status":"closed","ping_status":"closed","template":"","meta":{"_acf_changed":false,"footnotes":""},"class_list":["post-4920","page","type-page","status-publish","hentry"],"acf":[],"_links":{"self":[{"href":"https:\/\/spa-quebec.ca\/ancien-site\/wp-json\/wp\/v2\/pages\/4920","targetHints":{"allow":["GET"]}}],"collection":[{"href":"https:\/\/spa-quebec.ca\/ancien-site\/wp-json\/wp\/v2\/pages"}],"about":[{"href":"https:\/\/spa-quebec.ca\/ancien-site\/wp-json\/wp\/v2\/types\/page"}],"author":[{"embeddable":true,"href":"https:\/\/spa-quebec.ca\/ancien-site\/wp-json\/wp\/v2\/users\/21"}],"replies":[{"embeddable":true,"href":"https:\/\/spa-quebec.ca\/ancien-site\/wp-json\/wp\/v2\/comments?post=4920"}],"version-history":[{"count":17,"href":"https:\/\/spa-quebec.ca\/ancien-site\/wp-json\/wp\/v2\/pages\/4920\/revisions"}],"predecessor-version":[{"id":10706,"href":"https:\/\/spa-quebec.ca\/ancien-site\/wp-json\/wp\/v2\/pages\/4920\/revisions\/10706"}],"up":[{"embeddable":true,"href":"https:\/\/spa-quebec.ca\/ancien-site\/wp-json\/wp\/v2\/pages\/5699"}],"wp:attachment":[{"href":"https:\/\/spa-quebec.ca\/ancien-site\/wp-json\/wp\/v2\/media?parent=4920"}],"curies":[{"name":"wp","href":"https:\/\/api.w.org\/{rel}","templated":true}]}}