{"id":4942,"date":"2017-09-26T16:11:38","date_gmt":"2017-09-26T20:11:38","guid":{"rendered":"https:\/\/spa-quebec.ca\/ancien-site\/?page_id=4942"},"modified":"2024-03-12T12:03:11","modified_gmt":"2024-03-12T16:03:11","slug":"location-de-cages-de-capture","status":"publish","type":"page","link":"https:\/\/spa-quebec.ca\/ancien-site\/services\/location-de-cages-de-capture\/","title":{"rendered":"Location de cages de capture"},"content":{"rendered":"<style type=\"text\/css\"><\/style><p>Les animaux de la petite faune et les animaux domestiques ont parfois tendance \u00e0 \u00e9lire domicile sous nos cabanons et nos galeries, \u00e0 fouiner dans nos jardins ou nos rocailles.<\/p>\n<p>Une solution s\u00e9curitaire pour la capture de ces animaux s\u2019offre \u00e0 vous: la cage-trappe ! Disponibles en location \u00e0 la SPA de Qu\u00e9bec, ces cages permettent de capturer les animaux de la petite faune ainsi que les chats de mani\u00e8re \u00e0 ne pas les manipuler.<\/p>\n<h3>Modalit\u00e9 de location<\/h3>\n<p>Tous les citoyens demeurant dans les municipalit\u00e9s desservies peuvent louer une cage-trappe \u00e0 la SPA. La p\u00e9riode de location est du 1er avril au 31 octobre de chaque ann\u00e9e. La dur\u00e9e de location est d\u2019une p\u00e9riode maximale de 7 jours. D\u00e9pendant de votre secteur ou de l\u2019animal \u00e0 attraper, les modalit\u00e9s de location diff\u00e8rent. Contactez-nous pour conna\u00eetre les frais exacts li\u00e9s \u00e0 votre besoin. Il est aussi important de noter que les d\u00e9p\u00f4ts devront obligatoirement \u00eatre faits par Paiement direct ou par Carte de cr\u00e9dit.<\/p>\n<p>Vous \u00eates responsable de la cage qui vous est lou\u00e9e. Si vous la rapportez bris\u00e9e ou si vous vous la faites voler, des frais seront exig\u00e9s. De plus, nous ne sommes pas responsable du fait que vous ne puissiez r\u00e9ussir \u00e0 capturer l\u2019animal dans les d\u00e9lais pr\u00e9vus.<\/p>\n<p>Il est interdit de laisser mourir un animal dans une cage de capture, sous peine de vous voir infliger une plainte au criminel pour cruaut\u00e9 envers les animaux.<\/p>\n<h3>Ce que vous devriez savoir<\/h3>\n<p>La petite faune cherche deux choses pour s&rsquo;\u00e9tablir \u00e0 un endroit.\u00a0 D&rsquo;une part, il doit y avoir un site pour les h\u00e9berger.\u00a0 Un cabanon sur\u00e9lev\u00e9,\u00a0 une accumulation de divers articles h\u00e9t\u00e9roclites, par exemple, attirent ces animaux, donc il serait pr\u00e9f\u00e9rable de bloquer les espaces ainsi que de ramasser toute accumulation d\u2019objets qui pourrait leur servir de cachette.<\/p>\n<p>D&rsquo;autre part, il doit y avoir de la nourriture dans le secteur pour les attirer.\u00a0 La pr\u00e9sence d&rsquo;ordures ou vidanges les attire. Donc, il faudrait que les ordures soient sorties le matin m\u00eame du ramassage des vidanges ou alors dispos\u00e9es dans des poubelles difficiles \u00e0 ouvrir afin de d\u00e9courager ces petites b\u00eates.<\/p>\n<h4>App\u00e2ts<\/h4>\n<p>L\u2019app\u00e2t \u00e0 utiliser varie selon l\u2019animal \u00e0 capturer.<\/p>\n<ul>\n<li><strong>Marmotte :<\/strong> laitue, pomme, carotte<\/li>\n<li><strong>Moufette et Raton-laveur :<\/strong> nourriture \u00e0 chat en canne, pizza, poulet cuit<\/li>\n<li><strong>\u00c9cureuil :<\/strong> beurre de peanut, fromage<\/li>\n<li><strong>Chat :<\/strong> nourriture \u00e0 chat en canne, sardine<\/li>\n<\/ul>\n","protected":false},"excerpt":{"rendered":"<p>Les animaux de la petite faune et les animaux domestiques ont parfois tendance \u00e0 \u00e9lire domicile sous nos cabanons et nos galeries, \u00e0 fouiner dans nos jardins ou nos rocailles. Une solution s\u00e9curitaire pour la capture de ces animaux s\u2019offre \u00e0 vous: la cage-trappe ! Disponibles en location \u00e0 la SPA de Qu\u00e9bec, ces cages&#8230;<\/p>\n","protected":false},"author":21,"featured_media":0,"parent":5699,"menu_order":0,"comment_status":"closed","ping_status":"closed","template":"","meta":{"_acf_changed":false,"footnotes":""},"class_list":["post-4942","page","type-page","status-publish","hentry"],"acf":[],"_links":{"self":[{"href":"https:\/\/spa-quebec.ca\/ancien-site\/wp-json\/wp\/v2\/pages\/4942","targetHints":{"allow":["GET"]}}],"collection":[{"href":"https:\/\/spa-quebec.ca\/ancien-site\/wp-json\/wp\/v2\/pages"}],"about":[{"href":"https:\/\/spa-quebec.ca\/ancien-site\/wp-json\/wp\/v2\/types\/page"}],"author":[{"embeddable":true,"href":"https:\/\/spa-quebec.ca\/ancien-site\/wp-json\/wp\/v2\/users\/21"}],"replies":[{"embeddable":true,"href":"https:\/\/spa-quebec.ca\/ancien-site\/wp-json\/wp\/v2\/comments?post=4942"}],"version-history":[{"count":2,"href":"https:\/\/spa-quebec.ca\/ancien-site\/wp-json\/wp\/v2\/pages\/4942\/revisions"}],"predecessor-version":[{"id":9318,"href":"https:\/\/spa-quebec.ca\/ancien-site\/wp-json\/wp\/v2\/pages\/4942\/revisions\/9318"}],"up":[{"embeddable":true,"href":"https:\/\/spa-quebec.ca\/ancien-site\/wp-json\/wp\/v2\/pages\/5699"}],"wp:attachment":[{"href":"https:\/\/spa-quebec.ca\/ancien-site\/wp-json\/wp\/v2\/media?parent=4942"}],"curies":[{"name":"wp","href":"https:\/\/api.w.org\/{rel}","templated":true}]}}