{"id":5033,"date":"2017-09-27T14:12:50","date_gmt":"2017-09-27T18:12:50","guid":{"rendered":"https:\/\/spa-quebec.ca\/ancien-site\/?page_id=5033"},"modified":"2025-06-23T09:54:00","modified_gmt":"2025-06-23T13:54:00","slug":"rapports","status":"publish","type":"page","link":"https:\/\/spa-quebec.ca\/ancien-site\/a-propos\/rapports\/","title":{"rendered":"Rapports"},"content":{"rendered":"<style type=\"text\/css\"><\/style><div id=\"cmsms_row_69e131a134708\" class=\"cmsms_row cmsms_color_scheme_default\">\n<div class=\"cmsms_row_outer_parent\">\n<div class=\"cmsms_row_outer\">\n<div class=\"cmsms_row_inner\">\n<div class=\"cmsms_row_margin\">\n<div class=\"cmsms_column one_first\">\n<div class=\"cmsms_text\">\n<h2>Voici les rapports d&rsquo;activit\u00e9s de la SPA, ainsi que d&rsquo;autres documents li\u00e9s \u00e0 la cause animale<\/h2>\n<h3>2024<\/h3>\n<p><a href=\"https:\/\/spa-quebec.ca\/ancien-site\/wp-content\/uploads\/2025\/06\/SPA_RA2024_Final4.pdf\">Rapport d&rsquo;activit\u00e9s 2024<\/a><\/p>\n<h3>2023<\/h3>\n<p><a href=\"https:\/\/spa-quebec.ca\/ancien-site\/wp-content\/uploads\/2025\/01\/Rapport-dactivites-2023.pdf\">Rapport d&rsquo;activit\u00e9s 2023<\/a><\/p>\n<h3>2022<\/h3>\n<p><a href=\"https:\/\/spa-quebec.ca\/ancien-site\/wp-content\/uploads\/2024\/01\/SPA-Rapport2022-V5.pdf\">Rapport d&rsquo;activit\u00e9s 2022<\/a><\/p>\n<h3>2021<\/h3>\n<p><a href=\"https:\/\/spa-quebec.ca\/ancien-site\/wp-content\/uploads\/2024\/01\/SPA-Rapport2021-VF-1.pdf\">Rapport d&rsquo;activit\u00e9s 2021<\/a><\/p>\n<h3>2020<\/h3>\n<p><a href=\"https:\/\/spa-quebec.ca\/ancien-site\/wp-content\/uploads\/2021\/04\/Rapport-dactivit\u00e9s-2020.pdf\">Rapport d&rsquo;activit\u00e9s 2020<\/a><\/p>\n<h3>2019<\/h3>\n<p><a href=\"https:\/\/spa-quebec.ca\/ancien-site\/wp-content\/uploads\/2021\/04\/SPA-RapAnn2019-VF.pdf\">Rapport d&rsquo;activit\u00e9s 2019\u00a0<\/a><\/p>\n<h3>2018<\/h3>\n<p><a href=\"https:\/\/spa-quebec.ca\/ancien-site\/wp-content\/uploads\/2017\/09\/Rapport-annuel-2018.pdf\">Rapport d&rsquo;activit\u00e9s 2018<\/a><\/p>\n<h3>2017<\/h3>\n<p><a href=\"https:\/\/spa-quebec.ca\/ancien-site\/wp-content\/uploads\/2018\/05\/2018-05-15-Rapport-annuel-2017-avec-mot-du-president.pdf\">Rapport d&rsquo;activit\u00e9s 2017<\/a><\/p>\n<h3>2016<\/h3>\n<p><a href=\"https:\/\/spa-quebec.ca\/ancien-site\/wp-content\/uploads\/2017\/09\/Rapport-annuel-2016.pdf\" rel=\"noopener\">Rapport d&rsquo;activit\u00e9s 2016<\/a><\/p>\n<h3>2015<\/h3>\n<p><a href=\"https:\/\/spa-quebec.ca\/ancien-site\/wp-content\/uploads\/2017\/09\/Rapport-annuel-2015.pdf\" rel=\"noopener\">Rapport d&rsquo;activit\u00e9s 2015<\/a><\/p>\n<h3>2014<\/h3>\n<p><a href=\"https:\/\/spa-quebec.ca\/ancien-site\/wp-content\/uploads\/2018\/05\/Rapport_annuel_2014_v1.3.doc_0_finale-HP.pdf\" rel=\"noopener\">Rapport d&rsquo;activit\u00e9s 2014<\/a><\/p>\n<h3>2013<\/h3>\n<p><a href=\"https:\/\/spa-quebec.ca\/ancien-site\/wp-content\/uploads\/2018\/05\/Rapport-annuel-2013-v1.pdf\">Rapport d&rsquo;activit\u00e9s 2013<\/a><\/p>\n<h3>2012<\/h3>\n<p><a href=\"https:\/\/spa-quebec.ca\/ancien-site\/wp-content\/uploads\/2018\/05\/Rapport-annuel-2012-v3.pdf\">Rapport d&rsquo;activit\u00e9s 2012<\/a><\/p>\n<p><a href=\"https:\/\/d3n8a8pro7vhmx.cloudfront.net\/cfhs\/pages\/429\/attachments\/original\/1490814583\/cfhs_catreport_french_1.pdf?1490814583\" rel=\"noopener\">Rapport de la CFHS sur la surpopulation f\u00e9line<\/a><\/p>\n<h3>2011<\/h3>\n<p><a href=\"https:\/\/spa-quebec.ca\/ancien-site\/wp-content\/uploads\/2018\/05\/SPA-Rapport-annuel-2011-v2_1.pdf\">Rapport d&rsquo;activit\u00e9s 2011<\/a><\/p>\n<h3>2010<\/h3>\n<p><a href=\"https:\/\/spa-quebec.ca\/ancien-site\/wp-content\/uploads\/2017\/09\/Rapport-annuel-2010.pdf\" rel=\"noopener\">Rapport d&rsquo;activit\u00e9s 2010<\/a><\/p>\n<h3>2009<\/h3>\n<p><a href=\"https:\/\/spa-quebec.ca\/ancien-site\/wp-content\/uploads\/2017\/09\/Rapport-annuel-2009.pdf\" rel=\"noopener\">Rapport d&rsquo;activit\u00e9s 2009<\/a><\/p>\n<p><a href=\"https:\/\/www.mapaq.gouv.qc.ca\/fr\/Publications\/RapportAnimauxcompagnie.pdf\" rel=\"noopener\">Rapport du groupe de travail provincial sur le bien-\u00eatre des animaux de compagnie<\/a><\/p>\n<h3>2008<\/h3>\n<p><a href=\"https:\/\/spa-quebec.ca\/ancien-site\/wp-content\/uploads\/2017\/09\/Rapport-annuel-2008.pdf\" rel=\"noopener\">Rapport d&rsquo;activit\u00e9s 2008<\/a><\/p>\n<\/div>\n<\/div>\n<\/div>\n<\/div>\n<\/div>\n<\/div>\n<\/div>\n\n","protected":false},"excerpt":{"rendered":"","protected":false},"author":21,"featured_media":0,"parent":4473,"menu_order":0,"comment_status":"closed","ping_status":"closed","template":"","meta":{"_acf_changed":false,"footnotes":""},"class_list":["post-5033","page","type-page","status-publish","hentry"],"acf":[],"_links":{"self":[{"href":"https:\/\/spa-quebec.ca\/ancien-site\/wp-json\/wp\/v2\/pages\/5033","targetHints":{"allow":["GET"]}}],"collection":[{"href":"https:\/\/spa-quebec.ca\/ancien-site\/wp-json\/wp\/v2\/pages"}],"about":[{"href":"https:\/\/spa-quebec.ca\/ancien-site\/wp-json\/wp\/v2\/types\/page"}],"author":[{"embeddable":true,"href":"https:\/\/spa-quebec.ca\/ancien-site\/wp-json\/wp\/v2\/users\/21"}],"replies":[{"embeddable":true,"href":"https:\/\/spa-quebec.ca\/ancien-site\/wp-json\/wp\/v2\/comments?post=5033"}],"version-history":[{"count":10,"href":"https:\/\/spa-quebec.ca\/ancien-site\/wp-json\/wp\/v2\/pages\/5033\/revisions"}],"predecessor-version":[{"id":10564,"href":"https:\/\/spa-quebec.ca\/ancien-site\/wp-json\/wp\/v2\/pages\/5033\/revisions\/10564"}],"up":[{"embeddable":true,"href":"https:\/\/spa-quebec.ca\/ancien-site\/wp-json\/wp\/v2\/pages\/4473"}],"wp:attachment":[{"href":"https:\/\/spa-quebec.ca\/ancien-site\/wp-json\/wp\/v2\/media?parent=5033"}],"curies":[{"name":"wp","href":"https:\/\/api.w.org\/{rel}","templated":true}]}}