{"id":5062,"date":"2017-10-03T10:40:13","date_gmt":"2017-10-03T14:40:13","guid":{"rendered":"https:\/\/spa-quebec.ca\/ancien-site\/?page_id=5062"},"modified":"2025-01-14T14:21:09","modified_gmt":"2025-01-14T19:21:09","slug":"avantages-conferes-a-ladoption","status":"publish","type":"page","link":"https:\/\/spa-quebec.ca\/ancien-site\/avantages-conferes-a-ladoption\/","title":{"rendered":"Avantages conf\u00e9r\u00e9s \u00e0 l&rsquo;adoption"},"content":{"rendered":"<style type=\"text\/css\"><\/style><p>En adoptant un animal \u00e0 la SPA de Qu\u00e9bec, vous contribuez \u00e0 sauver une vie et en plus, vous \u00e9conomisez!<\/p>\n<p>La SPA et ses partenaires vous remercient \u00e0 leur fa\u00e7on pour ce geste :<\/p>\n<div>\n<p><strong>La SPA offre :<\/strong><\/p>\n<ul>\n<li style=\"list-style-type: none;\">\n<ul>\n<li>Une garantie de sant\u00e9 de 14 jours sur l&rsquo;animal adopt\u00e9 (chiens et chats uniquement) ;<\/li>\n<li>Un premier vermifuge et un premier vaccin (les rappels pourraient avoir \u00e9t\u00e9 faits si l&rsquo;animal s\u00e9journe plus longuement au refuge) ;<\/li>\n<li>Un examen v\u00e9t\u00e9rinaire (des exceptions peuvent s&rsquo;appliquer) ;<\/li>\n<li>Un animal st\u00e9rilis\u00e9 ou une remise en argent selon les modalit\u00e9s expliqu\u00e9es lors de l&rsquo;adoption ;<\/li>\n<li>L&rsquo;identification permanente par micropuce ;<\/li>\n<\/ul>\n<\/li>\n<\/ul>\n<p>\u00a0<\/p>\n<p>\u00a0<\/p>\n<\/div>\n\n\n<figure class=\"wp-block-image size-large\"><img loading=\"lazy\" decoding=\"async\" width=\"1024\" height=\"683\" src=\"https:\/\/spa-quebec.ca\/ancien-site\/wp-content\/uploads\/2025\/01\/2-1-1024x683.jpg\" alt=\"\" class=\"wp-image-10090\" srcset=\"https:\/\/spa-quebec.ca\/ancien-site\/wp-content\/uploads\/2025\/01\/2-1-1024x683.jpg 1024w, https:\/\/spa-quebec.ca\/ancien-site\/wp-content\/uploads\/2025\/01\/2-1-300x200.jpg 300w, https:\/\/spa-quebec.ca\/ancien-site\/wp-content\/uploads\/2025\/01\/2-1-768x512.jpg 768w, https:\/\/spa-quebec.ca\/ancien-site\/wp-content\/uploads\/2025\/01\/2-1-1536x1024.jpg 1536w, https:\/\/spa-quebec.ca\/ancien-site\/wp-content\/uploads\/2025\/01\/2-1-2048x1365.jpg 2048w, https:\/\/spa-quebec.ca\/ancien-site\/wp-content\/uploads\/2025\/01\/2-1-580x387.jpg 580w, https:\/\/spa-quebec.ca\/ancien-site\/wp-content\/uploads\/2025\/01\/2-1-820x547.jpg 820w, https:\/\/spa-quebec.ca\/ancien-site\/wp-content\/uploads\/2025\/01\/2-1-1160x773.jpg 1160w\" sizes=\"auto, (max-width: 1024px) 100vw, 1024px\" \/><\/figure>\n\n\n\n<figure class=\"wp-block-image size-large\"><img loading=\"lazy\" decoding=\"async\" width=\"1024\" height=\"683\" src=\"https:\/\/spa-quebec.ca\/ancien-site\/wp-content\/uploads\/2025\/01\/1-4-1024x683.jpg\" alt=\"\" class=\"wp-image-10091\" srcset=\"https:\/\/spa-quebec.ca\/ancien-site\/wp-content\/uploads\/2025\/01\/1-4-1024x683.jpg 1024w, https:\/\/spa-quebec.ca\/ancien-site\/wp-content\/uploads\/2025\/01\/1-4-300x200.jpg 300w, https:\/\/spa-quebec.ca\/ancien-site\/wp-content\/uploads\/2025\/01\/1-4-768x512.jpg 768w, https:\/\/spa-quebec.ca\/ancien-site\/wp-content\/uploads\/2025\/01\/1-4-1536x1024.jpg 1536w, https:\/\/spa-quebec.ca\/ancien-site\/wp-content\/uploads\/2025\/01\/1-4-2048x1365.jpg 2048w, https:\/\/spa-quebec.ca\/ancien-site\/wp-content\/uploads\/2025\/01\/1-4-580x387.jpg 580w, https:\/\/spa-quebec.ca\/ancien-site\/wp-content\/uploads\/2025\/01\/1-4-820x547.jpg 820w, https:\/\/spa-quebec.ca\/ancien-site\/wp-content\/uploads\/2025\/01\/1-4-1160x773.jpg 1160w\" sizes=\"auto, (max-width: 1024px) 100vw, 1024px\" \/><\/figure>\n","protected":false},"excerpt":{"rendered":"<p>En adoptant un animal \u00e0 la SPA de Qu\u00e9bec, vous contribuez \u00e0 sauver une vie et en plus, vous \u00e9conomisez! La SPA et ses partenaires vous remercient \u00e0 leur fa\u00e7on pour ce geste : La SPA offre : Une garantie de sant\u00e9 de 14 jours sur l&rsquo;animal adopt\u00e9 (chiens et chats uniquement) ; Un premier&#8230;<\/p>\n","protected":false},"author":21,"featured_media":0,"parent":0,"menu_order":0,"comment_status":"closed","ping_status":"closed","template":"","meta":{"_acf_changed":false,"footnotes":""},"class_list":["post-5062","page","type-page","status-publish","hentry"],"acf":[],"_links":{"self":[{"href":"https:\/\/spa-quebec.ca\/ancien-site\/wp-json\/wp\/v2\/pages\/5062","targetHints":{"allow":["GET"]}}],"collection":[{"href":"https:\/\/spa-quebec.ca\/ancien-site\/wp-json\/wp\/v2\/pages"}],"about":[{"href":"https:\/\/spa-quebec.ca\/ancien-site\/wp-json\/wp\/v2\/types\/page"}],"author":[{"embeddable":true,"href":"https:\/\/spa-quebec.ca\/ancien-site\/wp-json\/wp\/v2\/users\/21"}],"replies":[{"embeddable":true,"href":"https:\/\/spa-quebec.ca\/ancien-site\/wp-json\/wp\/v2\/comments?post=5062"}],"version-history":[{"count":7,"href":"https:\/\/spa-quebec.ca\/ancien-site\/wp-json\/wp\/v2\/pages\/5062\/revisions"}],"predecessor-version":[{"id":10093,"href":"https:\/\/spa-quebec.ca\/ancien-site\/wp-json\/wp\/v2\/pages\/5062\/revisions\/10093"}],"wp:attachment":[{"href":"https:\/\/spa-quebec.ca\/ancien-site\/wp-json\/wp\/v2\/media?parent=5062"}],"curies":[{"name":"wp","href":"https:\/\/api.w.org\/{rel}","templated":true}]}}