{"id":5079,"date":"2017-10-16T11:32:04","date_gmt":"2017-10-16T15:32:04","guid":{"rendered":"https:\/\/spa-quebec.ca\/ancien-site\/?page_id=5079"},"modified":"2023-04-25T10:26:14","modified_gmt":"2023-04-25T14:26:14","slug":"prix-solange-hamel","status":"publish","type":"page","link":"https:\/\/spa-quebec.ca\/ancien-site\/a-propos\/prix-solange-hamel\/","title":{"rendered":"Prix Solange-Hamel"},"content":{"rendered":"<style type=\"text\/css\"><\/style><div id=\"cmsms_row_69e131a18bca2\" class=\"cmsms_row cmsms_color_scheme_default\">\n<div class=\"cmsms_row_outer_parent\">\n<div class=\"cmsms_row_outer\">\n<div class=\"cmsms_row_inner\">\n<div class=\"cmsms_row_margin\">\n<div class=\"cmsms_column one_first\">\n<div class=\"cmsms_text\">\n<h3>Objectifs du prix<\/h3>\n<div>\n<p>Le prix Solange-Hamel est instaur\u00e9 par la Soci\u00e9t\u00e9 protectrice des animaux de Qu\u00e9bec (SPA de Qu\u00e9bec) dans le but de promouvoir les bonnes actions envers les animaux. Par ce prix annuel, la SPA veut souligner et f\u00e9liciter ceux et celles qui ont \u00e0 c\u0153ur le bien des animaux et qui le manifestent concr\u00e8tement dans leur vie quotidienne. Ultimement, la SPA d\u00e9sire conscientiser la population aux bons traitements que les animaux sont en droit de recevoir, inspirer les bonnes actions et cr\u00e9er une nouvelle g\u00e9n\u00e9rations de gens impliqu\u00e9s.<\/p>\n<p>Madame Solange Hamel &#8211; qui a donn\u00e9 son nom au prix &#8211; est une femme d&rsquo;exception qui soutient la SPA de Qu\u00e9bec depuis de nombreuses ann\u00e9es. Son implication, son grand c\u0153ur et sa g\u00e9n\u00e9rosit\u00e9 est plus qu&rsquo;appr\u00e9ci\u00e9e par l&rsquo;\u00e9quipe.<\/p>\n<h3>Description du prix<\/h3>\n<\/div>\n<div>\n<p>Le prix consiste en la remise d\u2019un certificat cadeau d\u2019une valeur de 500$ chez notre partenaire<a href=\"http:\/\/www.letourno.com\"> Letourno<\/a>, une entreprise familiale qu\u00e9b\u00e9coise qui a \u00e0 c\u0153ur le bonheur de vos amis \u00e0 poils et \u00e0 plumes.<\/p>\n<div><\/div>\n<div>\n<h3>Conditions de participation<\/h3>\n<\/div>\n<ul>\n<li style=\"list-style-type: none;\">\n<ul>\n<li><span class=\"Apple-style-span\">Peut soumettre une candidature toute personne ayant plus de 16 ans et r\u00e9sidant dans la grande r\u00e9gion de Qu\u00e9bec.<\/span><\/li>\n<li><span class=\"Apple-style-span\">Pour soumettre une candidature, il n\u2019y a pas d\u2019obligation d\u2019utiliser ou d\u2019avoir d\u00e9j\u00e0 utilis\u00e9 les services de la SPA de Qu\u00e9bec.<\/span><\/li>\n<li><span class=\"Apple-style-span\">On ne peut soumettre qu\u2019une seule candidature par ann\u00e9e.<\/span><\/li>\n<li><span class=\"Apple-style-span\">On ne peut soumettre la candidature d\u2019employ\u00e9s de la SPA de Qu\u00e9bec, de membres du comit\u00e9 de s\u00e9lection, de commanditaires ou de membres de leurs familles. \u00a0De plus, les membres du comit\u00e9 de s\u00e9lection, les commanditaires ainsi que les membres de leurs familles ne peuvent soumettre de candidature.<\/span><\/li>\n<\/ul>\n<\/li>\n<\/ul>\n<div><\/div>\n<h3>Comment participer<\/h3>\n<p>Dans un texte d\u2019une page environ, ou 350 mots, pr\u00e9senter une personne qui prend soin et\/ou prot\u00e8ge des animaux de fa\u00e7on exceptionnelle. (Voir ci-apr\u00e8s, \u00ab S\u00e9lection du m\u00e9ritant \u00bb)<\/p>\n<p>Cette lettre de pr\u00e9sentation comprendra les \u00e9l\u00e9ments suivants :<\/p>\n<div>\n<ul>\n<li>Br\u00e8ve description de la personne propos\u00e9e : qui est-elle, d\u2019o\u00f9 vient-elle, que repr\u00e9sente-t-elle pour vous, etc.<\/li>\n<li>Raconter l\u2019histoire qui vous fait conclure au m\u00e9rite de cette personne : que fait-elle pour les animaux, ses initiatives concr\u00e8tes, depuis combien de temps, etc.<\/li>\n<\/ul>\n<h4>Adresser cette lettre \u00e0 :<\/h4>\n<p>Prix Solange-Hamel<br \/>\n1130, avenue Galil\u00e9e<br \/>\nQu\u00e9bec (QC) G1P 4B7<br \/>\nou envoyer par courriel \u00e0 <a href=\"mailto:info@spadequebec.ca\" target=\"_blank\" rel=\"noopener\">info@spadequebec.ca<\/a><br \/>\nVous pouvez proposer une candidature en tout temps. Elle s\u2019ajoutera aux autres re\u00e7ues.<\/p>\n<div>\n<h3>S\u00e9lection de la personne m\u00e9ritante<\/h3>\n<\/div>\n<p>Le comit\u00e9 de s\u00e9lection de la personne se m\u00e9ritant le prix Solange-Hamel est d\u00e9sign\u00e9 par le conseil d\u2019administration ou la direction de la SPA de Qu\u00e9bec.<\/p>\n<p>Les \u00e9l\u00e9ments suivants seront pris en consid\u00e9ration pour le choix de la personne m\u00e9ritante. La personne vient en aide \u00e0 des animaux de fa\u00e7on exceptionnelle :<\/p>\n<ul>\n<li>Elle am\u00e9liore concr\u00e8tement leur bien-\u00eatre et\/ou<\/li>\n<li>Elle les prot\u00e8ge et veille \u00e0 leur s\u00e9curit\u00e9 et\/ou<\/li>\n<li>Elle sensibilise son entourage \u00e0 la nature des animaux et \u00e0 leurs besoins et\/ou<\/li>\n<li>Elle sensibilise son entourage \u00e0 l\u2019apport des animaux dans la vie humaine et\/ou<\/li>\n<li>Elle contribue \u00e0 sauver des animaux abandonn\u00e9s ou en danger et\/ou<\/li>\n<li>Elle joue le r\u00f4le de bienfaitrice et\/ou de donatrice pour les animaux de la SPA de Qu\u00e9bec.<\/li>\n<\/ul>\n<p>Toutes les candidatures re\u00e7ues seront prises en consid\u00e9ration, cependant celles ne r\u00e9pondant pas aux crit\u00e8res et aux r\u00e8gles \u00e9tablies seront rejet\u00e9es. La SPA de Qu\u00e9bec ne sera pas responsable des participations perdues, mal achemin\u00e9es ou en retard.<\/p>\n<p>Le m\u00e9ritant sera choisi selon le degr\u00e9 d\u2019implication et de distinction de sa candidature en fonction des crit\u00e8res mentionn\u00e9s. La personne choisie devra confirmer que les informations \u00e0 son sujet sont v\u00e9ridiques. Elle acceptera \u00e9galement que son identit\u00e9 et son action soient connues.<\/p>\n<h4><a href=\"https:\/\/spa-quebec.ca\/ancien-site\/a-propos\/prix-solange-hamel\/recipiendaires-prix-solange-hamel\/\" target=\"_blank\" rel=\"noopener\">R\u00e9cipiendaires des ann\u00e9es pr\u00e9c\u00e9dentes<\/a><\/h4>\n<\/div>\n<\/div>\n<\/div>\n<\/div>\n<\/div>\n<\/div>\n<\/div>\n<\/div>\n<\/div>\n\n","protected":false},"excerpt":{"rendered":"","protected":false},"author":21,"featured_media":0,"parent":4473,"menu_order":0,"comment_status":"closed","ping_status":"closed","template":"","meta":{"_acf_changed":false,"footnotes":""},"class_list":["post-5079","page","type-page","status-publish","hentry"],"acf":[],"_links":{"self":[{"href":"https:\/\/spa-quebec.ca\/ancien-site\/wp-json\/wp\/v2\/pages\/5079","targetHints":{"allow":["GET"]}}],"collection":[{"href":"https:\/\/spa-quebec.ca\/ancien-site\/wp-json\/wp\/v2\/pages"}],"about":[{"href":"https:\/\/spa-quebec.ca\/ancien-site\/wp-json\/wp\/v2\/types\/page"}],"author":[{"embeddable":true,"href":"https:\/\/spa-quebec.ca\/ancien-site\/wp-json\/wp\/v2\/users\/21"}],"replies":[{"embeddable":true,"href":"https:\/\/spa-quebec.ca\/ancien-site\/wp-json\/wp\/v2\/comments?post=5079"}],"version-history":[{"count":3,"href":"https:\/\/spa-quebec.ca\/ancien-site\/wp-json\/wp\/v2\/pages\/5079\/revisions"}],"predecessor-version":[{"id":9056,"href":"https:\/\/spa-quebec.ca\/ancien-site\/wp-json\/wp\/v2\/pages\/5079\/revisions\/9056"}],"up":[{"embeddable":true,"href":"https:\/\/spa-quebec.ca\/ancien-site\/wp-json\/wp\/v2\/pages\/4473"}],"wp:attachment":[{"href":"https:\/\/spa-quebec.ca\/ancien-site\/wp-json\/wp\/v2\/media?parent=5079"}],"curies":[{"name":"wp","href":"https:\/\/api.w.org\/{rel}","templated":true}]}}