{"id":5115,"date":"2017-10-16T12:46:44","date_gmt":"2017-10-16T16:46:44","guid":{"rendered":"https:\/\/spa-quebec.ca\/ancien-site\/?page_id=5115"},"modified":"2025-09-25T13:19:20","modified_gmt":"2025-09-25T17:19:20","slug":"membres","status":"publish","type":"page","link":"https:\/\/spa-quebec.ca\/ancien-site\/a-propos\/membres\/","title":{"rendered":"Membre de la SPA de Qu\u00e9bec"},"content":{"rendered":"<style type=\"text\/css\"><\/style><div id=\"cmsms_row_69e12e8adaa56\" class=\"cmsms_row cmsms_color_scheme_default\">\n<div class=\"cmsms_row_outer_parent\">\n<div class=\"cmsms_row_outer\">\n<div class=\"cmsms_row_inner\">\n<div class=\"cmsms_row_margin\">\n<\/div>\n<\/div>\n<\/div>\n<\/div>\n<\/div>\n<div class=\"cmsms_column one_first\">\n<\/div>\n<div class=\"cmsms_text\">\n<\/div>\n<\/p>\n<p>En devenant membre, vous soutenez concr\u00e8tement la mission de la SPA de Qu\u00e9bec : am\u00e9liore la qualit\u00e9 de vie des animaux domestiques en contribuant \u00e0 leur sant\u00e9, leur bien-\u00eatre et leur s\u00e9curit\u00e9, et ce, en sensibilisant la population \u00e0 l\u2019importance de la vie animale.<\/p>\n<p class=\"\" data-start=\"230\" data-end=\"725\">Votre adh\u00e9sion annuelle de 25\u202f$ contribue directement \u00e0 nos actions et vous donne acc\u00e8s \u00e0 des avantages exclusifs, comme un rabais chez notre partenaire L\u00e9tourno, ainsi que la possibilit\u00e9 d\u2019assister \u00e0 notre Assembl\u00e9e g\u00e9n\u00e9rale annuelle, o\u00f9 vous pourrez d\u00e9couvrir en primeur toutes les activit\u00e9s et les projets d\u00e9ploy\u00e9s pour leur offrir une meilleure qualit\u00e9 de vie.<\/p>\n<p data-start=\"230\" data-end=\"725\"><em>*** <strong>Pour soumettre votre candidature \u00e0 titre d\u2019administrateur.trice, veuillez consulter le lien suivant <a href=\"https:\/\/spa-quebec.ca\/ancien-site\/candidatures_ca\/\">https:\/\/spa-quebec.ca\/ancien-site\/candidatures_ca\/<\/a> ou transmettre votre C.V. ainsi qu\u2019une lettre d\u2019intention \u00e0 l\u2019adresse courriel :<\/strong>\u00a0<strong><a href=\"mailto:ca@spadequebec.ca\">ca@spadequebec.ca<\/a><\/strong>.<\/em><\/p>\n<h3><strong>Les avantages :<\/strong><\/h3>\n<ul>\n<li>10% de rabais chez <a href=\"https:\/\/letourno.com\/succursales\/\">L\u00e9tourno<\/a> (sur pr\u00e9sentation de votre carte de membre)<\/li>\n<li>10% de rabais sur les articles et les accessoires \u00e0 la boutique de la SPA de Qu\u00e9bec (excluant les articles et accessoires usag\u00e9s)<\/li>\n<\/ul>\n<h3><strong>Cotisation annuelle\u00a0: 25 $<\/strong><\/h3>\n<p><em>Valide jusqu&rsquo;au 31 d\u00e9cembre de chaque ann\u00e9e<\/em><\/p>\n<h3 class=\"text-is-blue\"><strong><em>Pour payer votre adh\u00e9sion ou devenir membre, <a class=\"text-is-blue\" href=\"https:\/\/www.jedonneenligne.org\/spadequebec\/ADHM2025\/\">cliquez ici !<\/a><\/em><\/strong><\/h3>\n<div>\u00a0<\/div>\n<div>\u00a0<\/div>\n<h3><strong>3 cat\u00e9gories de membres :\u00a0<\/strong><\/h3>\n<h4><strong>1 &#8211; ASSOCI\u00c9<\/strong><\/h4>\n<ul>\n<li>Assiste \u00e0 l\u2019Assembl\u00e9e Annuelle<\/li>\n<li>Pas de droit de vote<\/li>\n<li>Sa candidature doit \u00eatre appuy\u00e9e par un membre du conseil d\u2019administration<\/li>\n<li>Les employ\u00e9s sont \u00e9ligibles<\/li>\n<\/ul>\n<h4>\u00a0<\/h4>\n<h4><strong>2- ACTIF<\/strong><\/h4>\n<div class=\"text-is-red\"><em><strong>(Cat\u00e9gorie r\u00e9serv\u00e9e aux membres actuels du conseil administrateur)<\/strong><\/em><\/div>\n<ul>\n<li>Doit \u00eatre membre associ\u00e9 en premier temps<\/li>\n<li>Son changement de statut doit \u00eatre appuy\u00e9 par les membres du conseil d\u2019administration<\/li>\n<li>Assiste \u00e0 l\u2019Assembl\u00e9e Annuelle<\/li>\n<li>A le droit de vote<\/li>\n<li>Les employ\u00e9s ne sont pas \u00e9ligibles<\/li>\n<\/ul>\n<h4>\u00a0<\/h4>\n<h4><strong>3 &#8211; HONORAIRE<\/strong><\/h4>\n<div class=\"text-is-red\"><em><strong>(Cat\u00e9gorie r\u00e9serv\u00e9e aux membres actuels du conseil administrateur)<\/strong><\/em><\/div>\n<ul>\n<li>Le conseil d\u2019administration, par r\u00e9solution, nomme un membre honoraire un employ\u00e9 ou personne qui a aid\u00e9 la SPA de Qu\u00e9bec par son travail ou ses dons.<\/li>\n<li>Aucune cotisation<\/li>\n<li>Pas de droit de vote<\/li>\n<\/ul>\n<p>Pour assister \u00e0 l\u2019<a href=\"https:\/\/spa-quebec.ca\/ancien-site\/aga-2025\/\">Assembl\u00e9e G\u00e9n\u00e9rale annuelle<\/a>, votre cotisation doit \u00eatre en r\u00e8gle depuis 2 mois avant la date convenue.<\/p>\n\n\n<p><\/p>\n","protected":false},"excerpt":{"rendered":"<p>En devenant membre, vous soutenez concr\u00e8tement la mission de la SPA de Qu\u00e9bec : am\u00e9liore la qualit\u00e9 de vie des animaux domestiques en contribuant \u00e0 leur sant\u00e9, leur bien-\u00eatre et leur s\u00e9curit\u00e9, et ce, en sensibilisant la population \u00e0 l\u2019importance de la vie animale. Votre adh\u00e9sion annuelle de 25\u202f$ contribue directement \u00e0 nos actions et&#8230;<\/p>\n","protected":false},"author":21,"featured_media":0,"parent":4473,"menu_order":0,"comment_status":"closed","ping_status":"closed","template":"","meta":{"_acf_changed":false,"footnotes":""},"class_list":["post-5115","page","type-page","status-publish","hentry"],"acf":[],"_links":{"self":[{"href":"https:\/\/spa-quebec.ca\/ancien-site\/wp-json\/wp\/v2\/pages\/5115","targetHints":{"allow":["GET"]}}],"collection":[{"href":"https:\/\/spa-quebec.ca\/ancien-site\/wp-json\/wp\/v2\/pages"}],"about":[{"href":"https:\/\/spa-quebec.ca\/ancien-site\/wp-json\/wp\/v2\/types\/page"}],"author":[{"embeddable":true,"href":"https:\/\/spa-quebec.ca\/ancien-site\/wp-json\/wp\/v2\/users\/21"}],"replies":[{"embeddable":true,"href":"https:\/\/spa-quebec.ca\/ancien-site\/wp-json\/wp\/v2\/comments?post=5115"}],"version-history":[{"count":26,"href":"https:\/\/spa-quebec.ca\/ancien-site\/wp-json\/wp\/v2\/pages\/5115\/revisions"}],"predecessor-version":[{"id":10674,"href":"https:\/\/spa-quebec.ca\/ancien-site\/wp-json\/wp\/v2\/pages\/5115\/revisions\/10674"}],"up":[{"embeddable":true,"href":"https:\/\/spa-quebec.ca\/ancien-site\/wp-json\/wp\/v2\/pages\/4473"}],"wp:attachment":[{"href":"https:\/\/spa-quebec.ca\/ancien-site\/wp-json\/wp\/v2\/media?parent=5115"}],"curies":[{"name":"wp","href":"https:\/\/api.w.org\/{rel}","templated":true}]}}