{"id":5227,"date":"2017-10-17T16:19:36","date_gmt":"2017-10-17T20:19:36","guid":{"rendered":"https:\/\/spa-quebec.ca\/ancien-site\/?page_id=5227"},"modified":"2021-06-16T13:55:38","modified_gmt":"2021-06-16T17:55:38","slug":"grossesse-et-abandon","status":"publish","type":"page","link":"https:\/\/spa-quebec.ca\/ancien-site\/chats\/grossesse-et-abandon\/","title":{"rendered":"Grossesse et abandon"},"content":{"rendered":"<style type=\"text\/css\"><\/style><p>Malheureusement, chaque ann\u00e9e, plusieurs chats sont abandonn\u00e9s dans des refuges pour cause de grossesse chez la femme. Les craintes sont dues aux risques de contracter la toxoplasmose, un parasite que le chat peut transmettre via un contact avec ses selles et qui peut causer des avortements ou des malformations f\u0153tales.<\/p>\n<p>Chez la plupart des individus contractant la toxoplasmose, l\u2019infection passera inaper\u00e7ue ou causera des sympt\u00f4mes grippaux. Dans la majorit\u00e9 des cas, la personne infect\u00e9e ne saura pas que ces sympt\u00f4mes \u00e9taient caus\u00e9s par ce parasite. Une fois infect\u00e9, l\u2019humain restera porteur pour plusieurs ann\u00e9es &#8211; et m\u00eame \u00e0 vie &#8211; et sera par la suite prot\u00e9g\u00e9 contre une future infection, m\u00eame en p\u00e9riode de grossesse. Chez la femme enceinte n\u2019ayant jamais contract\u00e9 l\u2019infection et qui n\u2019a donc pas d\u2019anti-corps, les risques d\u2019avortement ou de malformations sont plus importants.<\/p>\n<p>Il existe plusieurs sources d\u2019infection possibles et le chat constitue la moins probable d\u2019entre elles. En fait, toutes les esp\u00e8ces \u00e0 sang chaud, les mammif\u00e8res et les oiseux peuvent \u00eatre porteurs au niveau de leurs organes et seul le chat excr\u00e8te dans ses selles le parasite. Le chat va s\u2019infecter normalement en chassant. Tous les produits animaliers que vous consommez peuvent donc \u00eatre contamin\u00e9s (comme la viande par exemple). Toutefois, en les faisant bien cuire (\u00e0 une temp\u00e9rature \u00e9gale ou sup\u00e9rieure \u00e0 61 degr\u00e9s, \u00e9viter le four micro-onde qui a une cuisson in\u00e9gale) le danger est moindre. Tous les fruits et l\u00e9gumes provenant de jardins peuvent avoir \u00e9t\u00e9 contamin\u00e9s via la terre par des selles de chats infect\u00e9s. Il est donc tr\u00e8s important de bien les brosser de les laver \u00e0 grande eau avant de les consommer. Puisque le sol est une source de contamination, mettez des gants lors du jardinage et couvrez les carr\u00e9s de sable des enfants.<\/p>\n<p>Le chat d\u2019int\u00e9rieur ne repr\u00e9sente g\u00e9n\u00e9ralement aucun risque s\u2019il n\u2019a acc\u00e8s qu\u2019\u00e0 de la nourriture commerciale pour chat. Pour ceux allant \u00e0 l\u2019ext\u00e9rieur et qui sont contamin\u00e9s, les \u0153ufs deviennent infectieux apr\u00e8s seulement 3 ou 4 jours dans la liti\u00e8re. Ainsi, en ramassant les selles et urines tous les jours en portant des gants de caoutchouc et en jetant les excr\u00e9ments dans la poubelle, les risques d\u2019infection sont faibles. Le bac de liti\u00e8re doit \u00eatre nettoy\u00e9 r\u00e9guli\u00e8rement avec de l\u2019eau bouillante qu\u2019on laisse refroidir 10 minutes. Les liti\u00e8res agglom\u00e9rantes ont des propri\u00e9t\u00e9s ass\u00e9chantes et poss\u00e8dent donc des conditions peu propices \u00e0 l\u2019\u00e9closion des \u0153ufs. Lavez les gants de caoutchouc avec du savon \u00e0 mains apr\u00e8s chaque utilisation.<\/p>\n<h4>Quand b\u00e9b\u00e9 arrive<\/h4>\n<p>Pr\u00e9parez l\u2019arriv\u00e9e du b\u00e9b\u00e9 en faisant d\u2019abord sentir des v\u00eatements que votre b\u00e9b\u00e9 a port\u00e9s \u00e0 l\u2019h\u00f4pital (bonnet de naissance par exemple) \u00e0 votre chat. Puis, dans un environnement calme, pr\u00e9sentez-lui le poupon. Bloquez l\u2019acc\u00e8s \u00e0 la chambre du b\u00e9b\u00e9 avant son arriv\u00e9e afin que votre chat ne prenne pas l\u2019habitude d\u2019aller se coucher dans sa couchette. Pratiquez ces m\u00e9thodes d\u2019hygi\u00e8ne simples et profitez de votre grossesse avec votre chat!<\/p>\n<p>Article r\u00e9dig\u00e9 par Dre Marie-Chantale Perron, m.v.<\/p>\n","protected":false},"excerpt":{"rendered":"<p>Malheureusement, chaque ann\u00e9e, plusieurs chats sont abandonn\u00e9s dans des refuges pour cause de grossesse chez la femme. Les craintes sont dues aux risques de contracter la toxoplasmose, un parasite que le chat peut transmettre via un contact avec ses selles et qui peut causer des avortements ou des malformations f\u0153tales. Chez la plupart des individus&#8230;<\/p>\n","protected":false},"author":21,"featured_media":0,"parent":5695,"menu_order":0,"comment_status":"closed","ping_status":"closed","template":"","meta":{"_acf_changed":false,"footnotes":""},"class_list":["post-5227","page","type-page","status-publish","hentry"],"acf":[],"_links":{"self":[{"href":"https:\/\/spa-quebec.ca\/ancien-site\/wp-json\/wp\/v2\/pages\/5227","targetHints":{"allow":["GET"]}}],"collection":[{"href":"https:\/\/spa-quebec.ca\/ancien-site\/wp-json\/wp\/v2\/pages"}],"about":[{"href":"https:\/\/spa-quebec.ca\/ancien-site\/wp-json\/wp\/v2\/types\/page"}],"author":[{"embeddable":true,"href":"https:\/\/spa-quebec.ca\/ancien-site\/wp-json\/wp\/v2\/users\/21"}],"replies":[{"embeddable":true,"href":"https:\/\/spa-quebec.ca\/ancien-site\/wp-json\/wp\/v2\/comments?post=5227"}],"version-history":[{"count":0,"href":"https:\/\/spa-quebec.ca\/ancien-site\/wp-json\/wp\/v2\/pages\/5227\/revisions"}],"up":[{"embeddable":true,"href":"https:\/\/spa-quebec.ca\/ancien-site\/wp-json\/wp\/v2\/pages\/5695"}],"wp:attachment":[{"href":"https:\/\/spa-quebec.ca\/ancien-site\/wp-json\/wp\/v2\/media?parent=5227"}],"curies":[{"name":"wp","href":"https:\/\/api.w.org\/{rel}","templated":true}]}}