{"id":5236,"date":"2017-10-17T16:30:43","date_gmt":"2017-10-17T20:30:43","guid":{"rendered":"https:\/\/spa-quebec.ca\/ancien-site\/?page_id=5236"},"modified":"2021-05-02T12:56:04","modified_gmt":"2021-05-02T16:56:04","slug":"limportance-de-sterilisation","status":"publish","type":"page","link":"https:\/\/spa-quebec.ca\/ancien-site\/limportance-de-sterilisation\/","title":{"rendered":"L&rsquo;importance de la st\u00e9rilisation"},"content":{"rendered":"<style type=\"text\/css\"><\/style><p>Chaque ann\u00e9e, des milliers d\u2019animaux sont amen\u00e9s dans diff\u00e9rents refuges du Qu\u00e9bec. Malheureusement, une faible proportion d\u2019entre eux r\u00e9ussit \u00e0 se trouver une nouvelle famille. Les autres sont euthanasi\u00e9s parce que personne ne veut d\u2019eux\u2026 La solution \u00e0 ce probl\u00e8me de surpopulation se trouve entre les mains de chaque propri\u00e9taire de chat et de chien. Chacun doit \u00eatre responsable de son animal.<\/p>\n<p>Si l\u2019on pense qu\u2019un couple de chats libre peut engendrer une prog\u00e9niture de 20 000 chats en quatre ans (4 000 pour un couple de chiens en 7 ans), on comprend l\u2019envergure du probl\u00e8me.<\/p>\n<h3>Avantages de la st\u00e9rilisation<\/h3>\n<ul>\n<li>Vous n\u2019aurez plus \u00e0 trouver un foyer aux rejetons. Vous \u00e9viterez donc des euthanasies inutiles. De cette mani\u00e8re, vous contribuez \u00e0 diminuer la population de chats et chiens errants et donc \u00e0 diminuer les maladies contagieuses telles que la parvovirose ou la panleucop\u00e9nie<\/li>\n<li>Votre animal vivra plus longtemps, puisque la st\u00e9rilisation diminue grandement les risques de d\u00e9velopper des tumeurs mammaires ou testiculaires, des infections de la prostate ou des grossesses nerveuses. St\u00e9riliser son animal avant les premi\u00e8res chaleurs diminue de 90 % les risques de tumeurs<\/li>\n<li>Votre m\u00e2le sera moins port\u00e9 \u00e0 fuguer et \u00e0 se bagarrer avec ses cong\u00e9n\u00e8res. Donc moins de risques d\u2019attraper des maladies telles que le FIV ou le FeLV qui sont mortelles chez le chat<\/li>\n<li>Votre femelle ne vivra plus de p\u00e9riodes de chaleur qui semble souvent interminables. Vous n\u2019aurez plus \u00e0 subir les lamentations de votre chatte ni \u00e0 craindre que les m\u00e2les du coin ne viennent uriner autour de chez vous pour marquer leur territoire. Fini aussi les pertes de sang qui tachent les tapis et les meubles (chienne)<\/li>\n<li>Votre animal sera beaucoup plus heureux puisqu\u2019il ne souffrira pas de frustration du fait de ne pouvoir rencontrer le sexe oppos\u00e9<\/li>\n<\/ul>\n<p>Il y a donc plusieurs avantages \u00e0 la st\u00e9rilisation et ne croyez surtout pas que votre animal deviendra moins intelligent ou ob\u00e8se ! S&rsquo;il fait de l&#8217;embonpoint, c&rsquo;est qu&rsquo;il ne fait pas assez d&rsquo;exercice et que sa di\u00e8te n&rsquo;a pas \u00e9t\u00e9 ajust\u00e9e \u00e0 sa situation.<\/p>\n<h4 style=\"text-align: center;\">Chaque ann\u00e9e, des centaines de chats et de chiens doivent \u00eatre euthanasi\u00e9s d\u00fb \u00e0 la surpopulation&#8230; Agissez!<\/h4>\n","protected":false},"excerpt":{"rendered":"<p>Chaque ann\u00e9e, des milliers d\u2019animaux sont amen\u00e9s dans diff\u00e9rents refuges du Qu\u00e9bec. Malheureusement, une faible proportion d\u2019entre eux r\u00e9ussit \u00e0 se trouver une nouvelle famille. Les autres sont euthanasi\u00e9s parce que personne ne veut d\u2019eux\u2026 La solution \u00e0 ce probl\u00e8me de surpopulation se trouve entre les mains de chaque propri\u00e9taire de chat et de chien&#8230;.<\/p>\n","protected":false},"author":21,"featured_media":0,"parent":0,"menu_order":0,"comment_status":"closed","ping_status":"closed","template":"","meta":{"_acf_changed":false,"footnotes":""},"class_list":["post-5236","page","type-page","status-publish","hentry"],"acf":[],"_links":{"self":[{"href":"https:\/\/spa-quebec.ca\/ancien-site\/wp-json\/wp\/v2\/pages\/5236","targetHints":{"allow":["GET"]}}],"collection":[{"href":"https:\/\/spa-quebec.ca\/ancien-site\/wp-json\/wp\/v2\/pages"}],"about":[{"href":"https:\/\/spa-quebec.ca\/ancien-site\/wp-json\/wp\/v2\/types\/page"}],"author":[{"embeddable":true,"href":"https:\/\/spa-quebec.ca\/ancien-site\/wp-json\/wp\/v2\/users\/21"}],"replies":[{"embeddable":true,"href":"https:\/\/spa-quebec.ca\/ancien-site\/wp-json\/wp\/v2\/comments?post=5236"}],"version-history":[{"count":0,"href":"https:\/\/spa-quebec.ca\/ancien-site\/wp-json\/wp\/v2\/pages\/5236\/revisions"}],"wp:attachment":[{"href":"https:\/\/spa-quebec.ca\/ancien-site\/wp-json\/wp\/v2\/media?parent=5236"}],"curies":[{"name":"wp","href":"https:\/\/api.w.org\/{rel}","templated":true}]}}