{"id":5238,"date":"2017-10-17T16:40:24","date_gmt":"2017-10-17T20:40:24","guid":{"rendered":"https:\/\/spa-quebec.ca\/ancien-site\/?page_id=5238"},"modified":"2021-05-02T12:56:04","modified_gmt":"2021-05-02T16:56:04","slug":"limportance-de-vaccination","status":"publish","type":"page","link":"https:\/\/spa-quebec.ca\/ancien-site\/limportance-de-vaccination\/","title":{"rendered":"L&rsquo;importance de la vaccination"},"content":{"rendered":"<style type=\"text\/css\"><\/style><p>Il est important que nos compagnons \u00e0 quatre pattes soient prot\u00e9g\u00e9s. Les prot\u00e9ger, c&rsquo;est aussi prot\u00e9ger l&rsquo;humain contre des \u00e9pid\u00e9mies, car certaines maladies pr\u00e9sentes chez les animaux sont transmissibles \u00e0 l&rsquo;humain. On les appelle les zoonoses.<\/p>\n<p>Si votre animal ne sort pas \u00e0 l\u2019ext\u00e9rieur, il est vrai qu\u2019il est moins sujet \u00e0 \u00eatre malade. Mais il ne faut pas oublier que vous pouvez toujours ramener une maladie chez vous, par vos souliers, ou par le fait d\u2019avoir \u00e9t\u00e9 en contact \u00e0 l\u2019ext\u00e9rieur avec un animal. Il vaut mieux le faire vacciner au moins pour les vaccins de base. De plus, si vous devez partir en vacances et que vous n\u2019avez pas le choix que de le laisser dans une pension, bien souvent ils veulent que votre animal soit au jour de ses vaccins.<\/p>\n<p>N&rsquo;oubliez pas non plus qu&rsquo;un chaton ou un chiot, comme un vieil animal, est plus fragile, donc plus sensible aux maladies. Prot\u00e9gez-les!<\/p>\n","protected":false},"excerpt":{"rendered":"<p>Il est important que nos compagnons \u00e0 quatre pattes soient prot\u00e9g\u00e9s. Les prot\u00e9ger, c&rsquo;est aussi prot\u00e9ger l&rsquo;humain contre des \u00e9pid\u00e9mies, car certaines maladies pr\u00e9sentes chez les animaux sont transmissibles \u00e0 l&rsquo;humain. On les appelle les zoonoses. Si votre animal ne sort pas \u00e0 l\u2019ext\u00e9rieur, il est vrai qu\u2019il est moins sujet \u00e0 \u00eatre malade. Mais&#8230;<\/p>\n","protected":false},"author":21,"featured_media":0,"parent":0,"menu_order":0,"comment_status":"closed","ping_status":"closed","template":"","meta":{"_acf_changed":false,"footnotes":""},"class_list":["post-5238","page","type-page","status-publish","hentry"],"acf":[],"_links":{"self":[{"href":"https:\/\/spa-quebec.ca\/ancien-site\/wp-json\/wp\/v2\/pages\/5238","targetHints":{"allow":["GET"]}}],"collection":[{"href":"https:\/\/spa-quebec.ca\/ancien-site\/wp-json\/wp\/v2\/pages"}],"about":[{"href":"https:\/\/spa-quebec.ca\/ancien-site\/wp-json\/wp\/v2\/types\/page"}],"author":[{"embeddable":true,"href":"https:\/\/spa-quebec.ca\/ancien-site\/wp-json\/wp\/v2\/users\/21"}],"replies":[{"embeddable":true,"href":"https:\/\/spa-quebec.ca\/ancien-site\/wp-json\/wp\/v2\/comments?post=5238"}],"version-history":[{"count":0,"href":"https:\/\/spa-quebec.ca\/ancien-site\/wp-json\/wp\/v2\/pages\/5238\/revisions"}],"wp:attachment":[{"href":"https:\/\/spa-quebec.ca\/ancien-site\/wp-json\/wp\/v2\/media?parent=5238"}],"curies":[{"name":"wp","href":"https:\/\/api.w.org\/{rel}","templated":true}]}}