{"id":5242,"date":"2017-10-18T09:22:54","date_gmt":"2017-10-18T13:22:54","guid":{"rendered":"https:\/\/spa-quebec.ca\/ancien-site\/?page_id=5242"},"modified":"2021-05-02T12:56:05","modified_gmt":"2021-05-02T16:56:05","slug":"voyager-avec-votre-protege","status":"publish","type":"page","link":"https:\/\/spa-quebec.ca\/ancien-site\/voyager-avec-votre-protege\/","title":{"rendered":"Voyager avec votre prot\u00e9g\u00e9"},"content":{"rendered":"<style type=\"text\/css\"><\/style><p>Lorsque vous prenez possession d\u2019un animal et que vous \u00eates un voyageur, il est important de planifier vos d\u00e9placements et surtout de conna\u00eetre les restrictions de certains moyens de transport ou encore de certains pays. Pour avoir diverses informations sur les animaux admis dans les autres pays, consultez un agent de voyage ou le consulat du pays dans lequel vous voulez vous rendre.<\/p>\n<p>N\u2019oubliez surtout pas de vous informer au sujet des formalit\u00e9s v\u00e9t\u00e9rinaires (vaccination, identification de l\u2019animal, passeport\u2026) n\u00e9cessaires aux voyages en voiture, par avion et par train. Votre v\u00e9t\u00e9rinaire est la personne la plus apte \u00e0 vous renseigner sur le sujet.<\/p>\n<p>Pour savoir quelles compagnies de transport acceptent de transporter votre animal et \u00e0 quelles conditions, consultez les sites web suivants :<\/p>\n<h5>Par avion<\/h5>\n<ul>\n<li><a href=\"https:\/\/www.aircanada.com\/ca\/fr\/aco\/home\/plan\/special-assistance\/pets.html\" target=\"_blank\" rel=\"noopener\">Air Canada<\/a><\/li>\n<li><a href=\"https:\/\/www.airinuit.com\/fr\/special-needs\/voyager-avec-des-animaux\" target=\"_blank\" rel=\"noopener\">Air Inuit<\/a><\/li>\n<li><a href=\"https:\/\/www.westjet.com\/fr-ca\/info-voyage\/animaux-compagnie\" target=\"_blank\" rel=\"noopener\">WestJet<\/a><\/li>\n<li><a href=\"https:\/\/fr.delta.com\/content\/www\/en_US\/traveling-with-us\/special-travel-needs\/pets.html\" target=\"_blank\" rel=\"noopener\">Delta Airlines<\/a><\/li>\n<li><a href=\"https:\/\/www.flysunwing.com\/fr\/travelinfo\/FR_specialassistance.asp#TravellingWithAnimals\" target=\"_blank\" rel=\"noopener\">Sunwing Airlines<\/a><\/li>\n<li><a href=\"https:\/\/www.airtransat.com\/fr-CA\/Info-voyage\/Services-speciaux\/Animaux-de-compagnie-et-d-assistance\" target=\"_blank\" rel=\"noopener\">Air Transat<\/a><\/li>\n<\/ul>\n<h5>Par train<\/h5>\n<ul>\n<li><a href=\"https:\/\/www.viarail.ca\/fr\/infos-voyages\/animaux-de-compagnie\" target=\"_blank\" rel=\"noopener\">ViaRail<\/a><\/li>\n<\/ul>\n<p>Bon voyage!<\/p>\n","protected":false},"excerpt":{"rendered":"<p>Lorsque vous prenez possession d\u2019un animal et que vous \u00eates un voyageur, il est important de planifier vos d\u00e9placements et surtout de conna\u00eetre les restrictions de certains moyens de transport ou encore de certains pays. Pour avoir diverses informations sur les animaux admis dans les autres pays, consultez un agent de voyage ou le consulat&#8230;<\/p>\n","protected":false},"author":21,"featured_media":0,"parent":0,"menu_order":0,"comment_status":"closed","ping_status":"closed","template":"","meta":{"_acf_changed":false,"footnotes":""},"class_list":["post-5242","page","type-page","status-publish","hentry"],"acf":[],"_links":{"self":[{"href":"https:\/\/spa-quebec.ca\/ancien-site\/wp-json\/wp\/v2\/pages\/5242","targetHints":{"allow":["GET"]}}],"collection":[{"href":"https:\/\/spa-quebec.ca\/ancien-site\/wp-json\/wp\/v2\/pages"}],"about":[{"href":"https:\/\/spa-quebec.ca\/ancien-site\/wp-json\/wp\/v2\/types\/page"}],"author":[{"embeddable":true,"href":"https:\/\/spa-quebec.ca\/ancien-site\/wp-json\/wp\/v2\/users\/21"}],"replies":[{"embeddable":true,"href":"https:\/\/spa-quebec.ca\/ancien-site\/wp-json\/wp\/v2\/comments?post=5242"}],"version-history":[{"count":0,"href":"https:\/\/spa-quebec.ca\/ancien-site\/wp-json\/wp\/v2\/pages\/5242\/revisions"}],"wp:attachment":[{"href":"https:\/\/spa-quebec.ca\/ancien-site\/wp-json\/wp\/v2\/media?parent=5242"}],"curies":[{"name":"wp","href":"https:\/\/api.w.org\/{rel}","templated":true}]}}