{"id":5244,"date":"2017-10-18T09:26:04","date_gmt":"2017-10-18T13:26:04","guid":{"rendered":"https:\/\/spa-quebec.ca\/ancien-site\/?page_id=5244"},"modified":"2021-05-02T12:56:05","modified_gmt":"2021-05-02T16:56:05","slug":"voyage-en-voiture","status":"publish","type":"page","link":"https:\/\/spa-quebec.ca\/ancien-site\/voyage-en-voiture\/","title":{"rendered":"Voyage en voiture"},"content":{"rendered":"<style type=\"text\/css\"><\/style><p>Lorsque vous avez \u00e0 voyager en voiture avec votre animal que ce soit pour une visite chez le v\u00e9t\u00e9rinaire, un voyage ou par habitude, vous devez veiller \u00e0 sa s\u00e9curit\u00e9, mais aussi \u00e0 la v\u00f4tre. Id\u00e9alement, les chats et les chiens de petite taille devraient \u00eatre dans une cage de transport lors de vos d\u00e9placements.<\/p>\n<p>Le chien de plus grande taille devrait \u00eatre s\u00e9par\u00e9 du conducteur \u00e0 l\u2019aide d\u2019un filet ou d\u2019une grille de s\u00e9curit\u00e9 ou par une ceinture de s\u00e9curit\u00e9 canine facile d\u2019utilisation. Vous devriez toujours garder en t\u00eate qu\u2019un animal est un \u00eatre impr\u00e9visible. Il pourrait sauter sur le conducteur ou se glisser entre ses jambes et ainsi causer un accident de la route. En cas de freinage brutal, l\u2019animal pourrait \u00eatre projet\u00e9 sur les passagers ou \u00e0 l\u2019ext\u00e9rieur de la voiture et \u00eatre bless\u00e9. Un freinage brutal \u00e0 50 km\/h multiplie par 30 le poids de votre animal.<\/p>\n<p>Il est important de ne jamais laisser un animal seul dans la voiture l\u2019\u00e9t\u00e9, car il pourrait souffrir d\u2019un coup de chaleur qui pourrait lui \u00eatre fatal et cela m\u00eame si vous avez pris soin d\u2019entrouvrir les fen\u00eatres. L\u2019hiver, la chaleur accumul\u00e9e dans l\u2019habitacle chute rapidement, il est donc aussi important de ne pas laisser son animal seul.<\/p>\n<p>Lors de longs voyages, il faut r\u00e9guli\u00e8rement :<\/p>\n<ul>\n<li>permettre \u00e0 l\u2019animal de d\u00e9gourdir ses pattes<\/li>\n<li>lui faire faire ses besoins<\/li>\n<li>lui permettre de s\u2019abreuver<\/li>\n<\/ul>\n<p>Pour \u00e9viter les d\u00e9sagr\u00e9ments du transport, vous pouvez habituer votre animal d\u00e8s son jeune \u00e2ge \u00e0 voyager en voiture. Faites-le manger au moins 6 heures avant de partir et faites-lui faire ses besoins juste avant le d\u00e9part.<\/p>\n<p>Le code de la route n\u2019indique rien de fa\u00e7on explicite au sujet des animaux de compagnie en voiture. Par contre, il est admis qu\u2019ils ne doivent pas voyager en libert\u00e9 dans la voiture. Vous pourriez donc recevoir un constat d\u2019infraction si la personne responsable juge que la situation est dangereuse et inappropri\u00e9e.<\/p>\n<p>En appliquant ces quelques conseils, vous rendrez vos d\u00e9placements beaucoup plus s\u00e9curitaires et agr\u00e9ables.<\/p>\n","protected":false},"excerpt":{"rendered":"<p>Lorsque vous avez \u00e0 voyager en voiture avec votre animal que ce soit pour une visite chez le v\u00e9t\u00e9rinaire, un voyage ou par habitude, vous devez veiller \u00e0 sa s\u00e9curit\u00e9, mais aussi \u00e0 la v\u00f4tre. Id\u00e9alement, les chats et les chiens de petite taille devraient \u00eatre dans une cage de transport lors de vos d\u00e9placements&#8230;.<\/p>\n","protected":false},"author":21,"featured_media":0,"parent":0,"menu_order":0,"comment_status":"closed","ping_status":"closed","template":"","meta":{"_acf_changed":false,"footnotes":""},"class_list":["post-5244","page","type-page","status-publish","hentry"],"acf":[],"_links":{"self":[{"href":"https:\/\/spa-quebec.ca\/ancien-site\/wp-json\/wp\/v2\/pages\/5244","targetHints":{"allow":["GET"]}}],"collection":[{"href":"https:\/\/spa-quebec.ca\/ancien-site\/wp-json\/wp\/v2\/pages"}],"about":[{"href":"https:\/\/spa-quebec.ca\/ancien-site\/wp-json\/wp\/v2\/types\/page"}],"author":[{"embeddable":true,"href":"https:\/\/spa-quebec.ca\/ancien-site\/wp-json\/wp\/v2\/users\/21"}],"replies":[{"embeddable":true,"href":"https:\/\/spa-quebec.ca\/ancien-site\/wp-json\/wp\/v2\/comments?post=5244"}],"version-history":[{"count":0,"href":"https:\/\/spa-quebec.ca\/ancien-site\/wp-json\/wp\/v2\/pages\/5244\/revisions"}],"wp:attachment":[{"href":"https:\/\/spa-quebec.ca\/ancien-site\/wp-json\/wp\/v2\/media?parent=5244"}],"curies":[{"name":"wp","href":"https:\/\/api.w.org\/{rel}","templated":true}]}}