{"id":5246,"date":"2017-10-18T09:33:21","date_gmt":"2017-10-18T13:33:21","guid":{"rendered":"https:\/\/spa-quebec.ca\/ancien-site\/?page_id=5246"},"modified":"2021-05-02T12:56:05","modified_gmt":"2021-05-02T16:56:05","slug":"reglements-municipaux","status":"publish","type":"page","link":"https:\/\/spa-quebec.ca\/ancien-site\/reglements-municipaux\/","title":{"rendered":"R\u00e8glements municipaux"},"content":{"rendered":"<style type=\"text\/css\"><\/style><p>Pour parvenir \u00e0 une saine cohabitation entre gardiens, animaux et citoyens, plusieurs r\u00e8glements ont \u00e9t\u00e9 adopt\u00e9s par les villes et les municipalit\u00e9s desservies par la SPA.<\/p>\n<p>Contactez votre municipalit\u00e9 ou consultez son site Internet pour obtenir les r\u00e8glements concernant les animaux domestiques. <a href=\"https:\/\/spa-quebec.ca\/ancien-site\/a-propos\/municipalites-desservies\/\" target=\"_blank\" rel=\"noopener\">Consultez ici les sites Internet des villes desservies par la SPA.<\/a><\/p>\n<p>Si votre municipalit\u00e9 ou ville n&rsquo;est pas \u00e0 contrat avec la SPA, contactez-les directement pour connaitre leurs r\u00e8glements en vigueur.<\/p>\n","protected":false},"excerpt":{"rendered":"<p>Pour parvenir \u00e0 une saine cohabitation entre gardiens, animaux et citoyens, plusieurs r\u00e8glements ont \u00e9t\u00e9 adopt\u00e9s par les villes et les municipalit\u00e9s desservies par la SPA. Contactez votre municipalit\u00e9 ou consultez son site Internet pour obtenir les r\u00e8glements concernant les animaux domestiques. Consultez ici les sites Internet des villes desservies par la SPA. Si votre&#8230;<\/p>\n","protected":false},"author":21,"featured_media":0,"parent":0,"menu_order":0,"comment_status":"closed","ping_status":"closed","template":"","meta":{"_acf_changed":false,"footnotes":""},"class_list":["post-5246","page","type-page","status-publish","hentry"],"acf":[],"_links":{"self":[{"href":"https:\/\/spa-quebec.ca\/ancien-site\/wp-json\/wp\/v2\/pages\/5246","targetHints":{"allow":["GET"]}}],"collection":[{"href":"https:\/\/spa-quebec.ca\/ancien-site\/wp-json\/wp\/v2\/pages"}],"about":[{"href":"https:\/\/spa-quebec.ca\/ancien-site\/wp-json\/wp\/v2\/types\/page"}],"author":[{"embeddable":true,"href":"https:\/\/spa-quebec.ca\/ancien-site\/wp-json\/wp\/v2\/users\/21"}],"replies":[{"embeddable":true,"href":"https:\/\/spa-quebec.ca\/ancien-site\/wp-json\/wp\/v2\/comments?post=5246"}],"version-history":[{"count":0,"href":"https:\/\/spa-quebec.ca\/ancien-site\/wp-json\/wp\/v2\/pages\/5246\/revisions"}],"wp:attachment":[{"href":"https:\/\/spa-quebec.ca\/ancien-site\/wp-json\/wp\/v2\/media?parent=5246"}],"curies":[{"name":"wp","href":"https:\/\/api.w.org\/{rel}","templated":true}]}}