{"id":5283,"date":"2017-10-18T15:46:34","date_gmt":"2017-10-18T19:46:34","guid":{"rendered":"https:\/\/spa-quebec.ca\/ancien-site\/?page_id=5283"},"modified":"2025-09-02T11:36:39","modified_gmt":"2025-09-02T15:36:39","slug":"faire-un-don","status":"publish","type":"page","link":"https:\/\/spa-quebec.ca\/ancien-site\/faire-un-don\/","title":{"rendered":"Faire un don"},"content":{"rendered":"<style type=\"text\/css\"> \n#cmsms_row_69e12fb8b61e4 .cmsms_row_outer_parent { \n\tpadding-top: 0px; \n} \n\n#cmsms_row_69e12fb8b61e4 .cmsms_row_outer_parent { \n\tpadding-bottom: 50px; \n} \n\n \n#cmsms_row_69e12fb8b6781 .cmsms_row_outer_parent { \n\tpadding-top: 0px; \n} \n\n#cmsms_row_69e12fb8b6781 .cmsms_row_outer_parent { \n\tpadding-bottom: 50px; \n} \n\n \n#cmsms_row_69e12fb8b69b0 .cmsms_row_outer_parent { \n\tpadding-top: 0px; \n} \n\n#cmsms_row_69e12fb8b69b0 .cmsms_row_outer_parent { \n\tpadding-bottom: 50px; \n} \n\n \n#cmsms_row_69e12fb8b6b53 .cmsms_row_outer_parent { \n\tpadding-top: 0px; \n} \n\n#cmsms_row_69e12fb8b6b53 .cmsms_row_outer_parent { \n\tpadding-bottom: 50px; \n} \n\n<\/style><div id=\"cmsms_row_69e12fb8b61e4\" class=\"cmsms_row cmsms_color_scheme_default\">\n<div class=\"cmsms_row_outer_parent\">\n<div class=\"cmsms_row_outer\">\n<div class=\"cmsms_row_inner\">\n<div class=\"cmsms_row_margin\">\n<div class=\"cmsms_column one_first\">\n<div class=\"cmsms_text\">\n<p data-start=\"63\" data-end=\"244\">Si, en moyenne, les dons constituent entre 50 % et 70 % des revenus totaux des autres refuges au Canada, \u00e0 la SPA de Qu\u00e9bec, ils repr\u00e9sentent moins de 10 % de nos revenus.<\/p>\n<p data-start=\"246\" data-end=\"607\">Pour soutenir notre mission et nos actions, l\u2019option la plus simple et la plus efficace est le don en ligne via notre site Internet. Ce mode de contribution est privil\u00e9gi\u00e9, car il permet que la quasi-totalit\u00e9 de votre don soit consacr\u00e9e directement au bien-\u00eatre animal, plut\u00f4t que r\u00e9duite par des frais administratifs.<\/p>\n<p>La SPA utilise le site internet JE DONNE EN LIGNE, qui offre un service s\u00e9curis\u00e9 au b\u00e9n\u00e9fice des organismes sans buts lucratifs.<\/p>\n<p>Veuillez noter que les re\u00e7us fiscaux sont remis quatre fois par ann\u00e9e, soit en janvier, mai, ao\u00fbt et novembre. Pour toute question, n&rsquo;h\u00e9sitez pas \u00e0 nous \u00e9crire \u00e0 <a href=\"mailto:philanthropie@spadequebec.ca\">philanthropie@spadequebec.ca.\u00a0<\/a><\/p>\n<p style=\"background-color: rgba(7, 64, 109, 1); padding: 20px; font-size: 20px; display: inline-block; margin: 0 0 30px;\"><a style=\"text-decoration: none; font-weight: 800; color: #fff;\" href=\"https:\/\/www.jedonneenligne.org\/spadequebec\/\" target=\"_blank\" rel=\"noopener\">FAIRE UN DON EN LIGNE (CR\u00c9DIT OU VIREMENT)<\/a><\/p>\n<ul>\n<li><a href=\"https:\/\/spa-quebec.ca\/ancien-site\/faire-un-don\/faire-don-darticles\/\" target=\"_blank\" rel=\"noopener\">Faire un don d&rsquo;articles ou nourriture<\/a><\/li>\n<li><a href=\"https:\/\/spa-quebec.ca\/ancien-site\/faire-un-don\/cooperative-de-consommateurs\/\" target=\"_blank\" rel=\"noopener\">Coop\u00e9rative de consommateurs<\/a> (IGA Coop)<\/li>\n<\/ul>\n<p>Faire un don par t\u00e9l\u00e9phone (Contactez-nous au 418 527-9104)<\/p>\n<p><sub>La SPA de Qu\u00e9bec est sans lien avec toute autre SPA\/SPCA et ne re\u00e7oit aucune subvention ou aide quelconque. Son num\u00e9ro d&rsquo;entreprise est le <\/sub><sub>119106995RR0001.\u00a0<\/sub><\/p>\n<\/div>\n<\/div>\n<\/div>\n<\/div>\n<\/div>\n<\/div>\n<\/div>\n<div id=\"cmsms_row_69e12fb8b6691\" class=\"cmsms_row cmsms_color_scheme_default\">\n<div class=\"cmsms_row_outer_parent\">\n<div class=\"cmsms_row_outer\">\n<div class=\"cmsms_row_inner\">\n<div class=\"cmsms_row_margin\">\n<div class=\"cmsms_column one_first\">\n<div class=\"cmsms_text\">\n<p>Choisir de donner \u00e0 la SPA de Qu\u00e9bec, c\u2019est collaborer \u00e0 aider des milliers d\u2019animaux. Chaque ann\u00e9e, la SPA de Qu\u00e9bec accueille plus de 3 500 animaux ; \u00e0 la recherche d\u2019un nouveau foyer, certains auront besoin de soins de base, d\u2019autres de besoins sp\u00e9ciaux ou soins d\u2019urgence. Notre \u00e9quipe d\u00e9vou\u00e9e veille \u00e0 leur offrir les meilleurs soins et c\u2019est pourquoi votre don est si pr\u00e9cieux.<\/p>\n<h4 style=\"text-align: center;\">Les dons per\u00e7us \u00e0 la SPA de Qu\u00e9bec servent majoritairement \u00e0<\/h4>\n<\/div>\n<\/div>\n<\/div>\n<\/div>\n<\/div>\n<\/div>\n<\/div>\n<div id=\"cmsms_row_69e12fb8b6781\" class=\"cmsms_row cmsms_color_scheme_default\">\n<div class=\"cmsms_row_outer_parent\">\n<div class=\"cmsms_row_outer\">\n<div class=\"cmsms_row_inner\">\n<div class=\"cmsms_row_margin\">\n<div class=\"cmsms_column one_half\">\n<div class=\"cmsms_text\">\n<p style=\"text-align: center;\"><strong>Prodiguer des soins de base et de s\u00e9jour aux pensionnaires accueillis<\/strong><\/p>\n<blockquote>\n<p style=\"text-align: center;\">D\u00e8s leur arriv\u00e9e aux refuges, nos pensionnaires sont sous notre aile : install\u00e9s, nourris, abreuv\u00e9s et pris en charge rapidement si leur sant\u00e9 le requi\u00e8re. Dans les jours suivants leur arriv\u00e9e, ils auront un examen v\u00e9t\u00e9rinaire, recevront un 1er vaccin et un 1er vermifuge. Leur comportement sera \u00e9valu\u00e9 en vue de leur \u00e9ventuelle mise en adoption. Depuis 2001, plus de 48 000 animaux ont \u00e9t\u00e9 adopt\u00e9s gr\u00e2ce \u00e0 la SPA de Qu\u00e9bec.<\/p>\n<\/blockquote>\n<\/div>\n<\/div>\n<div class=\"cmsms_column one_half\">\n<div class=\"cmsms_text\">\n<p style=\"text-align: center;\"><strong>St\u00e9riliser et micropucer des chiens et des chats en vue de leur mise en adoption<\/strong><\/p>\n<blockquote>\n<p style=\"text-align: center;\">En 2020, ce sont plus de 1 600 chiens,\u00a0 chats et lapins qui ont \u00e9t\u00e9 st\u00e9rilis\u00e9s dans notre salle de chirurgie. Depuis sa construction et l\u2019embauche de notre v\u00e9t\u00e9rinaire, en 2013, plus de 7 400 chiens, chats et lapins ont \u00e9t\u00e9 st\u00e9rilis\u00e9s (en date de mars 2021). Ce sont 7 400 animaux qui ne contribuent plus \u00e0 la surpopulation canine, f\u00e9line et lapine!<\/p>\n<\/blockquote>\n<\/div>\n<\/div>\n<\/div>\n<\/div>\n<\/div>\n<\/div>\n<\/div>\n<div id=\"cmsms_row_69e12fb8b69b0\" class=\"cmsms_row cmsms_color_scheme_default\">\n<div class=\"cmsms_row_outer_parent\">\n<div class=\"cmsms_row_outer\">\n<div class=\"cmsms_row_inner\">\n<div class=\"cmsms_row_margin\">\n<div class=\"cmsms_column one_half\">\n<div class=\"cmsms_text\">\n<div class=\"innerContent\">\n<div>\n<p style=\"text-align: center;\"><strong>Prodiguer des soins d&rsquo;urgence ou sp\u00e9cifiques \u00e0 nos pensionnaires le n\u00e9cessitant<\/strong><\/p>\n<blockquote>\n<p style=\"text-align: center;\">La SPA offre une belle vari\u00e9t\u00e9 de soins sp\u00e9cifiques en cas de besoin. Au cours des derni\u00e8res ann\u00e9es, plusieurs animaux mal en point ont subi des chirurgies mineures (ablation de kyste, correction d&rsquo;hernie ombilicale, d\u00e9tartrage, extraction dentaire, etc.) ou plus complexes (ablation d&rsquo;un membre, correction de narines ou des paupi\u00e8res, etc.). Elle offre aussi des soins d&rsquo;urgence tels la r\u00e9hydratation, le nettoyage et d\u00e9bridement de plaies, traitements divers, etc.<\/p>\n<\/blockquote>\n<\/div>\n<\/div>\n<\/div>\n<\/div>\n<div class=\"cmsms_column one_half\">\n<div class=\"cmsms_text\">\n<p style=\"text-align: center;\"><strong>Traiter diverses plaintes concernant la cruaut\u00e9 et le bien-\u00eatre animal<\/strong><\/p>\n<blockquote>\n<p style=\"text-align: center;\">En 2020, plus de 1300 plaintes log\u00e9es ont \u00e9t\u00e9 trait\u00e9es par les inspecteurs de la SPA de Qu\u00e9bec. Chaque plainte re\u00e7ue\u00a0 est trait\u00e9e avec s\u00e9rieux. D&rsquo;ailleurs, la SPA vous invite \u00e0 <a href=\"https:\/\/spa-quebec.ca\/ancien-site\/denoncer-2\/\" target=\"_blank\" rel=\"noopener\">d\u00e9noncer<\/a> tout acte ou situation laissant croire que le bien-\u00eatre d&rsquo;un animal est compromis.<\/p>\n<\/blockquote>\n<\/div>\n<\/div>\n<\/div>\n<\/div>\n<\/div>\n<\/div>\n<\/div>\n<div id=\"cmsms_row_69e12fb8b6b53\" class=\"cmsms_row cmsms_color_scheme_default\">\n<div class=\"cmsms_row_outer_parent\">\n<div class=\"cmsms_row_outer\">\n<div class=\"cmsms_row_inner\">\n<div class=\"cmsms_row_margin\">\n<div class=\"cmsms_column one_first\">\n<div class=\"cmsms_text\">\n<p style=\"text-align: center;\"><strong>Entretenir les aires destin\u00e9es au s\u00e9jour et aux soins des animaux<\/strong><\/p>\n<blockquote>\n<p style=\"text-align: center;\">Les animaux accueillis dans nos locaux ont besoin de cages, de mat\u00e9riel et de soins adapt\u00e9s \u00e0 leur esp\u00e8ce. Journali\u00e8rement, nous devons entretenir les locaux et les aires de soins aux animaux. Quotidiennement, du mat\u00e9riel est \u00e0 r\u00e9parer, entretenir ou remplacer. Mensuellement, les co\u00fbts d&rsquo;\u00e9lectricit\u00e9 pour maintenir les locaux temp\u00e9r\u00e9s \u00e9t\u00e9 comme hiver sont importants. Le tout, dans le but que nos animaux soient gard\u00e9s dans les meilleurs conditions possible lors de leur s\u00e9jour chez nous.<\/p>\n<\/blockquote>\n<\/div>\n<\/div>\n<\/div>\n<\/div>\n<\/div>\n<\/div>\n<\/div>\n\n","protected":false},"excerpt":{"rendered":"","protected":false},"author":21,"featured_media":0,"parent":0,"menu_order":0,"comment_status":"closed","ping_status":"closed","template":"","meta":{"_acf_changed":false,"footnotes":""},"class_list":["post-5283","page","type-page","status-publish","hentry"],"acf":[],"_links":{"self":[{"href":"https:\/\/spa-quebec.ca\/ancien-site\/wp-json\/wp\/v2\/pages\/5283","targetHints":{"allow":["GET"]}}],"collection":[{"href":"https:\/\/spa-quebec.ca\/ancien-site\/wp-json\/wp\/v2\/pages"}],"about":[{"href":"https:\/\/spa-quebec.ca\/ancien-site\/wp-json\/wp\/v2\/types\/page"}],"author":[{"embeddable":true,"href":"https:\/\/spa-quebec.ca\/ancien-site\/wp-json\/wp\/v2\/users\/21"}],"replies":[{"embeddable":true,"href":"https:\/\/spa-quebec.ca\/ancien-site\/wp-json\/wp\/v2\/comments?post=5283"}],"version-history":[{"count":7,"href":"https:\/\/spa-quebec.ca\/ancien-site\/wp-json\/wp\/v2\/pages\/5283\/revisions"}],"predecessor-version":[{"id":10638,"href":"https:\/\/spa-quebec.ca\/ancien-site\/wp-json\/wp\/v2\/pages\/5283\/revisions\/10638"}],"wp:attachment":[{"href":"https:\/\/spa-quebec.ca\/ancien-site\/wp-json\/wp\/v2\/media?parent=5283"}],"curies":[{"name":"wp","href":"https:\/\/api.w.org\/{rel}","templated":true}]}}