{"id":5306,"date":"2017-10-19T14:26:59","date_gmt":"2017-10-19T18:26:59","guid":{"rendered":"https:\/\/spa-quebec.ca\/ancien-site\/?page_id=5306"},"modified":"2024-03-27T11:34:44","modified_gmt":"2024-03-27T15:34:44","slug":"faire-don-darticles","status":"publish","type":"page","link":"https:\/\/spa-quebec.ca\/ancien-site\/faire-un-don\/faire-don-darticles\/","title":{"rendered":"Faire un don d&rsquo;articles"},"content":{"rendered":"<style type=\"text\/css\"><\/style><p>&nbsp;<\/p>\n<p>Vous \u00eates un amoureux des animaux et vous d\u00e9sirez faire don d&rsquo;articles pour venir en aide au refuge et \u00e0 ses animaux?\u00a0 Voici une liste de souhaits qui vous donnera des id\u00e9es!<\/p>\n<p>De plus, il vous est toujours possible de venir porter tous les articles pour animaux dont vous ne vous servez plus et qui sont en bon \u00e9tat. Ces articles pourront servir au bien-\u00eatre des animaux du refuge o\u00f9 ils pourront \u00eatre vendus en tant qu\u2019articles usag\u00e9s et aideront \u00e0 financer les activit\u00e9s du refuge.<\/p>\n<p>Merci de votre pr\u00e9cieux soutien!<\/p>\n<p>&nbsp;<\/p>\n<h4>Pour l\u2019aide aux animaux<\/h4>\n<h5><b>Articles pour chats<\/b><i>\u00a0<\/i><\/h5>\n<p><strong><em>Liste AMAZON chats<\/em>\u00a0: <a title=\"https:\/\/a.co\/aMsGmyq\" href=\"https:\/\/a.co\/aMsGmyq\">https:\/\/a.co\/aMsGmyq<\/a><\/strong><\/p>\n<ul>\n<li>Nourriture en conserve de style \u00ab\u00a0p\u00e2t\u00e9\u00a0\u00bb<\/li>\n<li>Nourriture s\u00e8che (la marque importe peu)<\/li>\n<li>Nourriture v\u00e9t\u00e9rinaire royal canin (Gastrointestinal, Hypo allerg\u00e8ne)<\/li>\n<li>G\u00e2teries pour chats<\/li>\n<li>Jouets en plastique facile \u00e0 laver<\/li>\n<li>Liti\u00e8re agglom\u00e9rante et non agglom\u00e9rante<\/li>\n<li>Bacs \u00e0 liti\u00e8re<\/li>\n<li>Granule de bois<\/li>\n<li>Couvertures et chiffons de tout format<\/li>\n<li>Transporteur en plastique<\/li>\n<li>Sacs r\u00e9utilisables<\/li>\n<li>Sacs Ziploc (collation, sandwich, grand)<\/li>\n<li>Gazes 3cm x 3cm<\/li>\n<li>Nourriture en conserve de style \u00ab\u00a0p\u00e2t\u00e9\u00a0\u00bb pour chiots et chiens (la marque importe peu)<\/li>\n<\/ul>\n<p>&nbsp;<\/p>\n<h5><b>Articles pour chatons<\/b><i>\u00a0<\/i><\/h5>\n<p><strong><em>Liste AMAZON chatons<\/em>\u00a0: <a href=\"https:\/\/a.co\/4iV8DF9\">https:\/\/a.co\/4iV8DF9<\/a><\/strong><\/p>\n<ul>\n<li class=\"xmsonormal\">Balances alimentaires (5000g)<\/li>\n<li class=\"xmsonormal\">Mini t\u00e9tines en silicone pour mini seringues<\/li>\n<li class=\"xmsonormal\">Thermom\u00e8tre num\u00e9rique (r\u00e9sultat en max 10 secondes)<\/li>\n<li class=\"xmsonormal\">\u00a0Disques chauffants pour micro-ondes de style SnuggleSafe<\/li>\n<li>Nourriture pour chatons (canne et s\u00e8che) Royal Canin<\/li>\n<li>Lait en poudre pour chatons<\/li>\n<li>Vaseline<\/li>\n<li>Gazes 3cm x 3cm<\/li>\n<li>Liti\u00e8re non agglom\u00e9rante<\/li>\n<li>Lingettes sans parfum pour b\u00e9b\u00e9 (style Huggies)<\/li>\n<\/ul>\n<p>&nbsp;<\/p>\n<ul>\n<li><b style=\"font-family: 'Open Sans', Arial, Helvetica, 'Nimbus Sans L', sans-serif; font-size: 16px;\">Articles pour chiens<\/b><i style=\"font-family: 'Open Sans', Arial, Helvetica, 'Nimbus Sans L', sans-serif; font-size: 16px;\">\u00a0<\/i><\/li>\n<\/ul>\n<p><strong><em>Liste AMAZON chiens<\/em>\u00a0: <a href=\"https:\/\/a.co\/cC3Mc3l\">https:\/\/a.co\/cC3Mc3l<\/a><\/strong><\/p>\n<ul>\n<li>Nourriture en conserve pour chien<\/li>\n<li class=\"xmsonormal\">Bully stick<\/li>\n<li class=\"xmsonormal\">Jouets pour chien r\u00e9sistants et facile \u00e0 laver<\/li>\n<li class=\"xmsonormal\">Kong de plusieurs formats<\/li>\n<li class=\"xmsonormal\">Bols ralentisseurs<\/li>\n<li>Sacs \u00e0 caca<\/li>\n<li>Pipi pad<\/li>\n<li>Brosse \u00e0 Kong<\/li>\n<\/ul>\n<p>&nbsp;<\/p>\n<h5><b>Articles pour rongeurs\u00a0<\/b><i>\u00a0<\/i><\/h5>\n<p><strong><em>Liste AMAZON r<b>ongeurs et autres<\/b>\u00a0<\/em>\u00a0: <a href=\"https:\/\/a.co\/8RHbiY3\">https:\/\/a.co\/8RHbiY3<\/a><\/strong><\/p>\n<ul>\n<li class=\"xmsonormal\">Foins<\/li>\n<li class=\"xmsonormal\">\u00a0Nourriture pour rongeurs et oiseaux<\/li>\n<li class=\"xmsonormal\">B\u00e2tons et article \u00e0 gruger pour rongeurs<\/li>\n<li class=\"xmsonormal\">Cachette pour rongeurs en plastique ou en bois de diff\u00e9rentes tailles<\/li>\n<li class=\"xmsonormal\">Jouet pour rongeurs et oiseaux<\/li>\n<li class=\"xmsonormal\">G\u00e2teries pour rongeurs et oiseaux<\/li>\n<li class=\"xmsonormal\">Bacs \u00e0 liti\u00e8re pour rongeur<\/li>\n<\/ul>\n<p>&nbsp;<\/p>\n<h5><b>Articles d&rsquo;entretien <\/b><i>\u00a0<\/i><\/h5>\n<p><strong><em>Liste AMAZON articles d&rsquo;entretien<\/em>\u00a0: <a href=\"https:\/\/a.co\/1vIi8Tc\">https:\/\/a.co\/1vIi8Tc<\/a><\/strong><\/p>\n<ul>\n<li class=\"xmsonormal\">Savons \u00e0 lessive<\/li>\n<li class=\"xmsonormal\">Savon \u00e0 vaisselle<\/li>\n<li class=\"xmsonormal\">Gant en nitrile jetable<\/li>\n<li>Sarraut<\/li>\n<li>Brosses de nettoyage \u00e0 biberons<\/li>\n<li>D\u00e9sinfectant \u00e0 main<\/li>\n<li>Couvre-chaussure jetable<\/li>\n<li>Gant de nettoyage en caoutchouc (gant de vaisselle)<\/li>\n<li>Bouteille pulv\u00e9risateur<\/li>\n<li>Windex<\/li>\n<li>Eau de Javel (6%)<\/li>\n<li>Savon \u00e0 main liquide<\/li>\n<li>Rouleaux anti-poils<\/li>\n<li>Alcool \u00e0 friction (70%)<\/li>\n<li>Peroxyde<\/li>\n<\/ul>\n<p>&nbsp;<\/p>\n<h4>Vous ne pouvez pas vous d\u00e9placer?<\/h4>\n<p>Commandez par <a href=\"https:\/\/bit.ly\/SPA_Amazon\">Amazon <\/a>et votre don sera automatiquement livr\u00e9 \u00e0 la SPA de Qu\u00e9bec!<a href=\"https:\/\/bit.ly\/SPA_Amazon\"><img loading=\"lazy\" decoding=\"async\" class=\"wp-image-7434 alignleft\" src=\"https:\/\/spa-quebec.ca\/ancien-site\/wp-content\/uploads\/2017\/10\/0_hero_icon-150x150.png\" alt=\"\" width=\"98\" height=\"98\" srcset=\"https:\/\/spa-quebec.ca\/ancien-site\/wp-content\/uploads\/2017\/10\/0_hero_icon-150x150.png 150w, https:\/\/spa-quebec.ca\/ancien-site\/wp-content\/uploads\/2017\/10\/0_hero_icon-55x55.png 55w, https:\/\/spa-quebec.ca\/ancien-site\/wp-content\/uploads\/2017\/10\/0_hero_icon-250x250.png 250w\" sizes=\"auto, (max-width: 98px) 100vw, 98px\" \/><\/a><\/p>\n<p><em><sub>Veuillez noter que la SPA ne peut se d\u00e9placer pour aller r\u00e9cup\u00e9rer les dons. Ils doivent \u00eatre d\u00e9pos\u00e9s \u00e0 nos bureaux pendant les <a href=\"https:\/\/spa-quebec.ca\/ancien-site\/nous-joindre\/\" target=\"_blank\" rel=\"noopener\">heures d&rsquo;ouverture<\/a>. Merci de votre compr\u00e9hension.<\/sub><\/em><\/p>\n","protected":false},"excerpt":{"rendered":"<p>&nbsp; Vous \u00eates un amoureux des animaux et vous d\u00e9sirez faire don d&rsquo;articles pour venir en aide au refuge et \u00e0 ses animaux?\u00a0 Voici une liste de souhaits qui vous donnera des id\u00e9es! De plus, il vous est toujours possible de venir porter tous les articles pour animaux dont vous ne vous servez plus et&#8230;<\/p>\n","protected":false},"author":21,"featured_media":0,"parent":5283,"menu_order":0,"comment_status":"closed","ping_status":"closed","template":"","meta":{"_acf_changed":false,"footnotes":""},"class_list":["post-5306","page","type-page","status-publish","hentry"],"acf":[],"_links":{"self":[{"href":"https:\/\/spa-quebec.ca\/ancien-site\/wp-json\/wp\/v2\/pages\/5306","targetHints":{"allow":["GET"]}}],"collection":[{"href":"https:\/\/spa-quebec.ca\/ancien-site\/wp-json\/wp\/v2\/pages"}],"about":[{"href":"https:\/\/spa-quebec.ca\/ancien-site\/wp-json\/wp\/v2\/types\/page"}],"author":[{"embeddable":true,"href":"https:\/\/spa-quebec.ca\/ancien-site\/wp-json\/wp\/v2\/users\/21"}],"replies":[{"embeddable":true,"href":"https:\/\/spa-quebec.ca\/ancien-site\/wp-json\/wp\/v2\/comments?post=5306"}],"version-history":[{"count":6,"href":"https:\/\/spa-quebec.ca\/ancien-site\/wp-json\/wp\/v2\/pages\/5306\/revisions"}],"predecessor-version":[{"id":9354,"href":"https:\/\/spa-quebec.ca\/ancien-site\/wp-json\/wp\/v2\/pages\/5306\/revisions\/9354"}],"up":[{"embeddable":true,"href":"https:\/\/spa-quebec.ca\/ancien-site\/wp-json\/wp\/v2\/pages\/5283"}],"wp:attachment":[{"href":"https:\/\/spa-quebec.ca\/ancien-site\/wp-json\/wp\/v2\/media?parent=5306"}],"curies":[{"name":"wp","href":"https:\/\/api.w.org\/{rel}","templated":true}]}}