{"id":5360,"date":"2017-10-20T12:24:34","date_gmt":"2017-10-20T16:24:34","guid":{"rendered":"https:\/\/spa-quebec.ca\/ancien-site\/?page_id=5360"},"modified":"2025-05-02T08:51:03","modified_gmt":"2025-05-02T12:51:03","slug":"municipalites-desservies","status":"publish","type":"page","link":"https:\/\/spa-quebec.ca\/ancien-site\/a-propos\/municipalites-desservies\/","title":{"rendered":"Municipalit\u00e9s desservies"},"content":{"rendered":"<style type=\"text\/css\"><\/style><p>La SPA accueille des animaux errants\/trouv\u00e9s des villes de la liste suivante.<\/p>\n<p>De plus, notez que vous devez r\u00e9sider dans l\u2019une des villes de cette liste pour venir porter un animal trouv\u00e9. Lors de votre venue, une preuve de r\u00e9sidence vous sera exig\u00e9e. Communiquez avec nous au 418 527-9104 pour plus d\u2019informations.\u00a0Notez que si vous devez confier votre animal \u00e0 la SPA, vous devez aussi \u00eatre citoyen de cette\u00a0liste. Voir aussi\u00a0<a href=\"https:\/\/spa-quebec.ca\/ancien-site\/services\/confiez-nous-votre-animal\/\">service de placement<\/a>.<\/p>\n<p>Pour\u00a0<a href=\"https:\/\/spa-quebec.ca\/ancien-site\/denoncer-2\/\">d\u00e9noncer<\/a>\u00a0un cas de maltraitance ou de cruaut\u00e9 animale, la SPA couvre\u00a0 un secteur beaucoup plus vaste que les municipalit\u00e9s suivantes.<\/p>\n<ul>\n<li><a href=\"https:\/\/www.ville.quebec.qc.ca\/\">Ville de Qu\u00e9bec<\/a><\/li>\n<li><a href=\"https:\/\/www.municipalitedeboischatel.ca\/default.asp?no=1\" target=\"_blank\" rel=\"noopener\">Boischatel<\/a><\/li>\n<li><a href=\"https:\/\/www.capsante.qc.ca\/\">Cap-Sant\u00e9<\/a><\/li>\n<li><a href=\"https:\/\/www.chateauricher.qc.ca\/\">Ch\u00e2teau-Richer<\/a><\/li>\n<li><a href=\"https:\/\/deschambault-grondines.com\/\">Deschambault-Grondines<\/a><\/li>\n<li><a href=\"https:\/\/villededonnacona.com\/\">Donnacona<\/a><\/li>\n<li><a class=\"LienExterne\" href=\"https:\/\/www.fossambault-sur-le-lac.com\/\" target=\"_blank\" rel=\"noopener\">Fossambault-sur-le-Lac<\/a><\/li>\n<li><a href=\"https:\/\/lancienne-lorette.org\/\">L&rsquo;Ancienne-Lorette<\/a><\/li>\n<li><a class=\"LienExterne\" href=\"https:\/\/www.langegardien.qc.ca\/\" target=\"_blank\" rel=\"noopener\">L\u2019Ange-Gardien<\/a><\/li>\n<li><a href=\"https:\/\/lac-beauport.quebec\/\" target=\"_blank\" rel=\"noopener\">Lac-Beauport<\/a><\/li>\n<li><a href=\"https:\/\/www.villelacsergent.com\/\">Lac Sergent<\/a><\/li>\n<li><a href=\"https:\/\/villelacstjoseph.com\/\">Lac St-Joseph<\/a><\/li>\n<li><a href=\"https:\/\/www.ville.neuville.qc.ca\/\" target=\"_blank\" rel=\"noopener\">Neuville<\/a><\/li>\n<li><a href=\"https:\/\/www.ville.pontrouge.qc.ca\/\">Pont-Rouge<\/a><\/li>\n<li><a href=\"https:\/\/villedeportneuf.com\/\">Portneuf<\/a><\/li>\n<li><a href=\"https:\/\/riviereapierre.com\/\">Rivi\u00e8re-\u00e0-Pierre<\/a><\/li>\n<li><a href=\"https:\/\/msfio.ca\/\">Saint-Fran\u00e7ois-de-l&rsquo;\u00cele-d&rsquo;Orl\u00e9ans<\/a><\/li>\n<li><a href=\"https:\/\/www.stjeanio.ca\/\">Saint-Jean-de-l\u2019\u00cele-d\u2019Orl\u00e9ans<\/a><\/li>\n<li><a class=\"LienExterne\" href=\"https:\/\/www.saint-gabriel-de-valcartier.ca\/\" target=\"_blank\" rel=\"noopener\">Saint-Gabriel-de-Valcartier<\/a><\/li>\n<li><a href=\"http:\/\/st-pierre.iledorleans.com\/\">Saint-Pierre-de-l&rsquo;\u00cele-d&rsquo;Orl\u00e9ans<\/a><\/li>\n<li><a class=\"LienExterne\" href=\"https:\/\/www.sainteannedebeaupre.com\/\" target=\"_blank\" rel=\"noopener\">Sainte-Anne-de-Beaupr\u00e9<\/a><\/li>\n<li><a class=\"LienExterne\" href=\"https:\/\/www.sbdl.net\/\" target=\"_blank\" rel=\"noopener\">Sainte-Brigitte-de-Laval<\/a><\/li>\n<li><a class=\"LienExterne\" href=\"https:\/\/www.villescjc.com\/scjc.asp?no=1\" target=\"_blank\" rel=\"noopener\">Sainte-Catherine-de-la-Jacques-Cartier<\/a><\/li>\n<li><a href=\"http:\/\/ste-famille.iledorleans.com\/\">Sainte-Famille-de-l&rsquo;\u00cele-d&rsquo;Orl\u00e9ans<\/a><\/li>\n<li><a href=\"https:\/\/stepetronille.com\/\">Sainte-P\u00e9tronille<\/a><\/li>\n<li><a href=\"https:\/\/shannon.ca\/\" target=\"_blank\" rel=\"noopener\">Shannon<\/a><\/li>\n<li><a href=\"https:\/\/www.ville.st-augustin.qc.ca\/\" target=\"_blank\" rel=\"noopener\">St-Augustin-de-Desmaures<\/a><\/li>\n<li><a href=\"https:\/\/st-alban.qc.ca\/\">St-Alban<\/a><\/li>\n<li><a href=\"https:\/\/saintbasile.qc.ca\/\">St-Basile<\/a><\/li>\n<li><a href=\"https:\/\/www.saint-casimir.com\/\">St-Casimir<\/a><\/li>\n<li><a href=\"https:\/\/sca.quebec\/\">St-Christine-d&rsquo;Auvergne<\/a><\/li>\n<li><a href=\"http:\/\/www.saint-gilbert.ca\/indexFr.asp?numero=6\">St-Gilbert<\/a><\/li>\n<li><a href=\"https:\/\/municipalites-du-quebec.ca\/saint-leonard-de-portneuf\/\">St-Leonard-de-Portneuf<\/a><\/li>\n<li><a href=\"https:\/\/st-marc-des-carrieres.qc.ca\/\">St-Marc-des-Carri\u00e8res<\/a><\/li>\n<li><a href=\"https:\/\/municipalites-du-quebec.ca\/st-thuribe\/index.php\">St-Thuribe<\/a><\/li>\n<li><a href=\"https:\/\/saintubalde.com\/\">St-Ubalde<\/a><\/li>\n<li><a class=\"LienExterne\" href=\"https:\/\/www.villestoneham.com\/accueil.aspx\" target=\"_blank\" rel=\"noopener\">Stoneham et Tewkesbury<\/a><\/li>\n<li><a class=\"LienExterne\" href=\"https:\/\/www.wendake.ca\/\" target=\"_blank\" rel=\"noopener\">Village Huron (Wendake)<\/a><\/li>\n<li><a href=\"https:\/\/www.villedebeaupre.com\/\">Ville de Beaupr\u00e9\u00a0<\/a><\/li>\n<\/ul>\n\n\n<p><\/p>\n","protected":false},"excerpt":{"rendered":"<p>La SPA accueille des animaux errants\/trouv\u00e9s des villes de la liste suivante. De plus, notez que vous devez r\u00e9sider dans l\u2019une des villes de cette liste pour venir porter un animal trouv\u00e9. Lors de votre venue, une preuve de r\u00e9sidence vous sera exig\u00e9e. Communiquez avec nous au 418 527-9104 pour plus d\u2019informations.\u00a0Notez que si vous&#8230;<\/p>\n","protected":false},"author":21,"featured_media":0,"parent":4473,"menu_order":0,"comment_status":"closed","ping_status":"closed","template":"","meta":{"_acf_changed":false,"footnotes":""},"class_list":["post-5360","page","type-page","status-publish","hentry"],"acf":[],"_links":{"self":[{"href":"https:\/\/spa-quebec.ca\/ancien-site\/wp-json\/wp\/v2\/pages\/5360","targetHints":{"allow":["GET"]}}],"collection":[{"href":"https:\/\/spa-quebec.ca\/ancien-site\/wp-json\/wp\/v2\/pages"}],"about":[{"href":"https:\/\/spa-quebec.ca\/ancien-site\/wp-json\/wp\/v2\/types\/page"}],"author":[{"embeddable":true,"href":"https:\/\/spa-quebec.ca\/ancien-site\/wp-json\/wp\/v2\/users\/21"}],"replies":[{"embeddable":true,"href":"https:\/\/spa-quebec.ca\/ancien-site\/wp-json\/wp\/v2\/comments?post=5360"}],"version-history":[{"count":6,"href":"https:\/\/spa-quebec.ca\/ancien-site\/wp-json\/wp\/v2\/pages\/5360\/revisions"}],"predecessor-version":[{"id":10431,"href":"https:\/\/spa-quebec.ca\/ancien-site\/wp-json\/wp\/v2\/pages\/5360\/revisions\/10431"}],"up":[{"embeddable":true,"href":"https:\/\/spa-quebec.ca\/ancien-site\/wp-json\/wp\/v2\/pages\/4473"}],"wp:attachment":[{"href":"https:\/\/spa-quebec.ca\/ancien-site\/wp-json\/wp\/v2\/media?parent=5360"}],"curies":[{"name":"wp","href":"https:\/\/api.w.org\/{rel}","templated":true}]}}