{"id":5410,"date":"2017-10-23T12:31:22","date_gmt":"2017-10-23T16:31:22","guid":{"rendered":"https:\/\/spa-quebec.ca\/ancien-site\/?page_id=5410"},"modified":"2021-05-02T12:56:04","modified_gmt":"2021-05-02T16:56:04","slug":"eviter-les-morsures","status":"publish","type":"page","link":"https:\/\/spa-quebec.ca\/ancien-site\/eviter-les-morsures\/","title":{"rendered":"\u00c9viter les morsures"},"content":{"rendered":"<style type=\"text\/css\"><\/style><h3>Pour pitou &#8230;<\/h3>\n<p>Nous le savons tous, chaque ann\u00e9e des centaines de chiens mordent humains et autres chiens. C&rsquo;est pour cette raison que vous devez suivre quelques consignes avant de vous approcher d&rsquo;un chien.<\/p>\n<p>Tout d&rsquo;abord, faites attention \u00e0 l&rsquo;approche d&rsquo;un animal que vous ne connaissez pas. Il faut savoir d\u00e9chiffrer les signes pr\u00e9curseurs d&rsquo;un animal stress\u00e9, voire agressif. La peur entra\u00eene r\u00e9guli\u00e8rement des morsures graves ou superficielles. Une petite \u00ab\u00a0pinc\u00e9e\u00a0\u00bb ne doit pas \u00eatre prise \u00e0 la l\u00e9g\u00e8re, elle peut \u00eatre un avertissement pour une attaque future plus violente.<\/p>\n<p>Lorsque vous tentez d&rsquo;approcher un animal, vous devez toujours vous pr\u00e9senter de mani\u00e8re calme. Ce comportement pourrait vous \u00e9viter de faire sursauter l&rsquo;animal. Si l&rsquo;animal ne montre aucune r\u00e9action, soyez tout de m\u00eame prudent. Pr\u00e9sentez-lui votre main pour qu&rsquo;il la sente et s&rsquo;il accepte les pr\u00e9sentations tentez de le caresser doucement sur la t\u00eate.<\/p>\n<p>Dans n&rsquo;importe quelle situation, il est important de ne pas acculer un animal dans un coin. S&rsquo;il n&rsquo;a pas moyen de fuir, il risque de vous mordre. Soyez toujours calme et rassurant lorsque vous \u00eates en pr\u00e9sence d&rsquo;un animal inconnu. N&rsquo;oubliez pas qu&rsquo;un animal reste un animal, il peut dans certaines cirsconstances, se montrer agressif m\u00eame envers ses proches.<\/p>\n<p>Sachez reconna\u00eetre les signes qu&rsquo;un chien vous d\u00e9montre. Notez qu&rsquo;un chien qui remue la queue et qui se baisse comme pour saluer est enjou\u00e9. C&rsquo;est un appel au jeu !<\/p>\n<p>Voici une illustration qui peut vous aider \u00e0 reconna\u00eetre les comportements de votre chien. Il a \u00e9t\u00e9 traduit par Madame Nancy Tucker et provient de www.doggiedrawing.net.<\/p>\n<p><img loading=\"lazy\" decoding=\"async\" class=\"aligncenter wp-image-5412 size-full\" src=\"https:\/\/spa-quebec.ca\/ancien-site\/wp-content\/uploads\/2017\/10\/langage-canin.jpg\" alt=\"\" width=\"621\" height=\"960\" srcset=\"https:\/\/spa-quebec.ca\/ancien-site\/wp-content\/uploads\/2017\/10\/langage-canin.jpg 621w, https:\/\/spa-quebec.ca\/ancien-site\/wp-content\/uploads\/2017\/10\/langage-canin-194x300.jpg 194w, https:\/\/spa-quebec.ca\/ancien-site\/wp-content\/uploads\/2017\/10\/langage-canin-580x897.jpg 580w\" sizes=\"auto, (max-width: 621px) 100vw, 621px\" \/><\/p>\n<h3>Pour minou &#8230;<\/h3>\n<p>Un chat qui remue s\u00e8chement la queue, montre son m\u00e9contentement. Si, \u00e0 ce signe, s&rsquo;ajoute les oreilles vers l&rsquo;arri\u00e8re et les grognements, vous devriez faire demi-tour. Dans ce type de situation, l&rsquo;agression est possiblement sur le point de se produire.<\/p>\n<h3>En tout temps vous devriez :<\/h3>\n<ul>\n<li>Eviter les baisers sur le museau, les animaux peuvent prendre cela comme une agression<\/li>\n<li>\u00c9viter de manipuler des animaux bless\u00e9s. Si vous n&rsquo;\u00eates pas familier avec cet animal ne tentez rien. Il se peut aussi que ce soit un animal sauvage (plus souvent vu chez les chats) et qu&rsquo;il se montre agressif<\/li>\n<li>Superviser les enfants lorsqu&rsquo;ils sont avec des animaux et les sensibiliser \u00e0 la mani\u00e8re d&rsquo;approcher un animal &#8230; m\u00eame s&rsquo;il fait partie de la famille<\/li>\n<li>Apprendre aux enfants \u00e0 reconna\u00eetre les signes qu&rsquo;un animal peut d\u00e9montrer. Par exemple, lorsque pitou ne veut plus jouer et qu&rsquo;il gronde, il est temps de le laisser se reposer<\/li>\n<li>Habituer votre animal aux humains et aux autres animaux d\u00e8s son jeune \u00e2ge, de cette mani\u00e8re, il sera moins port\u00e9 vers l&rsquo;agression s&rsquo;il se trouve en terrain inconnu<\/li>\n<li>Demander la permission au propri\u00e9taire d&rsquo;un &lsquo;animal pour le caresser<\/li>\n<\/ul>\n<p><sub>Notez que les trucs donn\u00e9s dans cette rubrique ne seront pas forc\u00e9ment adapt\u00e9s \u00e0 votre situation. Si vous avez besoin de conseils suppl\u00e9mentaires, consultez un sp\u00e9cialiste.<\/sub><\/p>\n","protected":false},"excerpt":{"rendered":"<p>Pour pitou &#8230; Nous le savons tous, chaque ann\u00e9e des centaines de chiens mordent humains et autres chiens. C&rsquo;est pour cette raison que vous devez suivre quelques consignes avant de vous approcher d&rsquo;un chien. Tout d&rsquo;abord, faites attention \u00e0 l&rsquo;approche d&rsquo;un animal que vous ne connaissez pas. Il faut savoir d\u00e9chiffrer les signes pr\u00e9curseurs d&rsquo;un&#8230;<\/p>\n","protected":false},"author":21,"featured_media":0,"parent":0,"menu_order":0,"comment_status":"closed","ping_status":"closed","template":"","meta":{"_acf_changed":false,"footnotes":""},"class_list":["post-5410","page","type-page","status-publish","hentry"],"acf":[],"_links":{"self":[{"href":"https:\/\/spa-quebec.ca\/ancien-site\/wp-json\/wp\/v2\/pages\/5410","targetHints":{"allow":["GET"]}}],"collection":[{"href":"https:\/\/spa-quebec.ca\/ancien-site\/wp-json\/wp\/v2\/pages"}],"about":[{"href":"https:\/\/spa-quebec.ca\/ancien-site\/wp-json\/wp\/v2\/types\/page"}],"author":[{"embeddable":true,"href":"https:\/\/spa-quebec.ca\/ancien-site\/wp-json\/wp\/v2\/users\/21"}],"replies":[{"embeddable":true,"href":"https:\/\/spa-quebec.ca\/ancien-site\/wp-json\/wp\/v2\/comments?post=5410"}],"version-history":[{"count":0,"href":"https:\/\/spa-quebec.ca\/ancien-site\/wp-json\/wp\/v2\/pages\/5410\/revisions"}],"wp:attachment":[{"href":"https:\/\/spa-quebec.ca\/ancien-site\/wp-json\/wp\/v2\/media?parent=5410"}],"curies":[{"name":"wp","href":"https:\/\/api.w.org\/{rel}","templated":true}]}}