{"id":5417,"date":"2017-10-23T12:40:45","date_gmt":"2017-10-23T16:40:45","guid":{"rendered":"https:\/\/spa-quebec.ca\/ancien-site\/?page_id=5417"},"modified":"2021-05-02T12:56:05","modified_gmt":"2021-05-02T16:56:05","slug":"produits-toxiques","status":"publish","type":"page","link":"https:\/\/spa-quebec.ca\/ancien-site\/produits-toxiques\/","title":{"rendered":"Produits toxiques"},"content":{"rendered":"<style type=\"text\/css\"><\/style><p>Dans la vie de tous les jours, nos amis les animaux sont r\u00e9guli\u00e8rement confront\u00e9s \u00e0 toutes sortes de gourmandises. En tant que ma\u00eetre responsable, vous vous devez de rendre votre environnement sain pour votre compagnon. On vous pr\u00e9sente donc ici quelques produits usuels les plus courants qui sont toxiques, voire m\u00eame mortels pour vos animaux.<\/p>\n<h5>Le chocolat<\/h5>\n<p>Cette d\u00e9licieuse gourmandise est malheureusement un poison pour nos fid\u00e8les amis. Le principe actif toxique est la th\u00e9obromine. Le chocolat noir est plus riche en th\u00e9obromine, donc plus toxique. Ce dernier est toxique \u00e0 hauteur de 100 \u00e0 150mg\/kg. Cette substance s&rsquo;accumule dans l&rsquo;organisme.<\/p>\n<p>Soyez prudent, ne donnez jamais de chocolat \u00e0 vos amis \u00e0 quatre pattes. Selon la dose ing\u00e9r\u00e9e, vous pouvez voir appara\u00eetre des sympt\u00f4mes plus ou moins rapidement.<\/p>\n<h5>Les drogues<\/h5>\n<p>Les intoxications \u00e0 la marijuana (commun\u00e9ment appel\u00e9 le pot) et aux autres drogues, sont tr\u00e8s dangereuses.<\/p>\n<h5>Les oignons crus<\/h5>\n<p>Ils contiennent des substances h\u00e9molytiques qui d\u00e9truisent les globules rouges et peuvent provoquer une an\u00e9mie, qui peut \u00eatre fatale. Notez que tous les d\u00e9riv\u00e9s d&rsquo;oignons sont toxiques. (ail, \u00e9chalote, oignon vert)<\/p>\n<h5>Les raisins et raisins secs<\/h5>\n<p>Ils sont toxiques pour les chiens et provoquent une insuffisance r\u00e9nale aigu\u00eb.<\/p>\n<h5>Les os<\/h5>\n<p>Les v\u00e9ritables os, gros ou petits, sont dangereux, car ils peuvent entra\u00eener une obstruction ou pire percer l&rsquo;estomac ou les intestins. Les gros os peuvent, en se cassant, provoquer des esquilles (petits fragments d&rsquo;os cass\u00e9s) qui peuvent se loger dans la paroi intestinale. Surtout les ailes de poulet et les os de jambon.<\/p>\n<h5>Le sel de d\u00e9neigement<\/h5>\n<p>Le sel utilis\u00e9 en hiver pour d\u00e9glacer nos rues et entr\u00e9es, peut provoquer des irritations entre les doigts ou sur les coussinets de nos compagnons.<\/p>\n<p>Pensez \u00e0 rincer les pattes de votre chien \u00e0 l&rsquo;eau en rentrant de ses promenades quotidiennes. Vous pouvez renforcer ses coussinets avec de la graisse min\u00e9rale commun\u00e9ment appel\u00e9e vaseline ou des produits tannants v\u00e9t\u00e9rinaires pr\u00e9vus \u00e0 cet usage. Pour les plus sensibles, pensez \u00e0 l&rsquo;utilisation de chaussons ou de bottes !<\/p>\n<p>De plus, il faut faire attention \u00e0 l&rsquo;ingestion excessive de sel qui peut \u00eatre nocive pour sa sant\u00e9.<\/p>\n<h5>L&rsquo;antigel<\/h5>\n<p>De nombreux animaux appr\u00e9cient son go\u00fbt sucr\u00e9 et chaque ann\u00e9e plusieurs d\u00e9c\u00e8s sont constat\u00e9s suite \u00e0 son absorption. Pour les plus chanceux, ils s&rsquo;en sortent avec des probl\u00e8mes r\u00e9naux tr\u00e8s lourds.<\/p>\n<h5>Les raticides et anticoagulants (exemple : Mort au rat)<\/h5>\n<p>Ils provoquent des h\u00e9morragies mortelles, si aucun traitement n&rsquo;est mis en place rapidement.<\/p>\n<h5>Le parac\u00e9tamol (exemple : Doliprane, Tylenol, Efferalgan, etc.)<\/h5>\n<p>Il ne doit pas \u00eatre utilis\u00e9 chez les carnivores, car chez ces derniers il est consid\u00e9r\u00e9 comme un produit toxique. Il est fatal pour minou. Il provoque une an\u00e9mie, car votre chat ne poss\u00e8de pas l&rsquo;enzyme ad\u00e9quate \u00e0 la m\u00e9tabolisation (destruction) de cette mol\u00e9cule.<\/p>\n<h5>L&rsquo;aspirine<\/h5>\n<p>L&rsquo;aspirine est toxique chez le chien et est hautement toxique chez le chat. Notez qu&rsquo;elle peut \u00eatre utilis\u00e9e sur une petite p\u00e9riode, mais la dose doit \u00eatre prescrite par un v\u00e9t\u00e9rinaire.<\/p>\n<h5>Les herbicides et fertilisants<\/h5>\n<p>Lorsque votre pelouse vient tout juste d&rsquo;\u00eatre vaporis\u00e9e, suivez les instructions de la compagnie avant de laisser pitou ou minou retourner sur le gazon.<\/p>\n<h5>La gomme \u00e0 m\u00e2cher<\/h5>\n<p>Le xylitol est utilis\u00e9 pour sucrer la gomme, ce qui la rend toxique. Cet \u00e9dulcorant est pr\u00e9sent \u00e9galement dans de nombreux autres aliments courants dont les bonbons sans sucre, les barres de chocolat, le dentifrice, les vitamines \u00e0 croquer pour humains, etc.<\/p>\n<h5>Les plantes<\/h5>\n<p>Des centaines de plantes sont toxiques pour nos animaux. Consultez diff\u00e9rents sites Internets pour savoir si celles que vous avez \u00e0 la maison sont dangereuses.<\/p>\n<h5>Noix de macadam<\/h5>\n<p>Les noix de macadam sont toxiques et provoquent des vomissements, des faiblesses, et des \u00e9tourdissements.<\/p>\n<h5>La carambole<\/h5>\n<p>L&rsquo;ingestion de ce fruit cause des probl\u00e8mes gastriques et de l\u2019insuffisance r\u00e9nale.<\/p>\n<h5>Autres<\/h5>\n<p>TOUS les objets usuels de la maison sont sujets \u00e0 \u00eatre ing\u00e9r\u00e9s. Pitou ou minou ne savent pas toujours y voir le danger.<\/p>\n<p>&nbsp;<\/p>\n<h6>Voici une petite liste des objets le plus souvent ing\u00e9r\u00e9s<\/h6>\n<ul>\n<li>Petits jouets d&rsquo;enfants<\/li>\n<li>Plantes<\/li>\n<li>Morceau de bois<\/li>\n<li>Lacets, fils \u00e9lectriques, laine, etc.<\/li>\n<li>Produits m\u00e9nagers (peut aussi entrainer des allergies de contact &#8211; irritation de la peau)<\/li>\n<li>Sacs de plastique<\/li>\n<li>Batteries<\/li>\n<li>Petits articles de bureau<\/li>\n<li>L&rsquo;int\u00e9rieur des jouets de peluche<\/li>\n<li>Balles de tennis, de golf, etc.<\/li>\n<li>V\u00eatements<\/li>\n<li>Les bijoux qui illuminent dans le noir<\/li>\n<li>Liquide \u00e0 potpourri<\/li>\n<li>D\u00e9corations (Noel, Halloween, etc.)<\/li>\n<li>etc.<\/li>\n<\/ul>\n<p>En tout temps, lors d&rsquo;une ingestion de produits usuels, contactez imm\u00e9diatement votre v\u00e9t\u00e9rinaire et ne donnez rien \u00e0 votre animal sauf sur ses recommandations.<\/p>\n<p><sub>Notez que ces informations sont \u00e0 titre indicatif uniquement. Pour plus de renseignements, contactez votre v\u00e9t\u00e9rinaire.<\/sub><\/p>\n","protected":false},"excerpt":{"rendered":"<p>Dans la vie de tous les jours, nos amis les animaux sont r\u00e9guli\u00e8rement confront\u00e9s \u00e0 toutes sortes de gourmandises. En tant que ma\u00eetre responsable, vous vous devez de rendre votre environnement sain pour votre compagnon. On vous pr\u00e9sente donc ici quelques produits usuels les plus courants qui sont toxiques, voire m\u00eame mortels pour vos animaux&#8230;.<\/p>\n","protected":false},"author":21,"featured_media":0,"parent":0,"menu_order":0,"comment_status":"closed","ping_status":"closed","template":"","meta":{"_acf_changed":false,"footnotes":""},"class_list":["post-5417","page","type-page","status-publish","hentry"],"acf":[],"_links":{"self":[{"href":"https:\/\/spa-quebec.ca\/ancien-site\/wp-json\/wp\/v2\/pages\/5417","targetHints":{"allow":["GET"]}}],"collection":[{"href":"https:\/\/spa-quebec.ca\/ancien-site\/wp-json\/wp\/v2\/pages"}],"about":[{"href":"https:\/\/spa-quebec.ca\/ancien-site\/wp-json\/wp\/v2\/types\/page"}],"author":[{"embeddable":true,"href":"https:\/\/spa-quebec.ca\/ancien-site\/wp-json\/wp\/v2\/users\/21"}],"replies":[{"embeddable":true,"href":"https:\/\/spa-quebec.ca\/ancien-site\/wp-json\/wp\/v2\/comments?post=5417"}],"version-history":[{"count":0,"href":"https:\/\/spa-quebec.ca\/ancien-site\/wp-json\/wp\/v2\/pages\/5417\/revisions"}],"wp:attachment":[{"href":"https:\/\/spa-quebec.ca\/ancien-site\/wp-json\/wp\/v2\/media?parent=5417"}],"curies":[{"name":"wp","href":"https:\/\/api.w.org\/{rel}","templated":true}]}}