{"id":5423,"date":"2017-10-23T13:43:25","date_gmt":"2017-10-23T17:43:25","guid":{"rendered":"https:\/\/spa-quebec.ca\/ancien-site\/?page_id=5423"},"modified":"2021-05-02T12:56:04","modified_gmt":"2021-05-02T16:56:04","slug":"je-le-laisse-sortir","status":"publish","type":"page","link":"https:\/\/spa-quebec.ca\/ancien-site\/je-le-laisse-sortir\/","title":{"rendered":"Je le laisse sortir ?"},"content":{"rendered":"<style type=\"text\/css\"><\/style><p>Une croyance populaire veut que les animaux retrouvent toujours leur chemin. Or c&rsquo;est faux. Il faut \u00eatre conscient que l&rsquo;ext\u00e9rieur constitue un danger pour votre animal.<\/p>\n<p>De nombreux dangers sont rencontr\u00e9s tels que :<\/p>\n<ul>\n<li>Des bagarres ; soit pour une femelle, un territoire ou de la nourriture<\/li>\n<li>Les voitures ; de nombreux animaux d\u00e9c\u00e8dent ou sont mutil\u00e9s chaque ann\u00e9e<\/li>\n<li>Les maladies ; si votre animal va \u00e0 l&rsquo;ext\u00e9rieur pensez \u00e0 le st\u00e9riliser, le vacciner et le vermifuger sur les conseils de votre v\u00e9t\u00e9rinaire<\/li>\n<li>Le froid hivernal et la chaleur estivale<\/li>\n<li>Et la liste est encore longue!<\/li>\n<\/ul>\n<p>Votre animal peut aussi \u00eatre vol\u00e9 ou intoxiqu\u00e9 par des gens sans scrupule.<\/p>\n<p>Si minou est d\u00e9griff\u00e9, pensez qu&rsquo;il se trouve sans arme face aux diff\u00e9rents dangers ext\u00e9rieurs. Donc, il ne peut malheureusement pas se d\u00e9fendre. Au minimum, il devrait avoir recours \u00e0 ses pattes arri\u00e8res pour se d\u00e9fendre. Pour enrichir l&rsquo;environnement de votre chat, vous pouvez vous r\u00e9f\u00e9rer aux pages <a href=\"https:\/\/spa-quebec.ca\/ancien-site\/wp-content\/uploads\/2017\/10\/2016-04-SPA-Bete-Printemps-2016.pdf\" target=\"_blank\" rel=\"noopener\">8 et 9 du journal SPA B\u00eate de la SPA de Qu\u00e9bec<\/a>.<\/p>\n<p>Certaines races de chiens ont beaucoup d&rsquo;\u00e9nergie \u00e0 d\u00e9penser. Alors n&rsquo;h\u00e9sitez pas \u00e0 faire de longues marches avec votre compagnon. Il ne s&rsquo;en sentira que plus heureux et, par le fait m\u00eame, votre relation avec pitou sera d&rsquo;autant plus plaisante.<\/p>\n<p>Votre animal doit \u00eatre constamment sous votre surveillance que ce soit un chat ou un chien. Il est de votre responsabilit\u00e9 de voir \u00e0 sa s\u00e9curit\u00e9. Par ailleurs, le vagabondage est interdit par la r\u00e9glementation de la ville de Qu\u00e9bec et plusieurs villes voisines. Si vous habitez un autre secteur, r\u00e9f\u00e9rez-vous \u00e0 votre ville pour obtenir la r\u00e9glementation concernant les animaux de compagnie.<\/p>\n<p>Il est important pour la sociabilisation de votre animal qu&rsquo;il sorte et rencontre d&rsquo;autres animaux et d&rsquo;autres personnes. Vous ferez de votre fid\u00e8le ami le compagnon id\u00e9al.<\/p>\n","protected":false},"excerpt":{"rendered":"<p>Une croyance populaire veut que les animaux retrouvent toujours leur chemin. Or c&rsquo;est faux. Il faut \u00eatre conscient que l&rsquo;ext\u00e9rieur constitue un danger pour votre animal. De nombreux dangers sont rencontr\u00e9s tels que : Des bagarres ; soit pour une femelle, un territoire ou de la nourriture Les voitures ; de nombreux animaux d\u00e9c\u00e8dent ou&#8230;<\/p>\n","protected":false},"author":21,"featured_media":0,"parent":0,"menu_order":0,"comment_status":"closed","ping_status":"closed","template":"","meta":{"_acf_changed":false,"footnotes":""},"class_list":["post-5423","page","type-page","status-publish","hentry"],"acf":[],"_links":{"self":[{"href":"https:\/\/spa-quebec.ca\/ancien-site\/wp-json\/wp\/v2\/pages\/5423","targetHints":{"allow":["GET"]}}],"collection":[{"href":"https:\/\/spa-quebec.ca\/ancien-site\/wp-json\/wp\/v2\/pages"}],"about":[{"href":"https:\/\/spa-quebec.ca\/ancien-site\/wp-json\/wp\/v2\/types\/page"}],"author":[{"embeddable":true,"href":"https:\/\/spa-quebec.ca\/ancien-site\/wp-json\/wp\/v2\/users\/21"}],"replies":[{"embeddable":true,"href":"https:\/\/spa-quebec.ca\/ancien-site\/wp-json\/wp\/v2\/comments?post=5423"}],"version-history":[{"count":0,"href":"https:\/\/spa-quebec.ca\/ancien-site\/wp-json\/wp\/v2\/pages\/5423\/revisions"}],"wp:attachment":[{"href":"https:\/\/spa-quebec.ca\/ancien-site\/wp-json\/wp\/v2\/media?parent=5423"}],"curies":[{"name":"wp","href":"https:\/\/api.w.org\/{rel}","templated":true}]}}