{"id":5430,"date":"2017-10-23T13:48:11","date_gmt":"2017-10-23T17:48:11","guid":{"rendered":"https:\/\/spa-quebec.ca\/ancien-site\/?page_id=5430"},"modified":"2021-05-02T12:56:04","modified_gmt":"2021-05-02T16:56:04","slug":"male-ou-femelle","status":"publish","type":"page","link":"https:\/\/spa-quebec.ca\/ancien-site\/male-ou-femelle\/","title":{"rendered":"M\u00e2le ou femelle ?"},"content":{"rendered":"<style type=\"text\/css\"><\/style><p>Le sexe d\u2019un animal ne d\u00e9termine pas son caract\u00e8re. Par exemple, on peut adopter une femelle gentille, craintive, soumise ou dominante et lors d\u2019une seconde adoption, un m\u00e2le aura les m\u00eames caract\u00e9ristiques.<\/p>\n<p>Chaque animal a son caract\u00e8re de base que son environnement pourra accentuer ou modifier. Si vous adoptez un chaton ou un chiot, son \u00e9ducation jouera un grand r\u00f4le sur son caract\u00e8re. Notez que la race de votre animal importe peu sur son caract\u00e8re. Par contre, certaines races sont plus pr\u00e9dispos\u00e9es \u00e0 certains comportements (plus ou moins actifs, etc.).<\/p>\n<p>Il vous appartient de bien vous conna\u00eetre pour choisir le compagnon id\u00e9al avec qui vous pourrez partager plusieurs ann\u00e9es de bonheur!<\/p>\n","protected":false},"excerpt":{"rendered":"<p>Le sexe d\u2019un animal ne d\u00e9termine pas son caract\u00e8re. Par exemple, on peut adopter une femelle gentille, craintive, soumise ou dominante et lors d\u2019une seconde adoption, un m\u00e2le aura les m\u00eames caract\u00e9ristiques. Chaque animal a son caract\u00e8re de base que son environnement pourra accentuer ou modifier. Si vous adoptez un chaton ou un chiot, son&#8230;<\/p>\n","protected":false},"author":21,"featured_media":0,"parent":0,"menu_order":0,"comment_status":"closed","ping_status":"closed","template":"","meta":{"_acf_changed":false,"footnotes":""},"class_list":["post-5430","page","type-page","status-publish","hentry"],"acf":[],"_links":{"self":[{"href":"https:\/\/spa-quebec.ca\/ancien-site\/wp-json\/wp\/v2\/pages\/5430","targetHints":{"allow":["GET"]}}],"collection":[{"href":"https:\/\/spa-quebec.ca\/ancien-site\/wp-json\/wp\/v2\/pages"}],"about":[{"href":"https:\/\/spa-quebec.ca\/ancien-site\/wp-json\/wp\/v2\/types\/page"}],"author":[{"embeddable":true,"href":"https:\/\/spa-quebec.ca\/ancien-site\/wp-json\/wp\/v2\/users\/21"}],"replies":[{"embeddable":true,"href":"https:\/\/spa-quebec.ca\/ancien-site\/wp-json\/wp\/v2\/comments?post=5430"}],"version-history":[{"count":0,"href":"https:\/\/spa-quebec.ca\/ancien-site\/wp-json\/wp\/v2\/pages\/5430\/revisions"}],"wp:attachment":[{"href":"https:\/\/spa-quebec.ca\/ancien-site\/wp-json\/wp\/v2\/media?parent=5430"}],"curies":[{"name":"wp","href":"https:\/\/api.w.org\/{rel}","templated":true}]}}