{"id":5433,"date":"2017-10-23T13:50:07","date_gmt":"2017-10-23T17:50:07","guid":{"rendered":"https:\/\/spa-quebec.ca\/ancien-site\/?page_id=5433"},"modified":"2021-05-02T12:56:04","modified_gmt":"2021-05-02T16:56:04","slug":"jouets-a-eviter","status":"publish","type":"page","link":"https:\/\/spa-quebec.ca\/ancien-site\/jouets-a-eviter\/","title":{"rendered":"Jouets \u00e0 \u00e9viter"},"content":{"rendered":"<style type=\"text\/css\"><\/style><p>Nous adorons offrir des joujoux \u00e0 nos chers compagnons, mais des r\u00e8gles de bon sens s&rsquo;imposent pour leur \u00e9viter des probl\u00e8mes.<\/p>\n<h2>Voici donc quelques jouets \u00e0 \u00e9viter<\/h2>\n<h3>Pour les chiens<\/h3>\n<ul>\n<li>\u00c9vitez les petits jouets, comme pour les enfants en bas \u00e2ge, car il y a un fort risque d&rsquo;ingestion.<\/li>\n<li>Les balles de tennis ; elles sont fragiles et elles risquent de se retrouver dans l&rsquo;estomac de votre pitou.<\/li>\n<li>\u00c9vitez les jouets plus durs que la dent, comme les cailloux ; ils peuvent entra\u00eener des l\u00e9sions gingivales (blessures aux gencives) ou des fractures dentaires, ce qui entra\u00eenera une visite co\u00fbteuse chez votre v\u00e9t\u00e9rinaire.<\/li>\n<li>Les os v\u00e9ritables (os de boucherie) ; un \u00e9clat d&rsquo;os peut rester bloqu\u00e9 dans la paroi intestinale et provoquer des lac\u00e9rations ce qui n\u00e9cessitera une visite d&rsquo;urgence chez votre v\u00e9t\u00e9rinaire.<\/li>\n<\/ul>\n<h3>Pour les chats<\/h3>\n<ul>\n<li>\u00c9vitez les petits jouets, comme avec les enfants en bas \u00e2ge, car il y a \u00e9galement un fort risque d&rsquo;ingestion.<\/li>\n<li>\u00c9vitez les jouets avec de longs fils que minet pourrait ing\u00e9rer. On remarque souvent que les chats peuvent avaler des cordes en jouant. L&rsquo;aspect rugueux de la langue du chat attire les poils vers la gorge, mais aussi tout ce qui s&rsquo;y accroche.<\/li>\n<li>Faites attention aux \u00e9lastiques (cheveux et plastiques). On remarque que plusieurs chats en raffolent.<\/li>\n<\/ul>\n<h2>Des jouets \u00e0 donner sous surveillance<\/h2>\n<h3>Pour les chiens<\/h3>\n<ul>\n<li>Les jouets de peluche ; ils peuvent \u00eatre toxiques. Restez \u00e0 proximit\u00e9 de votre chien quand il joue avec ce type de jouets. Avec le temps, vous saurez s&rsquo;il les brise et si vous devez continuer de superviser ses temps de jeux.<\/li>\n<li>Les cordes avec noeuds ; si l&rsquo;animal brise la corde, assurez-vous qu&rsquo;il ne la mange pas.<\/li>\n<\/ul>\n<h3>Pour les chats<\/h3>\n<ul>\n<li>Les jouets avec des cordes (poisson ou souris au bout d&rsquo;un b\u00e2ton). De plus, en jouant avec lui, vous contribuez \u00e0 lui faire d\u00e9penser son \u00e9nergie et des calories qu&rsquo;il pourrait avoir en trop.<\/li>\n<\/ul>\n<h2>Des jouets recommand\u00e9s<\/h2>\n<h3>Pour les chiens<\/h3>\n<ul>\n<li>Les jouets en caoutchouc (Kong) ; assurez-vous d&rsquo;offrir le format prescrit pour la race de votre chien pour \u00e9viter une ingestion. Pour certains mod\u00e8les, il est possible d&rsquo;ins\u00e9rer un biscuit pour occuper pitou.<\/li>\n<li>Certaines g\u00e2teries, qui font office de jouets, peuvent am\u00e9liorer la sant\u00e9 buccale de votre animal. La d\u00e9gustation de ce type de g\u00e2terie contribue \u00e0 la diminution du tartre.<\/li>\n<\/ul>\n<h3>Pour les chats<\/h3>\n<ul>\n<li>Les bo\u00eetes de carton ; la plupart des chats en raffolent. Ils peuvent s&rsquo;y cacher pour jouer ou dormir et ils peuvent y faire leurs griffes. Attention aux ingestions.<\/li>\n<li>Petites souris ; elles feront courir votre animal (instinct de chasse). Toutefois, faites attention aux petites pi\u00e8ces (petits yeux en plastique par exemple) qui pourraient \u00eatre ing\u00e9r\u00e9es.<\/li>\n<\/ul>\n<p>Plusieurs jouets vendus dans les boutiques pour animaux sont attrayants. Cependant, assurez-vous de la qualit\u00e9 de ceux-ci pour prot\u00e9ger la sant\u00e9 physique de votre animal.<\/p>\n<p>N&rsquo;oubliez pas que la qualit\u00e9 des g\u00e2teries mangeables donn\u00e9es \u00e0 votre animal est toute aussi importante pour sa sant\u00e9 que la qualit\u00e9 des jouets que vous lui offrez!<\/p>\n","protected":false},"excerpt":{"rendered":"<p>Nous adorons offrir des joujoux \u00e0 nos chers compagnons, mais des r\u00e8gles de bon sens s&rsquo;imposent pour leur \u00e9viter des probl\u00e8mes. Voici donc quelques jouets \u00e0 \u00e9viter Pour les chiens \u00c9vitez les petits jouets, comme pour les enfants en bas \u00e2ge, car il y a un fort risque d&rsquo;ingestion. Les balles de tennis ; elles&#8230;<\/p>\n","protected":false},"author":21,"featured_media":0,"parent":0,"menu_order":0,"comment_status":"closed","ping_status":"closed","template":"","meta":{"_acf_changed":false,"footnotes":""},"class_list":["post-5433","page","type-page","status-publish","hentry"],"acf":[],"_links":{"self":[{"href":"https:\/\/spa-quebec.ca\/ancien-site\/wp-json\/wp\/v2\/pages\/5433","targetHints":{"allow":["GET"]}}],"collection":[{"href":"https:\/\/spa-quebec.ca\/ancien-site\/wp-json\/wp\/v2\/pages"}],"about":[{"href":"https:\/\/spa-quebec.ca\/ancien-site\/wp-json\/wp\/v2\/types\/page"}],"author":[{"embeddable":true,"href":"https:\/\/spa-quebec.ca\/ancien-site\/wp-json\/wp\/v2\/users\/21"}],"replies":[{"embeddable":true,"href":"https:\/\/spa-quebec.ca\/ancien-site\/wp-json\/wp\/v2\/comments?post=5433"}],"version-history":[{"count":0,"href":"https:\/\/spa-quebec.ca\/ancien-site\/wp-json\/wp\/v2\/pages\/5433\/revisions"}],"wp:attachment":[{"href":"https:\/\/spa-quebec.ca\/ancien-site\/wp-json\/wp\/v2\/media?parent=5433"}],"curies":[{"name":"wp","href":"https:\/\/api.w.org\/{rel}","templated":true}]}}