{"id":5439,"date":"2017-10-23T14:02:18","date_gmt":"2017-10-23T18:02:18","guid":{"rendered":"https:\/\/spa-quebec.ca\/ancien-site\/?page_id=5439"},"modified":"2021-05-02T12:56:04","modified_gmt":"2021-05-02T16:56:04","slug":"la-surdite","status":"publish","type":"page","link":"https:\/\/spa-quebec.ca\/ancien-site\/la-surdite\/","title":{"rendered":"La surdit\u00e9"},"content":{"rendered":"<style type=\"text\/css\"><\/style><h3>Mon animal est-il sourd ?<\/h3>\n<p>Pour savoir si votre animal est sourd, vous pouvez claquer des mains derri\u00e8re ses oreilles pour voir sa r\u00e9action ou tout simplement l\u2019appeler lors qu\u2019il ne vous regarde pas. S\u2019il r\u00e9agit c\u2019est qu\u2019il n\u2019est probablement pas sourd. Par contre, s\u2019il ne r\u00e9agit pas, un examen chez votre v\u00e9t\u00e9rinaire sera n\u00e9cessaire.<\/p>\n<p>Si votre animal est sourd, il peut quand m\u00eame faire partie de la famille. Il est possible de cohabiter sainement avec celui-ci. En effet, un animal sourd r\u00e9agit aux vibrations et aux gestes. Vous pouvez donc vous servir de cette facult\u00e9 pour l\u2019\u00e9duquer.<\/p>\n<h4>Mises en garde<\/h4>\n<p>Il est \u00e0 conseiller de garder un chat sourd \u00e0 l\u2019int\u00e9rieur pour sa s\u00e9curit\u00e9. Un chien sourd peut aller \u00e0 l\u2019ext\u00e9rieur, mais il est conseill\u00e9 de le garder en laisse.<\/p>\n<p>Notez que les animaux aveugles de naissance ou acquis peuvent aussi apprendre \u00e0 vivre avec vous. Patience et \u00e9ducation sont de mise!<\/p>\n<p>Pour obtenir de l&rsquo;aide pour l&rsquo;\u00e9ducation d&rsquo;un animal sourd, r\u00e9f\u00e9rez-vous \u00e0 des sp\u00e9cialistes.<\/p>\n","protected":false},"excerpt":{"rendered":"<p>Mon animal est-il sourd ? Pour savoir si votre animal est sourd, vous pouvez claquer des mains derri\u00e8re ses oreilles pour voir sa r\u00e9action ou tout simplement l\u2019appeler lors qu\u2019il ne vous regarde pas. S\u2019il r\u00e9agit c\u2019est qu\u2019il n\u2019est probablement pas sourd. Par contre, s\u2019il ne r\u00e9agit pas, un examen chez votre v\u00e9t\u00e9rinaire sera n\u00e9cessaire&#8230;.<\/p>\n","protected":false},"author":21,"featured_media":0,"parent":0,"menu_order":0,"comment_status":"closed","ping_status":"closed","template":"","meta":{"_acf_changed":false,"footnotes":""},"class_list":["post-5439","page","type-page","status-publish","hentry"],"acf":[],"_links":{"self":[{"href":"https:\/\/spa-quebec.ca\/ancien-site\/wp-json\/wp\/v2\/pages\/5439","targetHints":{"allow":["GET"]}}],"collection":[{"href":"https:\/\/spa-quebec.ca\/ancien-site\/wp-json\/wp\/v2\/pages"}],"about":[{"href":"https:\/\/spa-quebec.ca\/ancien-site\/wp-json\/wp\/v2\/types\/page"}],"author":[{"embeddable":true,"href":"https:\/\/spa-quebec.ca\/ancien-site\/wp-json\/wp\/v2\/users\/21"}],"replies":[{"embeddable":true,"href":"https:\/\/spa-quebec.ca\/ancien-site\/wp-json\/wp\/v2\/comments?post=5439"}],"version-history":[{"count":0,"href":"https:\/\/spa-quebec.ca\/ancien-site\/wp-json\/wp\/v2\/pages\/5439\/revisions"}],"wp:attachment":[{"href":"https:\/\/spa-quebec.ca\/ancien-site\/wp-json\/wp\/v2\/media?parent=5439"}],"curies":[{"name":"wp","href":"https:\/\/api.w.org\/{rel}","templated":true}]}}