{"id":5442,"date":"2017-10-23T14:10:02","date_gmt":"2017-10-23T18:10:02","guid":{"rendered":"https:\/\/spa-quebec.ca\/ancien-site\/?page_id=5442"},"modified":"2021-05-02T12:56:05","modified_gmt":"2021-05-02T16:56:05","slug":"recette-faire-fuir-chatsmouffettes","status":"publish","type":"page","link":"https:\/\/spa-quebec.ca\/ancien-site\/recette-faire-fuir-chatsmouffettes\/","title":{"rendered":"Recette pour faire fuir chats\/mouffettes"},"content":{"rendered":"<style type=\"text\/css\"><\/style><p>Il ne nous d\u00e9range habituellement pas que minou vienne se pr\u00e9lasser au soleil l&rsquo;apr\u00e8s-midi, ou que madame la moufette passe par notre terrain la nuit, mais lorsqu&rsquo;ils s&rsquo;attaquent \u00e0 notre jardin et nos rocailles, nous souhaitons les \u00e9loigner. Voici un petit truc qui pourrait vous aider sans blesser ou d\u00e9loger ces animaux.<\/p>\n<p>Dans une bouteille de type \u00ab\u00a0spray\u00a0\u00bb, m\u00e9langez :<\/p>\n<ul>\n<li>4 cuill\u00e8res \u00e0 soupe de poivre de cayenne<\/li>\n<li>4 cuill\u00e8res \u00e0 souper de moutarde en poudre<\/li>\n<li>4 gousses d&rsquo;ail hach\u00e9es<\/li>\n<li>1 tasse de vinaigre<\/li>\n<\/ul>\n<p>M\u00e9langez le tout avec un peu d&rsquo;eau et vaporisez aux 2 &#8211; 3 semaines ou apr\u00e8s une forte pluie. Ne vaporisez JAMAIS ce m\u00e9lange directement sur les animaux. Notez que la majorit\u00e9 des animaux d\u00e9testent les pelures d&rsquo;agrumes. Elles peuvent donc aussi \u00eatre utilis\u00e9es et chang\u00e9es au besoin.<\/p>\n<p>Ce petit truc provient d&rsquo;une source inconnue &#8230; en esp\u00e9rant qu&rsquo;il saura vous aider!<\/p>\n","protected":false},"excerpt":{"rendered":"<p>Il ne nous d\u00e9range habituellement pas que minou vienne se pr\u00e9lasser au soleil l&rsquo;apr\u00e8s-midi, ou que madame la moufette passe par notre terrain la nuit, mais lorsqu&rsquo;ils s&rsquo;attaquent \u00e0 notre jardin et nos rocailles, nous souhaitons les \u00e9loigner. Voici un petit truc qui pourrait vous aider sans blesser ou d\u00e9loger ces animaux. Dans une bouteille&#8230;<\/p>\n","protected":false},"author":21,"featured_media":0,"parent":0,"menu_order":0,"comment_status":"closed","ping_status":"closed","template":"","meta":{"_acf_changed":false,"footnotes":""},"class_list":["post-5442","page","type-page","status-publish","hentry"],"acf":[],"_links":{"self":[{"href":"https:\/\/spa-quebec.ca\/ancien-site\/wp-json\/wp\/v2\/pages\/5442","targetHints":{"allow":["GET"]}}],"collection":[{"href":"https:\/\/spa-quebec.ca\/ancien-site\/wp-json\/wp\/v2\/pages"}],"about":[{"href":"https:\/\/spa-quebec.ca\/ancien-site\/wp-json\/wp\/v2\/types\/page"}],"author":[{"embeddable":true,"href":"https:\/\/spa-quebec.ca\/ancien-site\/wp-json\/wp\/v2\/users\/21"}],"replies":[{"embeddable":true,"href":"https:\/\/spa-quebec.ca\/ancien-site\/wp-json\/wp\/v2\/comments?post=5442"}],"version-history":[{"count":0,"href":"https:\/\/spa-quebec.ca\/ancien-site\/wp-json\/wp\/v2\/pages\/5442\/revisions"}],"wp:attachment":[{"href":"https:\/\/spa-quebec.ca\/ancien-site\/wp-json\/wp\/v2\/media?parent=5442"}],"curies":[{"name":"wp","href":"https:\/\/api.w.org\/{rel}","templated":true}]}}