{"id":6508,"date":"2018-05-18T13:05:24","date_gmt":"2018-05-18T17:05:24","guid":{"rendered":"https:\/\/spa-quebec.ca\/ancien-site\/?page_id=6508"},"modified":"2021-05-02T12:56:05","modified_gmt":"2021-05-02T16:56:05","slug":"politique-deducation-canine","status":"publish","type":"page","link":"https:\/\/spa-quebec.ca\/ancien-site\/politique-deducation-canine\/","title":{"rendered":"Politique d&rsquo;\u00e9ducation canine"},"content":{"rendered":"<style type=\"text\/css\"><\/style><h4>Ce que vous devez savoir<\/h4>\n<p>L\u2019acquisition d\u2019un nouveau chien signifie souvent l\u2019inclusion de beaucoup d\u2019affection dans un foyer et aussi l\u2019int\u00e9gration d\u2019une boule d\u2019\u00e9nergie qui a besoin d\u2019aide pour apprendre \u00e0 se g\u00e9rer.<\/p>\n<p>Une cause importante d\u2019abandon des chiens \u00e0 la SPA est le manque d\u2019\u00e9ducation canine. Trop souvent, les propri\u00e9taires ne s\u2019investissent pas suffisamment dans l\u2019\u00e9ducation de leur chien ou comprennent mal ses besoins et son langage. Une fois que l\u2019animal a pris de mauvaises habitudes, cr\u00e9\u00e9es surtout par le manque de cadre constructif, les propri\u00e9taires perdent patience et se d\u00e9font de l\u2019animal. Nous donnons ici quelques conseils g\u00e9n\u00e9raux pour que la relation entre un chien et son ma\u00eetre soit r\u00e9ciproquement b\u00e9n\u00e9fique et durable. Par ailleurs, il est important d\u2019\u00eatre \u00e0 l\u2019\u00e9coute des besoins sp\u00e9cifiques de chaque chien, puisque chaque animal a des capacit\u00e9s, des pr\u00e9f\u00e9rences et des besoins qui lui sont propres.<\/p>\n<p>1- Tout d\u2019abord, la v\u00e9ritable personnalit\u00e9 d\u2019un chien en refuge peut changer apr\u00e8s son adoption. Au refuge, les chiens affichent souvent une personnalit\u00e9 plus extrovertie ou plus introvertie que leur v\u00e9ritable nature. Cela est d\u00fb au stress inh\u00e9rent du changement de foyer, de milieu. Nous conseillons, au moins pour la premi\u00e8re semaine apr\u00e8s l\u2019adoption, d\u2019y aller au rythme de l\u2019animal, sans le brusquer. Il s\u2019agit d\u2019une phase de transition d\u00e9terminante et privil\u00e9gi\u00e9e de la relation. Nous recommandons que le ma\u00eetre et le chien apprennent \u00e0 se conna\u00eetre r\u00e9ciproquement. Il est important de garder \u00e0 l\u2019esprit que le chien agit principalement pour r\u00e9pondre \u00e0 ses besoins biologiques, pour obtenir ou \u00e9viter quelque chose.<\/p>\n<p>2- Un chien, surtout s\u2019il est jeune, a besoin d\u2019exercice physique, mental et masticatoire. C\u2019est peut-\u00eatre le conseil le plus important. Trop souvent, les gens s\u2019imaginent adopter un bibelot qu\u2019ils pourront calmement flatter sur le divan \u00e0 leur convenance. Ces moments d\u2019affection paisible seront beaucoup plus fr\u00e9quents et faciles si on a d\u2019abord pris soin des besoins biologiques de l\u2019animal. Souvent, une marche par jour ne suffira pas pour des chiens actifs. Il faudra trouver des activit\u00e9s qui d\u00e9pensent suffisamment l\u2019\u00e9nergie du chien pour qu\u2019il soit un bon compagnon dans un contexte trop souvent s\u00e9dentaire. Soyez cr\u00e9atifs et tentez de combiner exercice mental, masticatoire et physique, tout en gardant \u00e0 l\u2019esprit les limites du chien.<\/p>\n<p>3- La SPA conseille fortement de suivre des cours dans une \u00e9cole canine. Ces cours vont permettre de socialiser le chien, de le d\u00e9sensibiliser \u00e0 certains stimuli et de souder le lien qui l\u2019unit \u00e0 son propri\u00e9taire. Ces cours auront aussi comme b\u00e9n\u00e9fice de stimuler intellectuellement l\u2019animal. Les cours auront g\u00e9n\u00e9ralement de bien meilleurs r\u00e9sultats si le chien a d\u2019abord d\u00e9pens\u00e9 un minimum d\u2019\u00e9nergie, sans pour autant l\u2019\u00e9puiser compl\u00e8tement.<\/p>\n<p>4- Nous recommandons, comme l\u2019Ordre des m\u00e9decins v\u00e9t\u00e9rinaires du Qu\u00e9bec (OMVQ), une \u00e9ducation canine \u00e9quilibr\u00e9e, ax\u00e9e sur le renforcement positif. Il existe plusieurs lignes de pens\u00e9e en ce domaine. La m\u00e9thode \u00ab\u2009traditionnelle\u2009\u00bb est ax\u00e9e sur un concept de dominance et souvent la contrainte physique, du ma\u00eetre sur l\u2019animal. Ces concepts sont scientifiquement de plus en plus remis en question parce qu\u2019ils peuvent, dans une part non n\u00e9gligeable des chiens, causer des blessures physiques ou mentales. L\u2019autre m\u00e9thode, plus r\u00e9cente, cherche \u00e0 renforcer des comportements d\u00e9sirables par une r\u00e9compense, que ce soit de la nourriture, de l\u2019attention ou le jeu. Cette m\u00e9thode est souvent mieux per\u00e7ue dans le monde animalier, mais celle-l\u00e0, comme les autres, peut aussi entra\u00eener des difficult\u00e9s et des enjeux \u00e0 g\u00e9rer. Il est important que vous trouviez une \u00e9cole dans laquelle vous et votre chien vous sentez \u00e0 l\u2019aise et dans laquelle vous bonifierez le lien qui vous unit.<\/p>\n<p>5- Un chien aura r\u00e9guli\u00e8rement besoin de soins et occasionnera des d\u00e9penses. Assez t\u00f4t apr\u00e8s une adoption, nous recommandons d\u2019ouvrir un dossier m\u00e9dical dans une clinique v\u00e9t\u00e9rinaire et de s\u2019y r\u00e9f\u00e9rer en ce qui concerne la sant\u00e9 de votre animal. Les m\u00e9decins v\u00e9t\u00e9rinaires sont les experts de la sant\u00e9 physique de votre animal. Des soins fr\u00e9quents, comme la vaccination, la vermifugation et l\u2019examen de sant\u00e9 annuel permettront d\u2019avoir un animal en bonne sant\u00e9, pr\u00eat \u00e0 jouer et \u00e0 participer \u00e0 la vie du foyer. \u00c9videmment, comme nous, plus il vieillira, plus il aura besoin d\u2019attention m\u00e9dicale. Vous devrez aussi vous attendre \u00e0 d\u00e9bourser \u00e0 l\u2019occasion pour des soins de toilettage et l\u2019achat d\u2019objets destin\u00e9s au confort de votre chien.<\/p>\n<p>6- Si le v\u00e9t\u00e9rinaire est le sp\u00e9cialiste de la sant\u00e9 physique de votre chien, le comportementaliste est le sp\u00e9cialiste de son comportement. Depuis quelques ann\u00e9es, les experts constatent que certains chiens ont des probl\u00e8mes inn\u00e9s ou acquis de comportement : anxi\u00e9t\u00e9, agressivit\u00e9, hyperactivit\u00e9\u2026 Il s\u2019agit d\u2019une expertise relativement r\u00e9cente et dont les balises sont parfois d\u00e9battues. Nous recommandons de choisir un comportementaliste qui travaillera conjointement avec un v\u00e9t\u00e9rinaire et avec lequel vous et votre chien serez \u00e0 l\u2019aise, en misant sur une \u00e9ducation \u00e9quilibr\u00e9e, ax\u00e9e sur le renforcement positif, comme le sugg\u00e8re l\u2019OMVQ.<\/p>\n","protected":false},"excerpt":{"rendered":"<p>Ce que vous devez savoir L\u2019acquisition d\u2019un nouveau chien signifie souvent l\u2019inclusion de beaucoup d\u2019affection dans un foyer et aussi l\u2019int\u00e9gration d\u2019une boule d\u2019\u00e9nergie qui a besoin d\u2019aide pour apprendre \u00e0 se g\u00e9rer. Une cause importante d\u2019abandon des chiens \u00e0 la SPA est le manque d\u2019\u00e9ducation canine. Trop souvent, les propri\u00e9taires ne s\u2019investissent pas suffisamment&#8230;<\/p>\n","protected":false},"author":21,"featured_media":0,"parent":0,"menu_order":0,"comment_status":"closed","ping_status":"closed","template":"","meta":{"_acf_changed":false,"footnotes":""},"class_list":["post-6508","page","type-page","status-publish","hentry"],"acf":[],"_links":{"self":[{"href":"https:\/\/spa-quebec.ca\/ancien-site\/wp-json\/wp\/v2\/pages\/6508","targetHints":{"allow":["GET"]}}],"collection":[{"href":"https:\/\/spa-quebec.ca\/ancien-site\/wp-json\/wp\/v2\/pages"}],"about":[{"href":"https:\/\/spa-quebec.ca\/ancien-site\/wp-json\/wp\/v2\/types\/page"}],"author":[{"embeddable":true,"href":"https:\/\/spa-quebec.ca\/ancien-site\/wp-json\/wp\/v2\/users\/21"}],"replies":[{"embeddable":true,"href":"https:\/\/spa-quebec.ca\/ancien-site\/wp-json\/wp\/v2\/comments?post=6508"}],"version-history":[{"count":0,"href":"https:\/\/spa-quebec.ca\/ancien-site\/wp-json\/wp\/v2\/pages\/6508\/revisions"}],"wp:attachment":[{"href":"https:\/\/spa-quebec.ca\/ancien-site\/wp-json\/wp\/v2\/media?parent=6508"}],"curies":[{"name":"wp","href":"https:\/\/api.w.org\/{rel}","templated":true}]}}