{"id":7458,"date":"2020-09-21T16:46:18","date_gmt":"2020-09-21T20:46:18","guid":{"rendered":"https:\/\/spa-quebec.ca\/ancien-site\/?page_id=7458"},"modified":"2025-10-20T16:48:46","modified_gmt":"2025-10-20T20:48:46","slug":"emplois","status":"publish","type":"page","link":"https:\/\/spa-quebec.ca\/ancien-site\/a-propos\/emplois\/","title":{"rendered":"Emplois"},"content":{"rendered":"<style type=\"text\/css\"> \n#cmsms_row_69e12e9917171 .cmsms_row_outer_parent { \n\tpadding-top: 0px; \n} \n\n#cmsms_row_69e12e9917171 .cmsms_row_outer_parent { \n\tpadding-bottom: 50px; \n} \n\n \n#cmsms_heading_69e12e9917373 { \n\ttext-align:left; \n\tmargin-top:0px; \n\tmargin-bottom:20px; \n} \n\n#cmsms_heading_69e12e9917373 .cmsms_heading { \n\ttext-align:left; \n} \n\n#cmsms_heading_69e12e9917373 .cmsms_heading, #cmsms_heading_69e12e9917373 .cmsms_heading a { \n\tfont-weight:normal; \n\tfont-style:normal; \n} \n\n#cmsms_heading_69e12e9917373 .cmsms_heading_divider { \n} \n\n \n#cmsms_row_69e12e9917466 .cmsms_row_outer_parent { \n\tpadding-top: 0px; \n} \n\n#cmsms_row_69e12e9917466 .cmsms_row_outer_parent { \n\tpadding-bottom: 50px; \n} \n\n<\/style><div id=\"cmsms_row_69e12e9917171\" class=\"cmsms_row cmsms_color_scheme_default\">\n<div class=\"cmsms_row_outer_parent\">\n<div class=\"cmsms_row_outer\">\n<div class=\"cmsms_row_inner\">\n<div class=\"cmsms_row_margin\">\n<div class=\"cmsms_column one_first\">\n\n<div id=\"cmsms_heading_69e12e9917373\" class=\"cmsms_heading_wrap cmsms_heading_align_left\">\n\t<h1 class=\"cmsms_heading\">Joins-toi \u00e0 l&rsquo;\u00e9quipe!<\/h1>\n<\/div>\n<\/div>\n<\/div>\n<\/div>\n<\/div>\n<\/div>\n<\/div>\n<div id=\"cmsms_row_69e12e9917466\" class=\"cmsms_row cmsms_color_scheme_default\">\n<div class=\"cmsms_row_outer_parent\">\n<div class=\"cmsms_row_outer\">\n<div class=\"cmsms_row_inner\">\n<div class=\"cmsms_row_margin\">\n<div class=\"cmsms_column one_first\">\n<div class=\"cmsms_text\">\n<p>\u00c0 la SPA de Qu\u00e9bec, la routine n\u2019existe pas.\u00a0 Les postes sont vari\u00e9s et les journ\u00e9es ne se ressemblent pas. Tu es passionn\u00e9(e) des animaux et a le fort d\u00e9sir de faire la diff\u00e9rence dans la vie d\u2019animaux abandonn\u00e9s?\u00a0 En travaillant en refuge, tu es directement au centre du changement.<\/p>\n<h4>Emplois disponibles :<\/h4>\n<h4><a href=\"https:\/\/spa-quebec.ca\/ancien-site\/conseiller-ere-en-ressources-humaines\/\">Conseillier.\u00e8re en ressources humaines<\/a><\/h4>\n<h4>\u00a0<\/h4>\n<h4><em><strong>Veuillez noter que seuls les candidats retenus seront contact\u00e9s.<\/strong><\/em><\/h4>\n<\/div>\n<\/div>\n<\/div>\n<\/div>\n<\/div>\n<\/div>\n<\/div>\n\n\n\n<p><\/p>\n","protected":false},"excerpt":{"rendered":"","protected":false},"author":21,"featured_media":0,"parent":4473,"menu_order":0,"comment_status":"closed","ping_status":"closed","template":"","meta":{"_acf_changed":false,"footnotes":""},"class_list":["post-7458","page","type-page","status-publish","hentry"],"acf":[],"_links":{"self":[{"href":"https:\/\/spa-quebec.ca\/ancien-site\/wp-json\/wp\/v2\/pages\/7458","targetHints":{"allow":["GET"]}}],"collection":[{"href":"https:\/\/spa-quebec.ca\/ancien-site\/wp-json\/wp\/v2\/pages"}],"about":[{"href":"https:\/\/spa-quebec.ca\/ancien-site\/wp-json\/wp\/v2\/types\/page"}],"author":[{"embeddable":true,"href":"https:\/\/spa-quebec.ca\/ancien-site\/wp-json\/wp\/v2\/users\/21"}],"replies":[{"embeddable":true,"href":"https:\/\/spa-quebec.ca\/ancien-site\/wp-json\/wp\/v2\/comments?post=7458"}],"version-history":[{"count":161,"href":"https:\/\/spa-quebec.ca\/ancien-site\/wp-json\/wp\/v2\/pages\/7458\/revisions"}],"predecessor-version":[{"id":10707,"href":"https:\/\/spa-quebec.ca\/ancien-site\/wp-json\/wp\/v2\/pages\/7458\/revisions\/10707"}],"up":[{"embeddable":true,"href":"https:\/\/spa-quebec.ca\/ancien-site\/wp-json\/wp\/v2\/pages\/4473"}],"wp:attachment":[{"href":"https:\/\/spa-quebec.ca\/ancien-site\/wp-json\/wp\/v2\/media?parent=7458"}],"curies":[{"name":"wp","href":"https:\/\/api.w.org\/{rel}","templated":true}]}}