{"id":7946,"date":"2021-02-23T15:23:20","date_gmt":"2021-02-23T20:23:20","guid":{"rendered":"https:\/\/spa-quebec.ca\/ancien-site\/?page_id=7946"},"modified":"2025-05-20T16:27:29","modified_gmt":"2025-05-20T20:27:29","slug":"capture-sterilisation-relache-csr-2","status":"publish","type":"page","link":"https:\/\/spa-quebec.ca\/ancien-site\/services\/capture-sterilisation-relache-csr-2\/","title":{"rendered":"Capture, St\u00e9rilisation, Rel\u00e2che ( CSR )"},"content":{"rendered":"<style type=\"text\/css\"> \n#cmsms_row_69e13078e595e .cmsms_row_outer_parent { \n\tpadding-top: 0px; \n} \n\n#cmsms_row_69e13078e595e .cmsms_row_outer_parent { \n\tpadding-bottom: 50px; \n} \n\n \n#cmsms_row_69e13078e5c7c .cmsms_row_outer_parent { \n\tpadding-top: 0px; \n} \n\n#cmsms_row_69e13078e5c7c .cmsms_row_outer_parent { \n\tpadding-bottom: 50px; \n} \n\n\n\t\t\t\t#cmsms_gallery_69e13078e5d08 .cmsms_gallery {\n\t\t\t\t\tmargin:0 0 0 -10px;\n\t\t\t\t}\n\t\t\t\t\n\t\t\t\t#cmsms_gallery_69e13078e5d08 .cmsms_gallery .cmsms_gallery_item {\n\t\t\t\t\tpadding:0 0 10px 10px;\n\t\t\t\t}\n\t\t\t<\/style><div id=\"cmsms_row_69e13078e595e\" class=\"cmsms_row cmsms_color_scheme_default\">\n<div class=\"cmsms_row_outer_parent\">\n<div class=\"cmsms_row_outer\">\n<div class=\"cmsms_row_inner\">\n<div class=\"cmsms_row_margin\">\n<div class=\"cmsms_column one_first\">\n<div class=\"cmsms_text\">\n<h1><\/h1>\n<h1><\/h1>\n<h1>Capture, St\u00e9rilisation, Rel\u00e2che (CSR)<\/h1>\n<p>Le programme CSR a pour objectif de capturer les chats errants, les st\u00e9riliser et les retourner dans leur milieu. C&rsquo;est la m\u00e9thode la plus \u00e9thique afin de contr\u00f4ler les colonies de chats.\u00a0Lorsqu&rsquo;un chat errant est captur\u00e9 et qu&rsquo;aucun propri\u00e9taire ne se manifeste, il pourra \u00eatre \u00e9ligible au programme CSR s&rsquo;il est sauvage. Nous priorisons le placement \u00e0 l&rsquo;adoption avant tout.<\/p>\n<\/div>\n<div class=\"cmsms_toggles toggles_mode_accordion\">\n<div class=\"cmsms_toggle_wrap\" data-tags=\"all \">\n<div class=\"cmsms_toggle_title\">\n<span class=\"cmsms_toggle_plus\">\n<span class=\"cmsms_toggle_plus_hor\"><\/span>\n<span class=\"cmsms_toggle_plus_vert\"><\/span>\n<\/span>\n<a href=\"#\">Les municipalit\u00e9s offrant le CSR <\/a>\n<\/div>\n<div class=\"cmsms_toggle\">\n<div class=\"cmsms_toggle_inner\">\n<ul>\n<li>Beaupr\u00e9<\/li>\n<li>Ch\u00e2teau-Richer<\/li>\n<li>Cantons unis de Stoneham et Tewkesbury<\/li>\n<li>L\u2019Ancienne-Lorette<\/li>\n<li>L\u2019Ange-Gardien<\/li>\n<li>Lac-Beauport<\/li>\n<li>Lac St-Joseph<\/li>\n<li>Sainte-Brigitte-de-Laval<\/li>\n<li>St-Augustin-de-Desmaures<\/li>\n<li>St-Fran\u00e7ois I.O.<\/li>\n<li>St-Jean I.O.<\/li>\n<li>St-Pierre I.O.<\/li>\n<li>Ste-Famille I.O.<\/li>\n<li>Ste-P\u00e9tronille I.O.<\/li>\n<li>Toutes les municipalit\u00e9s de la MRC de Portneuf<\/li>\n<\/ul>\n<\/div>\n<\/div>\n<\/div><div class=\"cmsms_toggle_wrap\" data-tags=\"all \">\n<div class=\"cmsms_toggle_title\">\n<span class=\"cmsms_toggle_plus\">\n<span class=\"cmsms_toggle_plus_hor\"><\/span>\n<span class=\"cmsms_toggle_plus_vert\"><\/span>\n<\/span>\n<a href=\"#\">Les avantages du CSR <\/a>\n<\/div>\n<div class=\"cmsms_toggle\">\n<div class=\"cmsms_toggle_inner\">\n<ul>\n<li>Diminue la surpopulation animale<\/li>\n<li>R\u00e9duit les miaulements excessifs (chattes en chaleurs)<\/li>\n<li>Contr\u00f4le les odeurs (marquage par l&rsquo;urine)<\/li>\n<li>Diminution des blessures (moins de batailles)<\/li>\n<li>Alternative \u00e0 l&rsquo;euthanasie<\/li>\n<\/ul>\n<\/div>\n<\/div>\n<\/div><div class=\"cmsms_toggle_wrap\" data-tags=\"all \">\n<div class=\"cmsms_toggle_title\">\n<span class=\"cmsms_toggle_plus\">\n<span class=\"cmsms_toggle_plus_hor\"><\/span>\n<span class=\"cmsms_toggle_plus_vert\"><\/span>\n<\/span>\n<a href=\"#\">Proc\u00e9dure<\/a>\n<\/div>\n<div class=\"cmsms_toggle\">\n<div class=\"cmsms_toggle_inner\">\n<ul>\n<li>Communiquez avec votre ville afin d&rsquo;inscrire votre colonie*<\/li>\n<li>Rendez-vous \u00e0 nos locaux afin de louer une cage de capture**.<\/li>\n<li>Lorsqu&rsquo;un animal est captur\u00e9, vous pouvez le rapporter \u00e0 nos locaux ou nous pouvons aller le r\u00e9cup\u00e9rer \u00e0 l&rsquo;aide de notre service d&rsquo;urgence 24\/7.<\/li>\n<li>Si aucun propri\u00e9taire ne se manifeste, l&rsquo;animal sera st\u00e9rilis\u00e9, vaccin\u00e9 et taill\u00e9 \u00e0 l&rsquo;oreille. Il pourra par la suite \u00eatre rel\u00e2ch\u00e9 dans son milieu.<\/li>\n<li>Surveillez l&rsquo;\u00e9tat du chat les jours suivants. Il doit avoir acc\u00e8s \u00e0 un abri et de la nourriture.<\/li>\n<\/ul>\n<p><strong>*Certaines municipalit\u00e9s exigent que les responsables des colonies soient enregistr\u00e9es ou ont d\u2019autres exigences. La SPA s\u2019assure de v\u00e9rifier ces informations.<\/strong><\/p>\n<p>**La location de cage de capture est disponible seulement entre le 1er avril et le 1er novembre.<\/p>\n<\/div>\n<\/div>\n<\/div><\/div>\n<\/div>\n<\/div>\n<\/div>\n<\/div>\n<\/div>\n<\/div>\n<div id=\"cmsms_row_69e13078e5c7c\" class=\"cmsms_row cmsms_color_scheme_default\">\n<div class=\"cmsms_row_outer_parent\">\n<div class=\"cmsms_row_outer\">\n<div class=\"cmsms_row_inner\">\n<div class=\"cmsms_row_margin\">\n<div class=\"cmsms_column one_first\">\n<div id=\"cmsms_gallery_69e13078e5d08\" class=\"cmsms_gallery_wrap\"><ul class=\"cmsms_gallery cmsms_2 cmsms_more_items_loader\"><li class=\"cmsms_gallery_item\"><figure><a href=\"https:\/\/spa-quebec.ca\/ancien-site\/wp-content\/uploads\/2021\/02\/Format-image1.jpg\" rel=\"ilightbox[69e13078e5d08]\"><img loading=\"lazy\" decoding=\"async\" width=\"601\" height=\"1350\" src=\"https:\/\/spa-quebec.ca\/ancien-site\/wp-content\/uploads\/2021\/02\/Format-image1.jpg\" class=\"attachment-full-masonry-thumb size-full-masonry-thumb\" alt=\"\" srcset=\"https:\/\/spa-quebec.ca\/ancien-site\/wp-content\/uploads\/2021\/02\/Format-image1.jpg 601w, https:\/\/spa-quebec.ca\/ancien-site\/wp-content\/uploads\/2021\/02\/Format-image1-134x300.jpg 134w, https:\/\/spa-quebec.ca\/ancien-site\/wp-content\/uploads\/2021\/02\/Format-image1-456x1024.jpg 456w, https:\/\/spa-quebec.ca\/ancien-site\/wp-content\/uploads\/2021\/02\/Format-image1-580x1303.jpg 580w\" sizes=\"auto, (max-width: 601px) 100vw, 601px\" \/><\/a><\/figure><\/li><li class=\"cmsms_gallery_item\"><figure><a href=\"https:\/\/spa-quebec.ca\/ancien-site\/wp-content\/uploads\/2021\/02\/Format-image.jpg\" rel=\"ilightbox[69e13078e5d08]\"><img loading=\"lazy\" decoding=\"async\" width=\"600\" height=\"1350\" src=\"https:\/\/spa-quebec.ca\/ancien-site\/wp-content\/uploads\/2021\/02\/Format-image.jpg\" class=\"attachment-full-masonry-thumb size-full-masonry-thumb\" alt=\"\" srcset=\"https:\/\/spa-quebec.ca\/ancien-site\/wp-content\/uploads\/2021\/02\/Format-image.jpg 600w, https:\/\/spa-quebec.ca\/ancien-site\/wp-content\/uploads\/2021\/02\/Format-image-133x300.jpg 133w, https:\/\/spa-quebec.ca\/ancien-site\/wp-content\/uploads\/2021\/02\/Format-image-455x1024.jpg 455w, https:\/\/spa-quebec.ca\/ancien-site\/wp-content\/uploads\/2021\/02\/Format-image-580x1305.jpg 580w\" sizes=\"auto, (max-width: 600px) 100vw, 600px\" \/><\/a><\/figure><\/li><\/ul><script type=\"text\/javascript\">\n\t\t\t\tjQuery(document).ready(function () {\n\t\t\t\t\t(function ($) {\n\t\t\t\t\t\tif ($('#cmsms_gallery_69e13078e5d08').find('.cmsms_gallery_item').length == '0') {\n\t\t\t\t\t\t\treturn false;\n\t\t\t\t\t\t}\n\t\t\t\t\t\t\n\t\t\t\t\t\t\n\t\t\t\t\t\tstartGallery( \n\t\t\t\t\t\t\t'69e13078e5d08', \n\t\t\t\t\t\t\t'masonry', \n\t\t\t\t\t\t\t'false', \n\t\t\t\t\t\t\t'false' \n\t\t\t\t\t\t);\n\t\t\t\t\t} )(jQuery);\n\t\t\t\t} );\n\t\t\t<\/script>\n\t\t\t<\/div>\n<\/div>\n<\/div>\n<\/div>\n<\/div>\n<\/div>\n<\/div>\n\n","protected":false},"excerpt":{"rendered":"","protected":false},"author":21,"featured_media":0,"parent":5699,"menu_order":0,"comment_status":"closed","ping_status":"closed","template":"","meta":{"_acf_changed":false,"footnotes":""},"class_list":["post-7946","page","type-page","status-publish","hentry"],"acf":[],"_links":{"self":[{"href":"https:\/\/spa-quebec.ca\/ancien-site\/wp-json\/wp\/v2\/pages\/7946","targetHints":{"allow":["GET"]}}],"collection":[{"href":"https:\/\/spa-quebec.ca\/ancien-site\/wp-json\/wp\/v2\/pages"}],"about":[{"href":"https:\/\/spa-quebec.ca\/ancien-site\/wp-json\/wp\/v2\/types\/page"}],"author":[{"embeddable":true,"href":"https:\/\/spa-quebec.ca\/ancien-site\/wp-json\/wp\/v2\/users\/21"}],"replies":[{"embeddable":true,"href":"https:\/\/spa-quebec.ca\/ancien-site\/wp-json\/wp\/v2\/comments?post=7946"}],"version-history":[{"count":4,"href":"https:\/\/spa-quebec.ca\/ancien-site\/wp-json\/wp\/v2\/pages\/7946\/revisions"}],"predecessor-version":[{"id":10506,"href":"https:\/\/spa-quebec.ca\/ancien-site\/wp-json\/wp\/v2\/pages\/7946\/revisions\/10506"}],"up":[{"embeddable":true,"href":"https:\/\/spa-quebec.ca\/ancien-site\/wp-json\/wp\/v2\/pages\/5699"}],"wp:attachment":[{"href":"https:\/\/spa-quebec.ca\/ancien-site\/wp-json\/wp\/v2\/media?parent=7946"}],"curies":[{"name":"wp","href":"https:\/\/api.w.org\/{rel}","templated":true}]}}