{"id":8109,"date":"2021-03-12T09:10:45","date_gmt":"2021-03-12T14:10:45","guid":{"rendered":"https:\/\/spa-quebec.ca\/ancien-site\/?page_id=8109"},"modified":"2025-05-02T08:54:16","modified_gmt":"2025-05-02T12:54:16","slug":"animal-perdu","status":"publish","type":"page","link":"https:\/\/spa-quebec.ca\/ancien-site\/services\/animal-perdu\/","title":{"rendered":"Animal perdu"},"content":{"rendered":"<style type=\"text\/css\"> \n#cmsms_row_69e12e9a8d336 .cmsms_row_outer_parent { \n\tpadding-top: 0px; \n} \n\n#cmsms_row_69e12e9a8d336 .cmsms_row_outer_parent { \n\tpadding-bottom: 50px; \n} \n\n \n#cmsms_row_69e12e9a8d3a9 .cmsms_row_outer_parent { \n\tpadding-top: 0px; \n} \n\n#cmsms_row_69e12e9a8d3a9 .cmsms_row_outer_parent { \n\tpadding-bottom: 50px; \n} \n\n<\/style><div id=\"cmsms_row_69e12e9a8d336\" class=\"cmsms_row cmsms_color_scheme_default\">\n<div class=\"cmsms_row_outer_parent\">\n<div class=\"cmsms_row_outer\">\n<div class=\"cmsms_row_inner\">\n<div class=\"cmsms_row_margin\">\n<div class=\"cmsms_column one_first\">\n<div class=\"cmsms_text\">\n<h3>Animal perdu<\/h3>\n<p>V\u00e9rifiez tout d\u2019abord si votre municipalit\u00e9 est desservie par la SPA de Qu\u00e9bec. Par la suite, consultez la liste des animaux trouv\u00e9s et remplissez une fiche de signalement pour nous d\u00e9clarer la perte de votre animal.<\/p>\n<\/div>\n<\/div>\n<\/div>\n<\/div>\n<\/div>\n<\/div>\n<\/div>\n<div id=\"cmsms_row_69e12e9a8d3a9\" class=\"cmsms_row cmsms_color_scheme_default\">\n<div class=\"cmsms_row_outer_parent\">\n<div class=\"cmsms_row_outer\">\n<div class=\"cmsms_row_inner\">\n<div class=\"cmsms_row_margin\">\n<div class=\"cmsms_column one_first\">\n<div class=\"cmsms_toggles toggles_mode_accordion\" data-animation=\"fadeInUp\" data-delay=\"50\">\n<div class=\"cmsms_toggle_wrap\" data-tags=\"all \">\n<div class=\"cmsms_toggle_title\">\n<span class=\"cmsms_toggle_plus\">\n<span class=\"cmsms_toggle_plus_hor\"><\/span>\n<span class=\"cmsms_toggle_plus_vert\"><\/span>\n<\/span>\n<a href=\"#\">Municipalit\u00e9 desservies par la SPA de Qu\u00e9bec<\/a>\n<\/div>\n<div class=\"cmsms_toggle\">\n<div class=\"cmsms_toggle_inner\">\n<div class=\"content entry\" role=\"main\">\n<p>La SPA accueille des animaux errants\/trouv\u00e9s des villes de la liste suivante.<\/p>\n<ul>\n<li><a class=\"customize-unpreviewable\" href=\"https:\/\/www.ville.quebec.qc.ca\/\">Ville de Qu\u00e9bec<\/a><\/li>\n<li><a class=\"customize-unpreviewable\" href=\"https:\/\/www.municipalitedeboischatel.ca\/default.asp?no=1\" target=\"_blank\" rel=\"noopener\">Boischatel<\/a><\/li>\n<li><a class=\"customize-unpreviewable\" href=\"https:\/\/www.capsante.qc.ca\/\">Cap-Sant\u00e9<\/a><\/li>\n<li><a class=\"customize-unpreviewable\" href=\"https:\/\/www.chateauricher.qc.ca\/\">Ch\u00e2teau-Richer<\/a><\/li>\n<li><a class=\"customize-unpreviewable\" href=\"https:\/\/deschambault-grondines.com\/\">Deschambault-Grondines<\/a><\/li>\n<li><a class=\"customize-unpreviewable\" href=\"https:\/\/villededonnacona.com\/\">Donnacona<\/a><\/li>\n<li><a class=\"LienExterne customize-unpreviewable\" href=\"https:\/\/www.fossambault-sur-le-lac.com\/\" target=\"_blank\" rel=\"noopener\">Fossambault-sur-le-Lac<\/a><\/li>\n<li><a class=\"customize-unpreviewable\" href=\"https:\/\/lancienne-lorette.org\/\">L\u2019Ancienne-Lorette<\/a><\/li>\n<li><a class=\"LienExterne customize-unpreviewable\" href=\"https:\/\/www.langegardien.qc.ca\/\" target=\"_blank\" rel=\"noopener\">L\u2019Ange-Gardien<\/a><\/li>\n<li><a class=\"customize-unpreviewable\" href=\"https:\/\/lac-beauport.quebec\/\" target=\"_blank\" rel=\"noopener\">Lac-Beauport<\/a><\/li>\n<li><a class=\"customize-unpreviewable\" href=\"https:\/\/www.villelacsergent.com\/\">Lac Sergent<\/a><\/li>\n<li><a class=\"customize-unpreviewable\" href=\"https:\/\/villelacstjoseph.com\/\">Lac St-Joseph<\/a><\/li>\n<li><a class=\"customize-unpreviewable\" href=\"https:\/\/www.ville.neuville.qc.ca\/\" target=\"_blank\" rel=\"noopener\">Neuville<\/a><\/li>\n<li><a class=\"customize-unpreviewable\" href=\"https:\/\/www.ville.pontrouge.qc.ca\/\">Pont-Rouge<\/a><\/li>\n<li><a class=\"customize-unpreviewable\" href=\"https:\/\/villedeportneuf.com\/\">Portneuf<\/a><\/li>\n<li><a class=\"customize-unpreviewable\" href=\"https:\/\/riviereapierre.com\/\">Rivi\u00e8re-\u00e0-Pierre<\/a><\/li>\n<li><a class=\"customize-unpreviewable\" href=\"https:\/\/msfio.ca\/\">Saint-Fran\u00e7ois-de-l\u2019\u00cele-d\u2019Orl\u00e9ans<\/a><\/li>\n<li><a class=\"customize-unpreviewable\" href=\"https:\/\/www.stjeanio.ca\/\">Saint-Jean-de-l\u2019\u00cele-d\u2019Orl\u00e9ans<\/a><\/li>\n<li><a class=\"LienExterne customize-unpreviewable\" href=\"https:\/\/www.saint-gabriel-de-valcartier.ca\/\" target=\"_blank\" rel=\"noopener\">Saint-Gabriel-de-Valcartier<\/a><\/li>\n<li><a class=\"customize-unpreviewable\" href=\"http:\/\/st-pierre.iledorleans.com\/\">Saint-Pierre-de-l\u2019\u00cele-d\u2019Orl\u00e9ans<\/a><\/li>\n<li><a class=\"LienExterne customize-unpreviewable\" href=\"https:\/\/www.sainteannedebeaupre.com\/\" target=\"_blank\" rel=\"noopener\">Sainte-Anne-de-Beaupr\u00e9<\/a><\/li>\n<li><a class=\"LienExterne customize-unpreviewable\" href=\"https:\/\/www.sbdl.net\/\" target=\"_blank\" rel=\"noopener\">Sainte-Brigitte-de-Laval<\/a><\/li>\n<li><a class=\"LienExterne customize-unpreviewable\" href=\"https:\/\/www.villescjc.com\/scjc.asp?no=1\" target=\"_blank\" rel=\"noopener\">Sainte-Catherine-de-la-Jacques-Cartier<\/a><\/li>\n<li><a class=\"customize-unpreviewable\" href=\"http:\/\/ste-famille.iledorleans.com\/\">Sainte-Famille-de-l\u2019\u00cele-d\u2019Orl\u00e9ans<\/a><\/li>\n<li><a class=\"customize-unpreviewable\" href=\"https:\/\/stepetronille.com\/\">Sainte-P\u00e9tronille<\/a><\/li>\n<li><a class=\"customize-unpreviewable\" href=\"https:\/\/shannon.ca\/\" target=\"_blank\" rel=\"noopener\">Shannon<\/a><\/li>\n<li><a class=\"customize-unpreviewable\" href=\"https:\/\/www.ville.st-augustin.qc.ca\/\" target=\"_blank\" rel=\"noopener\">St-Augustin-de-Desmaures<\/a><\/li>\n<li><a class=\"customize-unpreviewable\" href=\"https:\/\/st-alban.qc.ca\/\">St-Alban<\/a><\/li>\n<li><a class=\"customize-unpreviewable\" href=\"https:\/\/saintbasile.qc.ca\/\">St-Basile<\/a><\/li>\n<li><a class=\"customize-unpreviewable\" href=\"https:\/\/www.saint-casimir.com\/\">St-Casimir<\/a><\/li>\n<li><a class=\"customize-unpreviewable\" href=\"https:\/\/sca.quebec\/\">St-Christine-d\u2019Auvergne<\/a><\/li>\n<li><a class=\"customize-unpreviewable\" href=\"http:\/\/www.saint-gilbert.ca\/indexFr.asp?numero=6\">St-Gilbert<\/a><\/li>\n<li><a class=\"customize-unpreviewable\" href=\"https:\/\/municipalites-du-quebec.ca\/saint-leonard-de-portneuf\/\">St-Leonard-de-Portneuf<\/a><\/li>\n<li><a class=\"customize-unpreviewable\" href=\"https:\/\/st-marc-des-carrieres.qc.ca\/\">St-Marc-des-Carri\u00e8res<\/a><\/li>\n<li><a class=\"customize-unpreviewable\" href=\"https:\/\/municipalites-du-quebec.ca\/st-thuribe\/index.php\">St-Thuribe<\/a><\/li>\n<li><a class=\"customize-unpreviewable\" href=\"https:\/\/saintubalde.com\/\">St-Ubalde<\/a><\/li>\n<li><a class=\"LienExterne customize-unpreviewable\" href=\"https:\/\/www.villestoneham.com\/accueil.aspx\" target=\"_blank\" rel=\"noopener\">Stoneham et Tewkesbury<\/a><\/li>\n<li><a class=\"LienExterne customize-unpreviewable\" href=\"https:\/\/www.wendake.ca\/\" target=\"_blank\" rel=\"noopener\">Village Huron (Wendake)<\/a><\/li>\n<li><a href=\"https:\/\/www.villedebeaupre.com\/\">Ville de Beaupr\u00e9\u00a0<\/a><\/li>\n<\/ul>\n<div class=\"cl\"><\/div>\n<\/div>\n<div class=\"sidebar\" role=\"complementary\"><\/div>\n<\/div>\n<\/div>\n<\/div><div class=\"cmsms_toggle_wrap\" data-tags=\"all \">\n<div class=\"cmsms_toggle_title\">\n<span class=\"cmsms_toggle_plus\">\n<span class=\"cmsms_toggle_plus_hor\"><\/span>\n<span class=\"cmsms_toggle_plus_vert\"><\/span>\n<\/span>\n<a href=\"#\">Liste des animaux trouv\u00e9s<\/a>\n<\/div>\n<div class=\"cmsms_toggle\">\n<div class=\"cmsms_toggle_inner\">\n<p>Consultez r\u00e9guli\u00e8rement la <a href=\"https:\/\/spa-quebec.ca\/ancien-site\/animaux-trouves\/\" target=\"_blank\" rel=\"noopener\">liste des animaux trouv\u00e9s.<\/a><\/p>\n<p>Si vous croyez apercevoir votre animal sur le site, vous devez obligatoirement remplir une fiche de signalement dans l&rsquo;onglet \u00abSignaler un animal perdu\u00bb. Par la suite, contactez-nous au 418-527-9104 pour prendre rendez-vous pour l&rsquo;identification de votre animal ainsi que sa r\u00e9clamation. Vous devez poss\u00e9der une pi\u00e8ce d&rsquo;identit\u00e9 avec photo et adresse. Des frais de r\u00e9clamation s&rsquo;appliquent.<\/p>\n<\/div>\n<\/div>\n<\/div><div class=\"cmsms_toggle_wrap\" data-tags=\"all \">\n<div class=\"cmsms_toggle_title\">\n<span class=\"cmsms_toggle_plus\">\n<span class=\"cmsms_toggle_plus_hor\"><\/span>\n<span class=\"cmsms_toggle_plus_vert\"><\/span>\n<\/span>\n<a href=\"#\">Signaler un animal perdu <\/a>\n<\/div>\n<div class=\"cmsms_toggle\">\n<div class=\"cmsms_toggle_inner\">\n<h3>SIGNALER UN ANIMAL PERDU<\/h3>\n<p>Voici trois (3) options s\u2019offrent \u00e0 vous :<\/p>\n<ul>\n<li><strong>Par t\u00e9l\u00e9phone<\/strong> : au 418 527-9104 ;<\/li>\n<li><strong>En personne<\/strong> \u00e0 nos bureaux pendant les\u00a0<strong><a href=\"https:\/\/spa-quebec.ca\/ancien-site\/nous-joindre\/\" target=\"_blank\" rel=\"noopener\">heures d\u2019ouverture<\/a>\u00a0<\/strong>;<\/li>\n<li><strong>Par Internet, <\/strong>d\u00e8s maintenant, via notre\u00a0<strong><a href=\"https:\/\/spa-quebec.ca\/ancien-site\/signalement\/\" target=\"_blank\" rel=\"noopener\">fiche de signalement<\/a>.<\/strong><\/li>\n<\/ul>\n<p><em>Si un animal entr\u00e9 au refuge correspond \u00e0 votre animal (en tout ou en partie), un employ\u00e9 vous contactera. <\/em><\/p>\n<p><em>Notez que les avis de recherche sont conserv\u00e9s deux (2) semaines et sont renouvelables sur demande.<\/em><\/p>\n<p>Si vous retrouvez votre animal, vous pouvez annuler votre avis de recherche en composant le 418 527-9104 ou en \u00e9crivant un courriel avec vos coordonn\u00e9es compl\u00e8tes au <a href=\"mailto:info@spadequebec.ca\">info@spadequebec.ca<\/a>.<\/p>\n<\/div>\n<\/div>\n<\/div><\/div>\n<\/div>\n<\/div>\n<\/div>\n<\/div>\n<\/div>\n<\/div>\n\n","protected":false},"excerpt":{"rendered":"","protected":false},"author":21,"featured_media":0,"parent":5699,"menu_order":0,"comment_status":"closed","ping_status":"closed","template":"","meta":{"_acf_changed":false,"footnotes":""},"class_list":["post-8109","page","type-page","status-publish","hentry"],"acf":[],"_links":{"self":[{"href":"https:\/\/spa-quebec.ca\/ancien-site\/wp-json\/wp\/v2\/pages\/8109","targetHints":{"allow":["GET"]}}],"collection":[{"href":"https:\/\/spa-quebec.ca\/ancien-site\/wp-json\/wp\/v2\/pages"}],"about":[{"href":"https:\/\/spa-quebec.ca\/ancien-site\/wp-json\/wp\/v2\/types\/page"}],"author":[{"embeddable":true,"href":"https:\/\/spa-quebec.ca\/ancien-site\/wp-json\/wp\/v2\/users\/21"}],"replies":[{"embeddable":true,"href":"https:\/\/spa-quebec.ca\/ancien-site\/wp-json\/wp\/v2\/comments?post=8109"}],"version-history":[{"count":7,"href":"https:\/\/spa-quebec.ca\/ancien-site\/wp-json\/wp\/v2\/pages\/8109\/revisions"}],"predecessor-version":[{"id":10433,"href":"https:\/\/spa-quebec.ca\/ancien-site\/wp-json\/wp\/v2\/pages\/8109\/revisions\/10433"}],"up":[{"embeddable":true,"href":"https:\/\/spa-quebec.ca\/ancien-site\/wp-json\/wp\/v2\/pages\/5699"}],"wp:attachment":[{"href":"https:\/\/spa-quebec.ca\/ancien-site\/wp-json\/wp\/v2\/media?parent=8109"}],"curies":[{"name":"wp","href":"https:\/\/api.w.org\/{rel}","templated":true}]}}