{"id":8115,"date":"2021-03-12T09:32:35","date_gmt":"2021-03-12T14:32:35","guid":{"rendered":"https:\/\/spa-quebec.ca\/ancien-site\/?page_id=8115"},"modified":"2025-05-02T08:59:03","modified_gmt":"2025-05-02T12:59:03","slug":"animal-trouve","status":"publish","type":"page","link":"https:\/\/spa-quebec.ca\/ancien-site\/services\/animal-trouve\/","title":{"rendered":"Animal trouv\u00e9"},"content":{"rendered":"<style type=\"text\/css\"> \n#cmsms_row_69e12fb98df19 .cmsms_row_outer_parent { \n\tpadding-top: 0px; \n} \n\n#cmsms_row_69e12fb98df19 .cmsms_row_outer_parent { \n\tpadding-bottom: 50px; \n} \n\n \n#cmsms_row_69e12fb98dfae .cmsms_row_outer_parent { \n\tpadding-top: 0px; \n} \n\n#cmsms_row_69e12fb98dfae .cmsms_row_outer_parent { \n\tpadding-bottom: 50px; \n} \n\n<\/style><div id=\"cmsms_row_69e12fb98df19\" class=\"cmsms_row cmsms_color_scheme_default\">\n<div class=\"cmsms_row_outer_parent\">\n<div class=\"cmsms_row_outer\">\n<div class=\"cmsms_row_inner\">\n<div class=\"cmsms_row_margin\">\n<div class=\"cmsms_column one_first\">\n<div class=\"cmsms_text\">\n<h3>Si vous avez trouv\u00e9 un animal<\/h3>\n<p>Pour prendre en charge un animal errant, celui-ci doit avoir \u00e9t\u00e9 trouv\u00e9 dans l&rsquo;une des municipalit\u00e9s desservies par la SPA. Consultez la liste ci-dessous pour les conna\u00eetre.<\/p>\n<p>Deux options s&rsquo;offrent \u00e0 vous :<\/p>\n<ul>\n<li>Venir porter l&rsquo;animal trouv\u00e9 directement \u00e0 nos locaux durant nos <a href=\"https:\/\/spa-quebec.ca\/ancien-site\/nous-joindre\/\">heures d&rsquo;ouverture<\/a>.<\/li>\n<li>Utiliser notre service de cueillette des animaux errants (24\/7). Dans ce cas, communiquez avec nous au 418 527-9104 et vous serez redirig\u00e9 vers le centre d\u2019appel.\u00a0Vous devez\u00a0rester sur place (dans la municipalit\u00e9 o\u00f9 vous avez trouv\u00e9 l\u2019animal), le temps que notre service de cueillette le r\u00e9cup\u00e8re.<\/li>\n<\/ul>\n<\/div>\n<\/div>\n<\/div>\n<\/div>\n<\/div>\n<\/div>\n<\/div>\n<div id=\"cmsms_row_69e12fb98dfae\" class=\"cmsms_row cmsms_color_scheme_default\">\n<div class=\"cmsms_row_outer_parent\">\n<div class=\"cmsms_row_outer\">\n<div class=\"cmsms_row_inner\">\n<div class=\"cmsms_row_margin\">\n<div class=\"cmsms_column one_first\">\n<div class=\"cmsms_toggles toggles_mode_accordion\" data-animation=\"fadeInUp\" data-delay=\"50\">\n<div class=\"cmsms_toggle_wrap\" data-tags=\"all \">\n<div class=\"cmsms_toggle_title\">\n<span class=\"cmsms_toggle_plus\">\n<span class=\"cmsms_toggle_plus_hor\"><\/span>\n<span class=\"cmsms_toggle_plus_vert\"><\/span>\n<\/span>\n<a href=\"#\">Municipalit\u00e9 desservies par la SPA de Qu\u00e9bec<\/a>\n<\/div>\n<div class=\"cmsms_toggle\">\n<div class=\"cmsms_toggle_inner\">\n<div class=\"content entry\" role=\"main\">\n<p>La SPA accueille des animaux errants\/trouv\u00e9s des villes de la liste suivante.<\/p>\n<ul>\n<li><a href=\"https:\/\/www.ville.quebec.qc.ca\/\">Ville de Qu\u00e9bec\u00a0<\/a><\/li>\n<li><a href=\"https:\/\/www.municipalitedeboischatel.ca\/default.asp?no=1\" target=\"_blank\" rel=\"noopener\">Boischatel<\/a><\/li>\n<li><a href=\"https:\/\/www.chateauricher.qc.ca\/\">Ch\u00e2teau-Richer<\/a><\/li>\n<li><a href=\"https:\/\/villededonnacona.com\/\">Donnacona<\/a><\/li>\n<li><a class=\"LienExterne\" href=\"https:\/\/www.fossambault-sur-le-lac.com\/\" target=\"_blank\" rel=\"noopener\">Fossambault-sur-le-Lac<\/a><\/li>\n<li><a href=\"https:\/\/lancienne-lorette.org\/\">L&rsquo;Ancienne-Lorette<\/a><\/li>\n<li><a class=\"LienExterne\" href=\"https:\/\/www.langegardien.qc.ca\/\" target=\"_blank\" rel=\"noopener\">L\u2019Ange-Gardien<\/a><\/li>\n<li><a href=\"https:\/\/lac-beauport.quebec\/\" target=\"_blank\" rel=\"noopener\">Lac-Beauport<\/a><\/li>\n<li><a href=\"https:\/\/villelacstjoseph.com\/\">Lac St-Joseph<\/a><\/li>\n<li><a href=\"https:\/\/www.ville.neuville.qc.ca\/\" target=\"_blank\" rel=\"noopener\">Neuville<\/a><\/li>\n<li><a href=\"https:\/\/www.ville.pontrouge.qc.ca\/\">Pont-Rouge\u00a0<\/a><\/li>\n<li><a href=\"https:\/\/www.ste-famille.iledorleans.com\/\">Sainte-Famille-de-l&rsquo;\u00cele-d&rsquo;Orl\u00e9ans<\/a><\/li>\n<li><a href=\"https:\/\/msfio.ca\/\">Saint-Fran\u00e7ois-de-l&rsquo;\u00cele-d&rsquo;Orl\u00e9ans<\/a><\/li>\n<li><a href=\"https:\/\/www.ste-petronille.iledorleans.com\/\">Sainte-P\u00e9tronille<\/a><\/li>\n<li><a href=\"https:\/\/st-pierre.iledorleans.com\/\">Saint-Pierre-de-l&rsquo;\u00cele-d&rsquo;Orl\u00e9ans<\/a><\/li>\n<li><a class=\"LienExterne\" href=\"https:\/\/www.sainteannedebeaupre.com\/\" target=\"_blank\" rel=\"noopener\">Sainte-Anne-de-Beaupr\u00e9<\/a><\/li>\n<li><a class=\"LienExterne\" href=\"https:\/\/www.sbdl.net\/\" target=\"_blank\" rel=\"noopener\">Sainte-Brigitte-de-Laval<\/a><\/li>\n<li><a class=\"LienExterne\" href=\"https:\/\/www.villescjc.com\/scjc.asp?no=1\" target=\"_blank\" rel=\"noopener\">Sainte-Catherine-de-la-Jacques-Cartier<\/a><\/li>\n<li><a class=\"LienExterne\" href=\"https:\/\/www.saint-gabriel-de-valcartier.ca\/\" target=\"_blank\" rel=\"noopener\">Saint-Gabriel-de-Valcartier<\/a><\/li>\n<li><a href=\"https:\/\/www.shannon.ca\/site.asp\" target=\"_blank\" rel=\"noopener\">Shannon<\/a><\/li>\n<li><a href=\"https:\/\/www.ville.st-augustin.qc.ca\/\" target=\"_blank\" rel=\"noopener\">St-Augustin-de-Desmaures<\/a><\/li>\n<li><a class=\"LienExterne\" href=\"https:\/\/www.villestoneham.com\" target=\"_blank\" rel=\"noopener\">Stoneham et Tewkesbury<\/a><\/li>\n<li><a class=\"LienExterne\" href=\"https:\/\/www.wendake.ca\/\" target=\"_blank\" rel=\"noopener\">Village Huron (Wendake)<\/a><\/li>\n<li><a href=\"https:\/\/st-alban.qc.ca\/\">St-Alban<\/a><\/li>\n<li><a href=\"https:\/\/saintbasile.qc.ca\/\">St-Basile<\/a><\/li>\n<li><a href=\"https:\/\/www.saint-casimir.com\/\">St-Casimir<\/a><\/li>\n<li><a href=\"https:\/\/sca.quebec\/\">St-Christine-d&rsquo;Auvergne<\/a><\/li>\n<li><a href=\"http:\/\/www.saint-gilbert.ca\/indexFr.asp?numero=6\">St-Gilbert<\/a><\/li>\n<li><a href=\"https:\/\/municipalites-du-quebec.ca\/saint-leonard-de-portneuf\/\">St-Leonard-de-Portneuf<\/a><\/li>\n<li><a href=\"https:\/\/st-marc-des-carrieres.qc.ca\/\">St-Marc-des-Carri\u00e8res<\/a><\/li>\n<li><a href=\"https:\/\/municipalites-du-quebec.ca\/st-thuribe\/index.php\">St-Thuribe<\/a><\/li>\n<li><a href=\"https:\/\/saintubalde.com\/\">St-Ubalde<\/a><\/li>\n<\/ul>\n<div class=\"cl\"><\/div>\n<\/div>\n<div class=\"sidebar\" role=\"complementary\"><\/div>\n<\/div>\n<\/div>\n<\/div><div class=\"cmsms_toggle_wrap\" data-tags=\"all \">\n<div class=\"cmsms_toggle_title\">\n<span class=\"cmsms_toggle_plus\">\n<span class=\"cmsms_toggle_plus_hor\"><\/span>\n<span class=\"cmsms_toggle_plus_vert\"><\/span>\n<\/span>\n<a href=\"#\">Animaux sauvage <\/a>\n<\/div>\n<div class=\"cmsms_toggle\">\n<div class=\"cmsms_toggle_inner\">\n<p>Agr\u00e9ables \u00e0 observer en pleine nature, certains animaux peuvent devenir de v\u00e9ritables nuisances lorsqu\u2019ils s\u2019installent en milieu urbain et r\u00f4dent trop pr\u00e8s des habitations.<\/p>\n<h3>Go\u00e9lands, pigeons et \u00e9cureuils<\/h3>\n<p>Sur le territoire de villes de la r\u00e9gion, il est interdit de nourrir les go\u00e9lands, les pigeons et les \u00e9cureuils, sous peine de recevoir une contravention.<\/p>\n<p>Nourrir ces animaux peuvent les inciter \u00e0 venir s\u2019installer en ville et \u00e0 y prolif\u00e9rer. En milieu urbain, ces animaux peuvent, par leurs activit\u00e9s, provoquer\u00a0plusieurs probl\u00e8mes. En trop grand nombre, les go\u00e9lands et les pigeons peuvent ainsi, par leurs fientes tr\u00e8s acides, ab\u00eemer la toiture des b\u00e2timents et la peinture des automobiles. Les \u00e9cureuils, quant \u00e0 eux, peuvent s\u2019introduire dans les greniers et les cabanons o\u00f9 ils peuvent ronger les fils \u00e9lectriques et causer des incendies.<\/p>\n<p>De plus, ces animaux peuvent transporter des insectes et des parasites ou \u00eatre porteurs de maladies transmissibles \u00e0 l\u2019humain. Il est d\u2019ailleurs recommand\u00e9 de ne jamais les toucher.<\/p>\n<p>Si vous d\u00e9sirez \u00e9loigner ces animaux d\u2019un b\u00e2timent, communiquez avec une firme sp\u00e9cialis\u00e9e afin qu\u2019elle vous sugg\u00e8re les moyens les plus appropri\u00e9s.<\/p>\n<h3>Autres animaux<\/h3>\n<p>La pr\u00e9sence sur votre propri\u00e9t\u00e9 d\u2019un animal comme une marmotte, un raton laveur, un porc-\u00e9pic, un rat musqu\u00e9 ou une moufette peut parfois vous causer des ennuis.<\/p>\n<h4>Quelques conseils<\/h4>\n<ul>\n<li>Tol\u00e9rez la pr\u00e9sence de l\u2019animal importun pour un certain temps. Il n\u2019est souvent que de passage et les petits d\u00e9sagr\u00e9ments qu\u2019il occasionne ne justifient pas sa relocalisation.<\/li>\n<li>D\u00e9posez vos mati\u00e8res r\u00e9siduelles dans des contenants conformes et herm\u00e9tiques. \u00c9vitez les sacs de plastique.<\/li>\n<li>Nettoyez les lieux qui pourraient attirer l\u2019animal comme, par exemple, le dessous du cabanon, de la galerie ou du patio.<\/li>\n<li>Installez des obstacles qui le d\u00e9courageront (cl\u00f4ture ou grillage autour des arbres, du cabanon ou du patio).<\/li>\n<li>Repoussez-le en installant un \u00e9pouvantail ou en utilisant un r\u00e9pulsif recommand\u00e9 par un expert en extermination.<\/li>\n<\/ul>\n<h4>La cage de capture<\/h4>\n<p>Vous avez essay\u00e9 ces quelques trucs et l\u2019animal continu \u00e0 demeurer chez vous ou \u00e0 vous rendre visite? Vous pouvez envisager l\u2019option de la capture de l\u2019animal. <a href=\"https:\/\/spa-quebec.ca\/ancien-site\/location-de-cages-de-capture\/\" target=\"_blank\" rel=\"noopener\">Cliquez ici<\/a> pour conna\u00eetre les modalit\u00e9s et les frais li\u00e9s \u00e0 ce type d\u2019intervention.<\/p>\n<\/div>\n<\/div>\n<\/div><div class=\"cmsms_toggle_wrap\" data-tags=\"all \">\n<div class=\"cmsms_toggle_title\">\n<span class=\"cmsms_toggle_plus\">\n<span class=\"cmsms_toggle_plus_hor\"><\/span>\n<span class=\"cmsms_toggle_plus_vert\"><\/span>\n<\/span>\n<a href=\"#\">Location de cages de capture<\/a>\n<\/div>\n<div class=\"cmsms_toggle\">\n<div class=\"cmsms_toggle_inner\">\n<p>Les animaux de la petite faune et les animaux domestiques ont parfois tendance \u00e0 \u00e9lire domicile sous nos cabanons et nos galeries, \u00e0 fouiner dans nos jardins ou nos rocailles.<\/p>\n<p>Une solution s\u00e9curitaire pour la capture de ces animaux s\u2019offre \u00e0 vous: la cage-trappe ! Disponibles en location \u00e0 la SPA de Qu\u00e9bec, ces cages permettent de capturer les animaux de la petite faune ainsi que les chats de mani\u00e8re \u00e0 ne pas les manipuler.<\/p>\n<h3>Modalit\u00e9 de location<\/h3>\n<p>Tous peuvent venir louer une cage-trappe \u00e0 la SPA. La p\u00e9riode de location est du 1er avril au 31 octobre de chaque ann\u00e9e. La dur\u00e9e de location est d\u2019une p\u00e9riode maximale de 7 jours. D\u00e9pendant de votre secteur ou de l\u2019animal \u00e0 attraper, les modalit\u00e9s de location diff\u00e8rent. Contactez-nous pour conna\u00eetre les frais exacts li\u00e9s \u00e0 votre besoin.<\/p>\n<p>Vous \u00eates responsable de la cage qui vous est lou\u00e9e. Si vous la rapportez bris\u00e9e ou si vous vous la faites voler, des frais seront exig\u00e9s. De plus, nous ne sommes pas responsable du fait que vous ne puissiez r\u00e9ussir \u00e0 capturer l\u2019animal dans les d\u00e9lais pr\u00e9vus.<\/p>\n<p>Il est interdit de laisser mourir un animal dans une cage de capture, sous peine de vous voir infliger une plainte au criminel pour cruaut\u00e9 envers les animaux.<\/p>\n<h3>Ce que vous devriez savoir<\/h3>\n<p>La petite faune cherche deux choses pour s&rsquo;\u00e9tablir \u00e0 un endroit.\u00a0 D&rsquo;une part, il doit y avoir un site pour les h\u00e9berger.\u00a0 Un cabanon sur\u00e9lev\u00e9,\u00a0 une accumulation de divers articles h\u00e9t\u00e9roclites, par exemple, attirent ces animaux, donc il serait pr\u00e9f\u00e9rable de bloquer les espaces ainsi que de ramasser toute accumulation d\u2019objets qui pourrait leur servir de cachette.<\/p>\n<p>D&rsquo;autre part, il doit y avoir de la nourriture dans le secteur pour les attirer.\u00a0 La pr\u00e9sence d&rsquo;ordures ou vidanges les attire. Donc, il faudrait que les ordures soient sorties le matin m\u00eame du ramassage des vidanges ou alors dispos\u00e9es dans des poubelles difficiles \u00e0 ouvrir afin de d\u00e9courager ces petites b\u00eates.<\/p>\n<h4>App\u00e2ts<\/h4>\n<p>L\u2019app\u00e2t \u00e0 utiliser varie selon l\u2019animal \u00e0 capturer.<\/p>\n<ul>\n<li><strong>Marmotte :<\/strong> laitue, pomme, carotte<\/li>\n<li><strong>Moufette et Raton-laveur :<\/strong> nourriture \u00e0 chat en canne, pizza, poulet cuit<\/li>\n<li><strong>\u00c9cureuil :<\/strong> beurre de peanut, fromage<\/li>\n<li><strong>Chat :<\/strong> nourriture \u00e0 chat en canne, sardine<\/li>\n<\/ul>\n<\/div>\n<\/div>\n<\/div><\/div>\n<\/div>\n<\/div>\n<\/div>\n<\/div>\n<\/div>\n<\/div>\n\n","protected":false},"excerpt":{"rendered":"","protected":false},"author":21,"featured_media":0,"parent":5699,"menu_order":0,"comment_status":"closed","ping_status":"closed","template":"","meta":{"_acf_changed":false,"footnotes":""},"class_list":["post-8115","page","type-page","status-publish","hentry"],"acf":[],"_links":{"self":[{"href":"https:\/\/spa-quebec.ca\/ancien-site\/wp-json\/wp\/v2\/pages\/8115","targetHints":{"allow":["GET"]}}],"collection":[{"href":"https:\/\/spa-quebec.ca\/ancien-site\/wp-json\/wp\/v2\/pages"}],"about":[{"href":"https:\/\/spa-quebec.ca\/ancien-site\/wp-json\/wp\/v2\/types\/page"}],"author":[{"embeddable":true,"href":"https:\/\/spa-quebec.ca\/ancien-site\/wp-json\/wp\/v2\/users\/21"}],"replies":[{"embeddable":true,"href":"https:\/\/spa-quebec.ca\/ancien-site\/wp-json\/wp\/v2\/comments?post=8115"}],"version-history":[{"count":2,"href":"https:\/\/spa-quebec.ca\/ancien-site\/wp-json\/wp\/v2\/pages\/8115\/revisions"}],"predecessor-version":[{"id":10435,"href":"https:\/\/spa-quebec.ca\/ancien-site\/wp-json\/wp\/v2\/pages\/8115\/revisions\/10435"}],"up":[{"embeddable":true,"href":"https:\/\/spa-quebec.ca\/ancien-site\/wp-json\/wp\/v2\/pages\/5699"}],"wp:attachment":[{"href":"https:\/\/spa-quebec.ca\/ancien-site\/wp-json\/wp\/v2\/media?parent=8115"}],"curies":[{"name":"wp","href":"https:\/\/api.w.org\/{rel}","templated":true}]}}