{"id":8284,"date":"2021-06-03T12:50:39","date_gmt":"2021-06-03T16:50:39","guid":{"rendered":"https:\/\/spa-quebec.ca\/ancien-site\/?page_id=8284"},"modified":"2021-06-29T09:27:41","modified_gmt":"2021-06-29T13:27:41","slug":"demystifier_euthanasie","status":"publish","type":"page","link":"https:\/\/spa-quebec.ca\/ancien-site\/demystifier_euthanasie\/","title":{"rendered":"D\u00e9mystifier l&rsquo;euthanasie"},"content":{"rendered":"<style type=\"text\/css\"> \n#cmsms_row_69e130608e6ab .cmsms_row_outer_parent { \n\tpadding-top: 0px; \n} \n\n#cmsms_row_69e130608e6ab .cmsms_row_outer_parent { \n\tpadding-bottom: 50px; \n} \n\n<\/style><div id=\"cmsms_row_69e130608e5a2\" class=\"cmsms_row cmsms_color_scheme_default\">\n<div class=\"cmsms_row_outer_parent\">\n<div class=\"cmsms_row_outer\">\n<div class=\"cmsms_row_inner\">\n<div class=\"cmsms_row_margin\">\n<div class=\"cmsms_column one_first\">\n<div class=\"cmsms_text\">\n<p>Parfois, il n\u2019y a rien de pire que de ne pas savoir pour que notre imagination ne s&#8217;emballe. C\u2019est pourquoi nous consacrons ici une page enti\u00e8re \u00e0 propos de l\u2019euthanasie \u00e0 la SPA de Qu\u00e9bec afin de r\u00e9pondre \u00e0 vos questions en toute transparence et pour d\u00e9mystifier cette pratique. Nous souhaitons ainsi dissiper les doutes et les mythes que certains pourraient avoir en lien avec les pratiques de la SPA.<\/p>\n<p class=\"text-is-blue\"><strong>Dans quel contexte l\u2019euthanasie est r\u00e9alis\u00e9e \u00e0 la SPA?<\/strong><\/p>\n<p>Except\u00e9e la situation o\u00f9 l\u2019euthanasie est demand\u00e9e par le propri\u00e9taire de l\u2019animal, il existe cinq raisons pour lesquelles une euthanasie peut \u00eatre pratiqu\u00e9e sur un animal dont la SPA a la garde.<\/p>\n<p><strong>Protection pour contagion<\/strong>\u00a0: quand l\u2019animal est atteint d\u2019une maladie hautement contagieuse et risque de contaminer les autres animaux du refuge et\/ou le personnel.<\/p>\n<p><strong>Protection pour agressivit\u00e9<\/strong> : quand l\u2019animal d\u00e9montre des signes d\u2019agressivit\u00e9 majeure, nous nous assurons d\u2019abord d\u2019obtenir une \u00e9valuation comportementale aupr\u00e8s de nos sp\u00e9cialistes et qu\u2019aucun autre refuge sp\u00e9cialis\u00e9 n\u2019est en mesure de l\u2019accueillir (le cas \u00e9ch\u00e9ant, nous effectuerons un transfert de l\u2019animal,si cette proc\u00e9dure s\u2019av\u00e8re sans risque pour nos employ\u00e9s).<\/p>\n<p><strong>Euthanasie par compassion<\/strong> : quand l\u2019animal est tr\u00e8s souffrant \u2013 maladie, vieillesse, accident\u00e9 \u2013 et que nous devons abr\u00e9ger ses souffrances.<\/p>\n<p><strong>Euthanasie pour co\u00fbt\u00a0: <\/strong>quand les soins \u00e0 apporter \u00e0 l\u2019animal pour qu\u2019il soit confortable et r\u00e9tabli (dans le cas d\u2019accident, de blessure ou de maladie) sont beaucoup trop dispendieux pour les moyens de la SPA. Lorsque cela est possible, nous tentons de transf\u00e9rer vers d\u2019autres refuges ces cas trop lourds.Si un transfert est impossible, alors nous proc\u00e9dons \u00e0 l\u2019euthanasie.<\/p>\n<p><strong>Euthanasie pour surpopulation <\/strong>\u00a0: cette euthanasie est pratiqu\u00e9e en dernier recours, lorsque le refuge a atteint sa pleine capacit\u00e9 et que nous sommes incapables de transf\u00e9rer des animaux vers d\u2019autres refuges. Il s\u2019agit d\u2019un mode de gestion \u00e0 \u00e9viter, autant que possible. En 2019 et en 2020, la SPA de Qu\u00e9bec n&rsquo;a pratiqu\u00e9 aucune euthanasie de surpopulation.<\/p>\n<p class=\"text-is-blue\"><strong>Quelle est la m\u00e9thode utilis\u00e9e pour l\u2019euthanasie \u00e0 la SPA de Qu\u00e9bec? <\/strong><\/p>\n<p>\u00c0 la SPA de Qu\u00e9bec, nous utilisons la m\u00e9thode par injection. On commence par injecter \u00e0 l\u2019animal un s\u00e9datif afin qu\u2019il soit inconscient lors de l\u2019euthanasie. Une injection\u00a0 sans douleur de barbituriques sera ensuite administr\u00e9e. Le d\u00e9c\u00e8s surviendra alors en quelques minutes.<\/p>\n<p>L\u2019\u00e9quipe disposera ensuite soigneusement du corps en le pla\u00e7ant dans un tombeau r\u00e9frig\u00e9rant. La d\u00e9pouille sera ensuite r\u00e9cup\u00e9r\u00e9e par une \u00e9quipe professionnelle pour la cr\u00e9mation.<\/p>\n<p><strong>Est-il vrai qu\u2019il y a une limite de jours pendant lesquels un animal est plac\u00e9 \u00e0 l\u2019adoption, que si un animal n\u2019est pas adopt\u00e9 \u00e0 l\u2019int\u00e9rieur de ce d\u00e9lai, il sera <span class=\"markf1hziu6ry\" data-markjs=\"true\" data-ogac=\"\" data-ogab=\"\" data-ogsc=\"\" data-ogsb=\"\">euthanasi\u00e9<\/span>\u2009?\u00a0<\/strong><\/p>\n<p>Il s\u2019agit l\u00e0 d\u2019un mythe sans aucun fondement. La SPA de Qu\u00e9bec n\u2019a jamais \u00e9tabli de limite de jours pour l\u2019adoption d\u2019un animal. D\u2019ailleurs, en 2019, un chat plus difficile a pass\u00e9 pr\u00e8s de 6\u00a0mois \u00e0 l\u2019adoption, en attendant de trouver sa famille pour la vie. Il est finalement parti dans un foyer, juste avant No\u00ebl. La perception erron\u00e9e semble \u00e9maner du temps de fourri\u00e8re, que fait respecter la SPA, qui est de trois jours. C\u2019est la p\u00e9riode prescrite par les r\u00e8glements municipaux pour qu\u2019un propri\u00e9taire qui a perdu son animal puisse le r\u00e9clamer. Si apr\u00e8s trois jours l\u2019animal n\u2019est pas r\u00e9clam\u00e9, il appartient alors \u00e0 la SPA et le refuge peut lui prodiguer des soins v\u00e9t\u00e9rinaires pour ensuite le placer \u00e0 l\u2019adoption.<\/p>\n<\/div>\n<\/div>\n<\/div>\n<\/div>\n<\/div>\n<\/div>\n<\/div>\n<div id=\"cmsms_row_69e130608e6ab\" class=\"cmsms_row cmsms_color_scheme_default\">\n<div class=\"cmsms_row_outer_parent\">\n<div class=\"cmsms_row_outer\">\n<div class=\"cmsms_row_inner\">\n<div class=\"cmsms_row_margin\">\n<div class=\"cmsms_column one_first\">\n<p><\/p>\n<\/div>\n<\/div>\n<\/div>\n<\/div>\n<\/div>\n<\/div>\n\n","protected":false},"excerpt":{"rendered":"","protected":false},"author":21,"featured_media":0,"parent":0,"menu_order":0,"comment_status":"closed","ping_status":"closed","template":"","meta":{"_acf_changed":false,"footnotes":""},"class_list":["post-8284","page","type-page","status-publish","hentry"],"acf":[],"_links":{"self":[{"href":"https:\/\/spa-quebec.ca\/ancien-site\/wp-json\/wp\/v2\/pages\/8284","targetHints":{"allow":["GET"]}}],"collection":[{"href":"https:\/\/spa-quebec.ca\/ancien-site\/wp-json\/wp\/v2\/pages"}],"about":[{"href":"https:\/\/spa-quebec.ca\/ancien-site\/wp-json\/wp\/v2\/types\/page"}],"author":[{"embeddable":true,"href":"https:\/\/spa-quebec.ca\/ancien-site\/wp-json\/wp\/v2\/users\/21"}],"replies":[{"embeddable":true,"href":"https:\/\/spa-quebec.ca\/ancien-site\/wp-json\/wp\/v2\/comments?post=8284"}],"version-history":[{"count":0,"href":"https:\/\/spa-quebec.ca\/ancien-site\/wp-json\/wp\/v2\/pages\/8284\/revisions"}],"wp:attachment":[{"href":"https:\/\/spa-quebec.ca\/ancien-site\/wp-json\/wp\/v2\/media?parent=8284"}],"curies":[{"name":"wp","href":"https:\/\/api.w.org\/{rel}","templated":true}]}}