{"id":9570,"date":"2024-09-06T11:14:27","date_gmt":"2024-09-06T15:14:27","guid":{"rendered":"https:\/\/spa-quebec.ca\/ancien-site\/?page_id=9570"},"modified":"2025-05-08T10:34:26","modified_gmt":"2025-05-08T14:34:26","slug":"candidatures_ca","status":"publish","type":"page","link":"https:\/\/spa-quebec.ca\/ancien-site\/candidatures_ca\/","title":{"rendered":"Appel de candidatures"},"content":{"rendered":"<style type=\"text\/css\"><\/style><p style=\"font-weight: 400;\"><strong><em>Appel de candidatures \u2014 Conseil d\u2019administration de la Soci\u00e9t\u00e9 protectrice des animaux de Qu\u00e9bec (SPA de Qu\u00e9bec)<\/em><\/strong><\/p>\n<p style=\"font-weight: 400;\">Vous \u00eates fous des animaux de compagnie\u2009? Vous avez leur bien-\u00eatre \u00e0 c\u0153ur\u2009?<\/p>\n<p style=\"font-weight: 400;\">Vous aimeriez faire une diff\u00e9rence aupr\u00e8s des animaux vuln\u00e9rables de la Capitale-Nationale\u2009?<\/p>\n<p style=\"font-weight: 400;\">Joignez-vous au conseil d\u2019administration de la SPA de Qu\u00e9bec.<\/p>\n<p style=\"font-weight: 400;\">La SPA de Qu\u00e9bec est un organisme sans but lucratif fond\u00e9 en 1875, qui a pour mission d\u2019<em>am\u00e9liorer la qualit\u00e9 de vie des animaux domestiques en contribuant \u00e0 leur sant\u00e9, leur bien-\u00eatre et leur s\u00e9curit\u00e9, et ce, tout en \u00e9duquant et en sensibilisant la population \u00e0 l\u2019importance de la vie animale.\u00a0* Nous ne recevons aucune subvention des trois paliers gouvernementaux.<\/em><\/p>\n<p style=\"font-weight: 400;\"><strong><u>Crit\u00e8res d\u2019admissibilit\u00e9<\/u><\/strong><\/p>\n<ul style=\"font-weight: 400;\">\n<li>\u00catre une personne physique (pas une entreprise ni un organisme)\u2009;<\/li>\n<li>Avoir 18\u00a0ans et plus\u2009;<\/li>\n<li>\u00catre r\u00e9sidant permanent de la r\u00e9gion de Qu\u00e9bec\u00a0;<\/li>\n<li>\u00catre membres actifs de l\u2019organisme.<\/li>\n<\/ul>\n<p style=\"font-weight: 400;\"><strong><u>Profil recherch\u00e9<\/u><\/strong><\/p>\n<p>Bien que non exclusifs, nous recherchons des candidats sp\u00e9cialis\u00e9s en\u00a0:<\/p>\n<ul>\n<li>Affaires l\u00e9gales<\/li>\n<li>Comptabilit\u00e9\/finances<\/li>\n<li>Philanthropie\/lev\u00e9e de fonds<\/li>\n<li>Immobilier\/ing\u00e9nierie\/construction<\/li>\n<li>Sant\u00e9 animale<\/li>\n<\/ul>\n<p>Nous vous invitons \u00e0 nous transmettre votre curriculum vitae et une lettre d\u2019intention \u00e0 <a href=\"mailto:ca@spadequebec.ca\"><b>ca@spadequebec.ca<\/b><\/a><\/p>\n<p style=\"font-weight: 400;\"><strong>Date limite de candidature\u00a0: 19\u00a0mai 2025<\/strong><br \/>\n<em>L\u2019\u00e9lection des nouveaux (elles) administrateurs(rices) se fera lors de l\u2019Assembl\u00e9e g\u00e9n\u00e9rale du 19\u00a0juin 2025.<\/em><\/p>\n<p style=\"font-weight: 400;\">\n","protected":false},"excerpt":{"rendered":"<p>Appel de candidatures \u2014 Conseil d\u2019administration de la Soci\u00e9t\u00e9 protectrice des animaux de Qu\u00e9bec (SPA de Qu\u00e9bec) Vous \u00eates fous des animaux de compagnie\u2009? Vous avez leur bien-\u00eatre \u00e0 c\u0153ur\u2009? Vous aimeriez faire une diff\u00e9rence aupr\u00e8s des animaux vuln\u00e9rables de la Capitale-Nationale\u2009? Joignez-vous au conseil d\u2019administration de la SPA de Qu\u00e9bec. La SPA de Qu\u00e9bec&#8230;<\/p>\n","protected":false},"author":21,"featured_media":0,"parent":0,"menu_order":0,"comment_status":"closed","ping_status":"closed","template":"","meta":{"_acf_changed":false,"footnotes":""},"class_list":["post-9570","page","type-page","status-publish","hentry"],"acf":[],"_links":{"self":[{"href":"https:\/\/spa-quebec.ca\/ancien-site\/wp-json\/wp\/v2\/pages\/9570","targetHints":{"allow":["GET"]}}],"collection":[{"href":"https:\/\/spa-quebec.ca\/ancien-site\/wp-json\/wp\/v2\/pages"}],"about":[{"href":"https:\/\/spa-quebec.ca\/ancien-site\/wp-json\/wp\/v2\/types\/page"}],"author":[{"embeddable":true,"href":"https:\/\/spa-quebec.ca\/ancien-site\/wp-json\/wp\/v2\/users\/21"}],"replies":[{"embeddable":true,"href":"https:\/\/spa-quebec.ca\/ancien-site\/wp-json\/wp\/v2\/comments?post=9570"}],"version-history":[{"count":26,"href":"https:\/\/spa-quebec.ca\/ancien-site\/wp-json\/wp\/v2\/pages\/9570\/revisions"}],"predecessor-version":[{"id":10457,"href":"https:\/\/spa-quebec.ca\/ancien-site\/wp-json\/wp\/v2\/pages\/9570\/revisions\/10457"}],"wp:attachment":[{"href":"https:\/\/spa-quebec.ca\/ancien-site\/wp-json\/wp\/v2\/media?parent=9570"}],"curies":[{"name":"wp","href":"https:\/\/api.w.org\/{rel}","templated":true}]}}